{"id":972,"date":"2025-11-18T13:11:43","date_gmt":"2025-11-18T12:11:43","guid":{"rendered":"https:\/\/dev.londoninstitute.cz\/bournemouth\/"},"modified":"2026-02-25T12:29:23","modified_gmt":"2026-02-25T11:29:23","slug":"bournemouth","status":"publish","type":"page","link":"https:\/\/londoninstitute.cz\/en\/bournemouth\/","title":{"rendered":"Bournemouth"},"content":{"rendered":"\n<p><strong>Scanbrit School of English<\/strong><\/p>\n\n<p>The school was founded in 1956 and is located in Bournemouth, on the southern coast of<br\/>England. It operates in two school buildings just 300 meters from the beach. The school<br\/>prides itself on a high success rate in FCE, CAE, CPE, and IELTS exams. General English    <\/p>\n\n<p><strong>Courses offered:<\/strong><\/p>\n\n<ul class=\"wp-block-list\">\n<li><strong>Part-time course \u2013 <\/strong>15 hours of General English tuition per week<\/li>\n\n\n\n<li><strong>Intensive course \u2013 <\/strong>25 lessons per week, morning and afternoon English tuition<\/li>\n\n\n\n<li><strong>Combined course \u2013 <\/strong>25 lessons of General English + 5 lessons of individual tuition per week<\/li>\n\n\n\n<li><strong>IELTS preparation courses<\/strong> \u2013 a 4-week preparation course for the international IELTS exam<\/li>\n\n\n\n<li><strong>Cambridge Exam Preparation Courses (PET, FCE, CAE, CPE) <\/strong>\u2013 the school organizes Cambridge exam preparation courses three times a year, with a duration of 9 or 12 weeks<\/li>\n\n\n\n<li><strong>IELTS Preparation Course<\/strong> \u2013 a preparation course for the international IELTS exam ranging from 2 to 23 weeks<\/li>\n\n\n\n<li><strong>Individual instruction<\/strong> \u2013 &#8220;One-to-one&#8221; individual instruction can be booked as an alternative to group courses or on its own<\/li>\n<\/ul>\n\n<p><strong>Accommodation<\/strong>: in English host families, with options for single or multi-bed rooms, including breakfast, half board, or full board. The school also offers accommodation in a summer school residence. <\/p>\n","protected":false},"excerpt":{"rendered":"<p>Scanbrit School of English The school was founded in 1956 and is located in Bournemouth, on the southern coast ofEngland. It operates in two school buildings just 300 meters from the beach. The schoolprides itself on a high success rate in FCE, CAE, CPE, and IELTS exams. General English Courses offered: Accommodation: in English host [&hellip;]<\/p>\n","protected":false},"author":1,"featured_media":0,"parent":0,"menu_order":0,"comment_status":"closed","ping_status":"closed","template":"","meta":{"_acf_changed":false,"inline_featured_image":false,"footnotes":""},"class_list":["post-972","page","type-page","status-publish","hentry"],"acf":[],"yoast_head":"<!-- This site is optimized with the Yoast SEO plugin v27.4 - https:\/\/yoast.com\/product\/yoast-seo-wordpress\/ -->\n<title>Bournemouth - London Institute<\/title>\n<meta name=\"robots\" content=\"index, follow, max-snippet:-1, max-image-preview:large, max-video-preview:-1\" \/>\n<link rel=\"canonical\" href=\"https:\/\/londoninstitute.cz\/en\/bournemouth\/\" \/>\n<meta property=\"og:locale\" content=\"en_US\" \/>\n<meta property=\"og:type\" content=\"article\" \/>\n<meta property=\"og:title\" content=\"Bournemouth - London Institute\" \/>\n<meta property=\"og:description\" content=\"Scanbrit School of English The school was founded in 1956 and is located in Bournemouth, on the southern coast ofEngland. It operates in two school buildings just 300 meters from the beach. The schoolprides itself on a high success rate in FCE, CAE, CPE, and IELTS exams. General English Courses offered: Accommodation: in English host [&hellip;]\" \/>\n<meta property=\"og:url\" content=\"https:\/\/londoninstitute.cz\/en\/bournemouth\/\" \/>\n<meta property=\"og:site_name\" content=\"London Institute\" \/>\n<meta property=\"article:modified_time\" content=\"2026-02-25T11:29:23+00:00\" \/>\n<meta property=\"og:image\" content=\"https:\/\/londoninstitute.cz\/wp-content\/uploads\/2025\/09\/og-image-london.jpg\" \/>\n\t<meta property=\"og:image:width\" content=\"1200\" \/>\n\t<meta property=\"og:image:height\" content=\"630\" \/>\n\t<meta property=\"og:image:type\" content=\"image\/jpeg\" \/>\n<meta name=\"twitter:card\" content=\"summary_large_image\" \/>\n<meta name=\"twitter:label1\" content=\"Est. reading time\" \/>\n\t<meta name=\"twitter:data1\" content=\"2 minutes\" \/>\n<script type=\"application\/ld+json\" class=\"yoast-schema-graph\">{\"@context\":\"https:\\\/\\\/schema.org\",\"@graph\":[{\"@type\":\"WebPage\",\"@id\":\"https:\\\/\\\/londoninstitute.cz\\\/en\\\/bournemouth\\\/\",\"url\":\"https:\\\/\\\/londoninstitute.cz\\\/en\\\/bournemouth\\\/\",\"name\":\"Bournemouth - London Institute\",\"isPartOf\":{\"@id\":\"https:\\\/\\\/londoninstitute.cz\\\/en\\\/#website\"},\"datePublished\":\"2025-11-18T12:11:43+00:00\",\"dateModified\":\"2026-02-25T11:29:23+00:00\",\"breadcrumb\":{\"@id\":\"https:\\\/\\\/londoninstitute.cz\\\/en\\\/bournemouth\\\/#breadcrumb\"},\"inLanguage\":\"en-US\",\"potentialAction\":[{\"@type\":\"ReadAction\",\"target\":[\"https:\\\/\\\/londoninstitute.cz\\\/en\\\/bournemouth\\\/\"]}]},{\"@type\":\"BreadcrumbList\",\"@id\":\"https:\\\/\\\/londoninstitute.cz\\\/en\\\/bournemouth\\\/#breadcrumb\",\"itemListElement\":[{\"@type\":\"ListItem\",\"position\":1,\"name\":\"Dom\u016f\",\"item\":\"https:\\\/\\\/londoninstitute.cz\\\/en\\\/\"},{\"@type\":\"ListItem\",\"position\":2,\"name\":\"Bournemouth\"}]},{\"@type\":\"WebSite\",\"@id\":\"https:\\\/\\\/londoninstitute.cz\\\/en\\\/#website\",\"url\":\"https:\\\/\\\/londoninstitute.cz\\\/en\\\/\",\"name\":\"London Institute\",\"description\":\"Jazykov\u00e1 \u0161kola, jazykov\u00e9 kurzy Praha\",\"potentialAction\":[{\"@type\":\"SearchAction\",\"target\":{\"@type\":\"EntryPoint\",\"urlTemplate\":\"https:\\\/\\\/londoninstitute.cz\\\/en\\\/?s={search_term_string}\"},\"query-input\":{\"@type\":\"PropertyValueSpecification\",\"valueRequired\":true,\"valueName\":\"search_term_string\"}}],\"inLanguage\":\"en-US\"}]}<\/script>\n<!-- \/ Yoast SEO plugin. -->","yoast_head_json":{"title":"Bournemouth - London Institute","robots":{"index":"index","follow":"follow","max-snippet":"max-snippet:-1","max-image-preview":"max-image-preview:large","max-video-preview":"max-video-preview:-1"},"canonical":"https:\/\/londoninstitute.cz\/en\/bournemouth\/","og_locale":"en_US","og_type":"article","og_title":"Bournemouth - London Institute","og_description":"Scanbrit School of English The school was founded in 1956 and is located in Bournemouth, on the southern coast ofEngland. It operates in two school buildings just 300 meters from the beach. The schoolprides itself on a high success rate in FCE, CAE, CPE, and IELTS exams. General English Courses offered: Accommodation: in English host [&hellip;]","og_url":"https:\/\/londoninstitute.cz\/en\/bournemouth\/","og_site_name":"London Institute","article_modified_time":"2026-02-25T11:29:23+00:00","og_image":[{"width":1200,"height":630,"url":"https:\/\/londoninstitute.cz\/wp-content\/uploads\/2025\/09\/og-image-london.jpg","type":"image\/jpeg"}],"twitter_card":"summary_large_image","twitter_misc":{"Est. reading time":"2 minutes"},"schema":{"@context":"https:\/\/schema.org","@graph":[{"@type":"WebPage","@id":"https:\/\/londoninstitute.cz\/en\/bournemouth\/","url":"https:\/\/londoninstitute.cz\/en\/bournemouth\/","name":"Bournemouth - London Institute","isPartOf":{"@id":"https:\/\/londoninstitute.cz\/en\/#website"},"datePublished":"2025-11-18T12:11:43+00:00","dateModified":"2026-02-25T11:29:23+00:00","breadcrumb":{"@id":"https:\/\/londoninstitute.cz\/en\/bournemouth\/#breadcrumb"},"inLanguage":"en-US","potentialAction":[{"@type":"ReadAction","target":["https:\/\/londoninstitute.cz\/en\/bournemouth\/"]}]},{"@type":"BreadcrumbList","@id":"https:\/\/londoninstitute.cz\/en\/bournemouth\/#breadcrumb","itemListElement":[{"@type":"ListItem","position":1,"name":"Dom\u016f","item":"https:\/\/londoninstitute.cz\/en\/"},{"@type":"ListItem","position":2,"name":"Bournemouth"}]},{"@type":"WebSite","@id":"https:\/\/londoninstitute.cz\/en\/#website","url":"https:\/\/londoninstitute.cz\/en\/","name":"London Institute","description":"Jazykov\u00e1 \u0161kola, jazykov\u00e9 kurzy Praha","potentialAction":[{"@type":"SearchAction","target":{"@type":"EntryPoint","urlTemplate":"https:\/\/londoninstitute.cz\/en\/?s={search_term_string}"},"query-input":{"@type":"PropertyValueSpecification","valueRequired":true,"valueName":"search_term_string"}}],"inLanguage":"en-US"}]}},"_links":{"self":[{"href":"https:\/\/londoninstitute.cz\/en\/wp-json\/wp\/v2\/pages\/972","targetHints":{"allow":["GET"]}}],"collection":[{"href":"https:\/\/londoninstitute.cz\/en\/wp-json\/wp\/v2\/pages"}],"about":[{"href":"https:\/\/londoninstitute.cz\/en\/wp-json\/wp\/v2\/types\/page"}],"author":[{"embeddable":true,"href":"https:\/\/londoninstitute.cz\/en\/wp-json\/wp\/v2\/users\/1"}],"replies":[{"embeddable":true,"href":"https:\/\/londoninstitute.cz\/en\/wp-json\/wp\/v2\/comments?post=972"}],"version-history":[{"count":1,"href":"https:\/\/londoninstitute.cz\/en\/wp-json\/wp\/v2\/pages\/972\/revisions"}],"predecessor-version":[{"id":974,"href":"https:\/\/londoninstitute.cz\/en\/wp-json\/wp\/v2\/pages\/972\/revisions\/974"}],"wp:attachment":[{"href":"https:\/\/londoninstitute.cz\/en\/wp-json\/wp\/v2\/media?parent=972"}],"curies":[{"name":"wp","href":"https:\/\/api.w.org\/{rel}","templated":true}]}}