{"id":970,"date":"2025-11-14T15:25:26","date_gmt":"2025-11-14T14:25:26","guid":{"rendered":"https:\/\/dev.londoninstitute.cz\/language-study-abroad-study-stays-abroad\/"},"modified":"2026-02-26T09:32:17","modified_gmt":"2026-02-26T08:32:17","slug":"language-study-abroad-study-stays-abroad","status":"publish","type":"page","link":"https:\/\/londoninstitute.cz\/en\/language-study-abroad-study-stays-abroad\/","title":{"rendered":"Language Study Abroad Study Stays Abroad"},"content":{"rendered":"\n<p><strong>Studying languages abroad<\/strong> teaches you a language quickly and effectively, while also allowing you to have fun and explore the world. <strong>Studying abroad<\/strong> is the best way to improve your language skills.<\/p>\n\n<p>Join us on study<strong> stays abroad<\/strong> and experience firsthand how studying in a foreign country rapidly enhances your knowledge of the local language.<strong> Study stays abroad<\/strong> accelerate your progress because spending time learning a language directly in the country allows you to absorb new words and expressions much faster. At the same time, studying abroad helps you become more confident in using the language, overcoming hesitation whenever you need to communicate in a foreign language. And that&#8217;s not all &#8211;<strong> study stays abroad<\/strong> open doors to new friendships, let you enjoy some fun, and allow you to discover interesting places and cultures.   <\/p>\n\n<p>With us, you can travel not only as a student but also for specialized managerial courses or children&#8217;s study programs. Studying abroad with London Institute Prague is suitable for everyone.<\/p>\n\n<p><strong>Study in the United Kingdom<\/strong> English in England<\/p>\n","protected":false},"excerpt":{"rendered":"<p>Studying languages abroad teaches you a language quickly and effectively, while also allowing you to have fun and explore the world. Studying abroad is the best way to improve your language skills. Join us on study stays abroad and experience firsthand how studying in a foreign country rapidly enhances your knowledge of the local language. [&hellip;]<\/p>\n","protected":false},"author":1,"featured_media":0,"parent":0,"menu_order":0,"comment_status":"closed","ping_status":"closed","template":"","meta":{"_acf_changed":false,"inline_featured_image":false,"footnotes":""},"class_list":["post-970","page","type-page","status-publish","hentry"],"acf":[],"yoast_head":"<!-- This site is optimized with the Yoast SEO plugin v25.9 - https:\/\/yoast.com\/wordpress\/plugins\/seo\/ -->\n<title>Language Study Abroad Study Stays Abroad - London Institute<\/title>\n<meta name=\"robots\" content=\"noindex, follow, max-snippet:-1, max-image-preview:large, max-video-preview:-1\" \/>\n<meta property=\"og:locale\" content=\"en_US\" \/>\n<meta property=\"og:type\" content=\"article\" \/>\n<meta property=\"og:title\" content=\"Language Study Abroad Study Stays Abroad - London Institute\" \/>\n<meta property=\"og:description\" content=\"Studying languages abroad teaches you a language quickly and effectively, while also allowing you to have fun and explore the world. Studying abroad is the best way to improve your language skills. Join us on study stays abroad and experience firsthand how studying in a foreign country rapidly enhances your knowledge of the local language. [&hellip;]\" \/>\n<meta property=\"og:url\" content=\"https:\/\/londoninstitute.cz\/en\/language-study-abroad-study-stays-abroad\/\" \/>\n<meta property=\"og:site_name\" content=\"London Institute\" \/>\n<meta property=\"article:modified_time\" content=\"2026-02-26T08:32:17+00:00\" \/>\n<meta property=\"og:image\" content=\"https:\/\/londoninstitute.cz\/wp-content\/uploads\/2025\/09\/og-image-london.jpg\" \/>\n\t<meta property=\"og:image:width\" content=\"1200\" \/>\n\t<meta property=\"og:image:height\" content=\"630\" \/>\n\t<meta property=\"og:image:type\" content=\"image\/jpeg\" \/>\n<meta name=\"twitter:card\" content=\"summary_large_image\" \/>\n<meta name=\"twitter:label1\" content=\"Est. reading time\" \/>\n\t<meta name=\"twitter:data1\" content=\"1 minute\" \/>\n<script type=\"application\/ld+json\" class=\"yoast-schema-graph\">{\"@context\":\"https:\/\/schema.org\",\"@graph\":[{\"@type\":\"WebPage\",\"@id\":\"https:\/\/londoninstitute.cz\/en\/language-study-abroad-study-stays-abroad\/\",\"url\":\"https:\/\/londoninstitute.cz\/en\/language-study-abroad-study-stays-abroad\/\",\"name\":\"Language Study Abroad Study Stays Abroad - London Institute\",\"isPartOf\":{\"@id\":\"https:\/\/dev.londoninstitute.cz\/en\/#website\"},\"datePublished\":\"2025-11-14T14:25:26+00:00\",\"dateModified\":\"2026-02-26T08:32:17+00:00\",\"breadcrumb\":{\"@id\":\"https:\/\/londoninstitute.cz\/en\/language-study-abroad-study-stays-abroad\/#breadcrumb\"},\"inLanguage\":\"en-US\",\"potentialAction\":[{\"@type\":\"ReadAction\",\"target\":[\"https:\/\/londoninstitute.cz\/en\/language-study-abroad-study-stays-abroad\/\"]}]},{\"@type\":\"BreadcrumbList\",\"@id\":\"https:\/\/londoninstitute.cz\/en\/language-study-abroad-study-stays-abroad\/#breadcrumb\",\"itemListElement\":[{\"@type\":\"ListItem\",\"position\":1,\"name\":\"Dom\u016f\",\"item\":\"https:\/\/dev.londoninstitute.cz\/en\/\"},{\"@type\":\"ListItem\",\"position\":2,\"name\":\"Language Study Abroad Study Stays Abroad\"}]},{\"@type\":\"WebSite\",\"@id\":\"https:\/\/dev.londoninstitute.cz\/en\/#website\",\"url\":\"https:\/\/dev.londoninstitute.cz\/en\/\",\"name\":\"London Institute\",\"description\":\"Jazykov\u00e1 \u0161kola, jazykov\u00e9 kurzy Praha\",\"potentialAction\":[{\"@type\":\"SearchAction\",\"target\":{\"@type\":\"EntryPoint\",\"urlTemplate\":\"https:\/\/dev.londoninstitute.cz\/en\/?s={search_term_string}\"},\"query-input\":{\"@type\":\"PropertyValueSpecification\",\"valueRequired\":true,\"valueName\":\"search_term_string\"}}],\"inLanguage\":\"en-US\"}]}<\/script>\n<!-- \/ Yoast SEO plugin. -->","yoast_head_json":{"title":"Language Study Abroad Study Stays Abroad - London Institute","robots":{"index":"noindex","follow":"follow","max-snippet":"max-snippet:-1","max-image-preview":"max-image-preview:large","max-video-preview":"max-video-preview:-1"},"og_locale":"en_US","og_type":"article","og_title":"Language Study Abroad Study Stays Abroad - London Institute","og_description":"Studying languages abroad teaches you a language quickly and effectively, while also allowing you to have fun and explore the world. Studying abroad is the best way to improve your language skills. Join us on study stays abroad and experience firsthand how studying in a foreign country rapidly enhances your knowledge of the local language. [&hellip;]","og_url":"https:\/\/londoninstitute.cz\/en\/language-study-abroad-study-stays-abroad\/","og_site_name":"London Institute","article_modified_time":"2026-02-26T08:32:17+00:00","og_image":[{"width":1200,"height":630,"url":"https:\/\/londoninstitute.cz\/wp-content\/uploads\/2025\/09\/og-image-london.jpg","type":"image\/jpeg"}],"twitter_card":"summary_large_image","twitter_misc":{"Est. reading time":"1 minute"},"schema":{"@context":"https:\/\/schema.org","@graph":[{"@type":"WebPage","@id":"https:\/\/londoninstitute.cz\/en\/language-study-abroad-study-stays-abroad\/","url":"https:\/\/londoninstitute.cz\/en\/language-study-abroad-study-stays-abroad\/","name":"Language Study Abroad Study Stays Abroad - London Institute","isPartOf":{"@id":"https:\/\/dev.londoninstitute.cz\/en\/#website"},"datePublished":"2025-11-14T14:25:26+00:00","dateModified":"2026-02-26T08:32:17+00:00","breadcrumb":{"@id":"https:\/\/londoninstitute.cz\/en\/language-study-abroad-study-stays-abroad\/#breadcrumb"},"inLanguage":"en-US","potentialAction":[{"@type":"ReadAction","target":["https:\/\/londoninstitute.cz\/en\/language-study-abroad-study-stays-abroad\/"]}]},{"@type":"BreadcrumbList","@id":"https:\/\/londoninstitute.cz\/en\/language-study-abroad-study-stays-abroad\/#breadcrumb","itemListElement":[{"@type":"ListItem","position":1,"name":"Dom\u016f","item":"https:\/\/dev.londoninstitute.cz\/en\/"},{"@type":"ListItem","position":2,"name":"Language Study Abroad Study Stays Abroad"}]},{"@type":"WebSite","@id":"https:\/\/dev.londoninstitute.cz\/en\/#website","url":"https:\/\/dev.londoninstitute.cz\/en\/","name":"London Institute","description":"Jazykov\u00e1 \u0161kola, jazykov\u00e9 kurzy Praha","potentialAction":[{"@type":"SearchAction","target":{"@type":"EntryPoint","urlTemplate":"https:\/\/dev.londoninstitute.cz\/en\/?s={search_term_string}"},"query-input":{"@type":"PropertyValueSpecification","valueRequired":true,"valueName":"search_term_string"}}],"inLanguage":"en-US"}]}},"_links":{"self":[{"href":"https:\/\/londoninstitute.cz\/en\/wp-json\/wp\/v2\/pages\/970","targetHints":{"allow":["GET"]}}],"collection":[{"href":"https:\/\/londoninstitute.cz\/en\/wp-json\/wp\/v2\/pages"}],"about":[{"href":"https:\/\/londoninstitute.cz\/en\/wp-json\/wp\/v2\/types\/page"}],"author":[{"embeddable":true,"href":"https:\/\/londoninstitute.cz\/en\/wp-json\/wp\/v2\/users\/1"}],"replies":[{"embeddable":true,"href":"https:\/\/londoninstitute.cz\/en\/wp-json\/wp\/v2\/comments?post=970"}],"version-history":[{"count":8,"href":"https:\/\/londoninstitute.cz\/en\/wp-json\/wp\/v2\/pages\/970\/revisions"}],"predecessor-version":[{"id":1125,"href":"https:\/\/londoninstitute.cz\/en\/wp-json\/wp\/v2\/pages\/970\/revisions\/1125"}],"wp:attachment":[{"href":"https:\/\/londoninstitute.cz\/en\/wp-json\/wp\/v2\/media?parent=970"}],"curies":[{"name":"wp","href":"https:\/\/api.w.org\/{rel}","templated":true}]}}