{"id":962,"date":"2025-09-08T15:02:26","date_gmt":"2025-09-08T13:02:26","guid":{"rendered":"https:\/\/dev.londoninstitute.cz\/firemni-kurzy\/english-for-marketing\/"},"modified":"2026-02-26T09:12:31","modified_gmt":"2026-02-26T08:12:31","slug":"english-for-marketing","status":"publish","type":"page","link":"https:\/\/londoninstitute.cz\/en\/firemni-kurzy\/english-for-marketing\/","title":{"rendered":"English for Marketing"},"content":{"rendered":"\n<p>The English for Marketing courses are specifically tailored for professionals working in the marketing sector.<\/p>\n\n<p>The course is taught by Kevin Thompson, who has been a permanent resident of the Czech Republic for nearly 20 years. During this time, he completed several courses with CIMA (Czech Institute of Marketing), worked as an English instructor, and held senior marketing positions in Prague, Frankfurt, and Budapest. Since early 2014, he has been fully dedicated to teaching English. Thanks to his long career in marketing and teaching, Kevin has become a specialist in English for marketing, management, and finance.   <\/p>\n\n<p><strong>Course content includes:<\/strong><\/p>\n\n<ul class=\"wp-block-list\">\n<li>Presentations<\/li>\n\n\n\n<li>Marketing-related vocabulary<\/li>\n\n\n\n<li>Client negotiations<\/li>\n\n\n\n<li>&#8220;branding&#8221;<\/li>\n\n\n\n<li>Sales promotion<\/li>\n\n\n\n<li>Social media<\/li>\n\n\n\n<li>Market forecasting<\/li>\n\n\n\n<li>Advertising<\/li>\n\n\n\n<li>And more<\/li>\n<\/ul>\n\n<p>The minimum English level required for enrollment is B2.<\/p>\n\n<p><strong>For more information about this course, click <a href=\"http:\/\/www.managementnews.cz\/rozhovory\/naucte-se-komunikovat-marketingovou-anglictinou-id-2834661\" target=\"_blank\" rel=\"noreferrer noopener\">here<\/a>.<\/strong><\/p>\n\n<p><strong>Take your online placement test <a href=\"https:\/\/dev.londoninstitute.cz\/en\/online-test\/\">here<\/a>.<\/strong><\/p>\n\n<p><\/p>\n","protected":false},"excerpt":{"rendered":"<p>The English for Marketing courses are specifically tailored for professionals working in the marketing sector. The course is taught by Kevin Thompson, who has been a permanent resident of the Czech Republic for nearly 20 years. During this time, he completed several courses with CIMA (Czech Institute of Marketing), worked as an English instructor, and [&hellip;]<\/p>\n","protected":false},"author":1,"featured_media":0,"parent":960,"menu_order":0,"comment_status":"closed","ping_status":"closed","template":"","meta":{"_acf_changed":false,"inline_featured_image":false,"footnotes":""},"class_list":["post-962","page","type-page","status-publish","hentry"],"acf":[],"yoast_head":"<!-- This site is optimized with the Yoast SEO plugin v25.9 - https:\/\/yoast.com\/wordpress\/plugins\/seo\/ -->\n<title>English for Marketing - London Institute<\/title>\n<meta name=\"robots\" content=\"noindex, follow, max-snippet:-1, max-image-preview:large, max-video-preview:-1\" \/>\n<meta property=\"og:locale\" content=\"en_US\" \/>\n<meta property=\"og:type\" content=\"article\" \/>\n<meta property=\"og:title\" content=\"English for Marketing - London Institute\" \/>\n<meta property=\"og:description\" content=\"The English for Marketing courses are specifically tailored for professionals working in the marketing sector. The course is taught by Kevin Thompson, who has been a permanent resident of the Czech Republic for nearly 20 years. During this time, he completed several courses with CIMA (Czech Institute of Marketing), worked as an English instructor, and [&hellip;]\" \/>\n<meta property=\"og:url\" content=\"https:\/\/londoninstitute.cz\/en\/firemni-kurzy\/english-for-marketing\/\" \/>\n<meta property=\"og:site_name\" content=\"London Institute\" \/>\n<meta property=\"article:modified_time\" content=\"2026-02-26T08:12:31+00:00\" \/>\n<meta property=\"og:image\" content=\"https:\/\/londoninstitute.cz\/wp-content\/uploads\/2025\/09\/og-image-london.jpg\" \/>\n\t<meta property=\"og:image:width\" content=\"1200\" \/>\n\t<meta property=\"og:image:height\" content=\"630\" \/>\n\t<meta property=\"og:image:type\" content=\"image\/jpeg\" \/>\n<meta name=\"twitter:card\" content=\"summary_large_image\" \/>\n<meta name=\"twitter:label1\" content=\"Est. reading time\" \/>\n\t<meta name=\"twitter:data1\" content=\"1 minute\" \/>\n<script type=\"application\/ld+json\" class=\"yoast-schema-graph\">{\"@context\":\"https:\/\/schema.org\",\"@graph\":[{\"@type\":\"WebPage\",\"@id\":\"https:\/\/londoninstitute.cz\/en\/firemni-kurzy\/english-for-marketing\/\",\"url\":\"https:\/\/londoninstitute.cz\/en\/firemni-kurzy\/english-for-marketing\/\",\"name\":\"English for Marketing - London Institute\",\"isPartOf\":{\"@id\":\"https:\/\/dev.londoninstitute.cz\/en\/#website\"},\"datePublished\":\"2025-09-08T13:02:26+00:00\",\"dateModified\":\"2026-02-26T08:12:31+00:00\",\"breadcrumb\":{\"@id\":\"https:\/\/londoninstitute.cz\/en\/firemni-kurzy\/english-for-marketing\/#breadcrumb\"},\"inLanguage\":\"en-US\",\"potentialAction\":[{\"@type\":\"ReadAction\",\"target\":[\"https:\/\/londoninstitute.cz\/en\/firemni-kurzy\/english-for-marketing\/\"]}]},{\"@type\":\"BreadcrumbList\",\"@id\":\"https:\/\/londoninstitute.cz\/en\/firemni-kurzy\/english-for-marketing\/#breadcrumb\",\"itemListElement\":[{\"@type\":\"ListItem\",\"position\":1,\"name\":\"Dom\u016f\",\"item\":\"https:\/\/dev.londoninstitute.cz\/en\/\"},{\"@type\":\"ListItem\",\"position\":2,\"name\":\"Corporate Language Courses &amp; Specialized English\",\"item\":\"https:\/\/dev.londoninstitute.cz\/en\/firemni-kurzy\/\"},{\"@type\":\"ListItem\",\"position\":3,\"name\":\"English for Marketing\"}]},{\"@type\":\"WebSite\",\"@id\":\"https:\/\/dev.londoninstitute.cz\/en\/#website\",\"url\":\"https:\/\/dev.londoninstitute.cz\/en\/\",\"name\":\"London Institute\",\"description\":\"Jazykov\u00e1 \u0161kola, jazykov\u00e9 kurzy Praha\",\"potentialAction\":[{\"@type\":\"SearchAction\",\"target\":{\"@type\":\"EntryPoint\",\"urlTemplate\":\"https:\/\/dev.londoninstitute.cz\/en\/?s={search_term_string}\"},\"query-input\":{\"@type\":\"PropertyValueSpecification\",\"valueRequired\":true,\"valueName\":\"search_term_string\"}}],\"inLanguage\":\"en-US\"}]}<\/script>\n<!-- \/ Yoast SEO plugin. -->","yoast_head_json":{"title":"English for Marketing - London Institute","robots":{"index":"noindex","follow":"follow","max-snippet":"max-snippet:-1","max-image-preview":"max-image-preview:large","max-video-preview":"max-video-preview:-1"},"og_locale":"en_US","og_type":"article","og_title":"English for Marketing - London Institute","og_description":"The English for Marketing courses are specifically tailored for professionals working in the marketing sector. The course is taught by Kevin Thompson, who has been a permanent resident of the Czech Republic for nearly 20 years. During this time, he completed several courses with CIMA (Czech Institute of Marketing), worked as an English instructor, and [&hellip;]","og_url":"https:\/\/londoninstitute.cz\/en\/firemni-kurzy\/english-for-marketing\/","og_site_name":"London Institute","article_modified_time":"2026-02-26T08:12:31+00:00","og_image":[{"width":1200,"height":630,"url":"https:\/\/londoninstitute.cz\/wp-content\/uploads\/2025\/09\/og-image-london.jpg","type":"image\/jpeg"}],"twitter_card":"summary_large_image","twitter_misc":{"Est. reading time":"1 minute"},"schema":{"@context":"https:\/\/schema.org","@graph":[{"@type":"WebPage","@id":"https:\/\/londoninstitute.cz\/en\/firemni-kurzy\/english-for-marketing\/","url":"https:\/\/londoninstitute.cz\/en\/firemni-kurzy\/english-for-marketing\/","name":"English for Marketing - London Institute","isPartOf":{"@id":"https:\/\/dev.londoninstitute.cz\/en\/#website"},"datePublished":"2025-09-08T13:02:26+00:00","dateModified":"2026-02-26T08:12:31+00:00","breadcrumb":{"@id":"https:\/\/londoninstitute.cz\/en\/firemni-kurzy\/english-for-marketing\/#breadcrumb"},"inLanguage":"en-US","potentialAction":[{"@type":"ReadAction","target":["https:\/\/londoninstitute.cz\/en\/firemni-kurzy\/english-for-marketing\/"]}]},{"@type":"BreadcrumbList","@id":"https:\/\/londoninstitute.cz\/en\/firemni-kurzy\/english-for-marketing\/#breadcrumb","itemListElement":[{"@type":"ListItem","position":1,"name":"Dom\u016f","item":"https:\/\/dev.londoninstitute.cz\/en\/"},{"@type":"ListItem","position":2,"name":"Corporate Language Courses &amp; Specialized English","item":"https:\/\/dev.londoninstitute.cz\/en\/firemni-kurzy\/"},{"@type":"ListItem","position":3,"name":"English for Marketing"}]},{"@type":"WebSite","@id":"https:\/\/dev.londoninstitute.cz\/en\/#website","url":"https:\/\/dev.londoninstitute.cz\/en\/","name":"London Institute","description":"Jazykov\u00e1 \u0161kola, jazykov\u00e9 kurzy Praha","potentialAction":[{"@type":"SearchAction","target":{"@type":"EntryPoint","urlTemplate":"https:\/\/dev.londoninstitute.cz\/en\/?s={search_term_string}"},"query-input":{"@type":"PropertyValueSpecification","valueRequired":true,"valueName":"search_term_string"}}],"inLanguage":"en-US"}]}},"_links":{"self":[{"href":"https:\/\/londoninstitute.cz\/en\/wp-json\/wp\/v2\/pages\/962","targetHints":{"allow":["GET"]}}],"collection":[{"href":"https:\/\/londoninstitute.cz\/en\/wp-json\/wp\/v2\/pages"}],"about":[{"href":"https:\/\/londoninstitute.cz\/en\/wp-json\/wp\/v2\/types\/page"}],"author":[{"embeddable":true,"href":"https:\/\/londoninstitute.cz\/en\/wp-json\/wp\/v2\/users\/1"}],"replies":[{"embeddable":true,"href":"https:\/\/londoninstitute.cz\/en\/wp-json\/wp\/v2\/comments?post=962"}],"version-history":[{"count":6,"href":"https:\/\/londoninstitute.cz\/en\/wp-json\/wp\/v2\/pages\/962\/revisions"}],"predecessor-version":[{"id":1111,"href":"https:\/\/londoninstitute.cz\/en\/wp-json\/wp\/v2\/pages\/962\/revisions\/1111"}],"up":[{"embeddable":true,"href":"https:\/\/londoninstitute.cz\/en\/wp-json\/wp\/v2\/pages\/960"}],"wp:attachment":[{"href":"https:\/\/londoninstitute.cz\/en\/wp-json\/wp\/v2\/media?parent=962"}],"curies":[{"name":"wp","href":"https:\/\/api.w.org\/{rel}","templated":true}]}}