{"id":960,"date":"2025-11-14T14:37:58","date_gmt":"2025-11-14T13:37:58","guid":{"rendered":"https:\/\/dev.londoninstitute.cz\/firemni-kurzy\/"},"modified":"2026-02-26T09:36:39","modified_gmt":"2026-02-26T08:36:39","slug":"firemni-kurzy","status":"publish","type":"page","link":"https:\/\/londoninstitute.cz\/en\/firemni-kurzy\/","title":{"rendered":"Corporate Language Courses &amp; Specialized English"},"content":{"rendered":"\n<p>We provide high-quality and thoroughly vetted<strong> corporate language courses.<\/strong> In addition to standard<strong> language lessons, <\/strong>conversation classes, and <strong>preparation for Cambridge exams<\/strong> (PET, FCE, CAE, IELTS), we also offer <strong>business English,<\/strong> including preparation for the BEC exam, and specialized English (economics, technical fields, marketing, etc.). There is also the option to study at our renowned partner schools.   <\/p>\n\n<p>The quality of teaching is ensured by a professional, highly qualified, and stable team of Czech and international instructors who use the unique <strong>Communicative Language <\/strong>Teaching method. Emphasis is placed primarily on interaction between students, interaction between students and the teacher, through various exercises, discussions, information exchange, dialogues, and role-play scenarios. For each study group, an individual study plan is prepared, tailored to specific language requirements, vocabulary, or terms from a selected industry.  <\/p>\n\n<p><strong>Corporate language courses<\/strong> can take place either at our premises or at your provided facilities.<\/p>\n\n<p>We offer the following support services:<\/p>\n\n<ul class=\"wp-block-list\">\n<li>Entry placement test and language level assessment<\/li>\n\n\n\n<li>Curriculum design and preparation<\/li>\n\n\n\n<li>Monitoring of the teaching process<\/li>\n\n\n\n<li>Regular testing and feedback<\/li>\n\n\n\n<li>Semester and final course evaluation<\/li>\n\n\n\n<li>Proposal for further course continuation<\/li>\n\n\n\n<li>Free consultancy<\/li>\n\n\n\n<li>Trial lesson at no cost<\/li>\n<\/ul>\n\n<p>For more information, please contact us at info@londoninstitute.cz<\/p>\n","protected":false},"excerpt":{"rendered":"<p>We provide high-quality and thoroughly vetted corporate language courses. In addition to standard language lessons, conversation classes, and preparation for Cambridge exams (PET, FCE, CAE, IELTS), we also offer business English, including preparation for the BEC exam, and specialized English (economics, technical fields, marketing, etc.). There is also the option to study at our renowned [&hellip;]<\/p>\n","protected":false},"author":1,"featured_media":0,"parent":0,"menu_order":0,"comment_status":"closed","ping_status":"closed","template":"","meta":{"_acf_changed":false,"inline_featured_image":false,"footnotes":""},"class_list":["post-960","page","type-page","status-publish","hentry"],"acf":[],"yoast_head":"<!-- This site is optimized with the Yoast SEO plugin v25.9 - https:\/\/yoast.com\/wordpress\/plugins\/seo\/ -->\n<title>Corporate Language Courses &amp; Specialized English - London Institute<\/title>\n<meta name=\"robots\" content=\"noindex, follow, max-snippet:-1, max-image-preview:large, max-video-preview:-1\" \/>\n<meta property=\"og:locale\" content=\"en_US\" \/>\n<meta property=\"og:type\" content=\"article\" \/>\n<meta property=\"og:title\" content=\"Corporate Language Courses &amp; Specialized English - London Institute\" \/>\n<meta property=\"og:description\" content=\"We provide high-quality and thoroughly vetted corporate language courses. In addition to standard language lessons, conversation classes, and preparation for Cambridge exams (PET, FCE, CAE, IELTS), we also offer business English, including preparation for the BEC exam, and specialized English (economics, technical fields, marketing, etc.). There is also the option to study at our renowned [&hellip;]\" \/>\n<meta property=\"og:url\" content=\"https:\/\/londoninstitute.cz\/en\/firemni-kurzy\/\" \/>\n<meta property=\"og:site_name\" content=\"London Institute\" \/>\n<meta property=\"article:modified_time\" content=\"2026-02-26T08:36:39+00:00\" \/>\n<meta property=\"og:image\" content=\"https:\/\/londoninstitute.cz\/wp-content\/uploads\/2025\/09\/og-image-london.jpg\" \/>\n\t<meta property=\"og:image:width\" content=\"1200\" \/>\n\t<meta property=\"og:image:height\" content=\"630\" \/>\n\t<meta property=\"og:image:type\" content=\"image\/jpeg\" \/>\n<meta name=\"twitter:card\" content=\"summary_large_image\" \/>\n<meta name=\"twitter:label1\" content=\"Est. reading time\" \/>\n\t<meta name=\"twitter:data1\" content=\"2 minutes\" \/>\n<script type=\"application\/ld+json\" class=\"yoast-schema-graph\">{\"@context\":\"https:\/\/schema.org\",\"@graph\":[{\"@type\":\"WebPage\",\"@id\":\"https:\/\/londoninstitute.cz\/en\/firemni-kurzy\/\",\"url\":\"https:\/\/londoninstitute.cz\/en\/firemni-kurzy\/\",\"name\":\"Corporate Language Courses &amp; Specialized English - London Institute\",\"isPartOf\":{\"@id\":\"https:\/\/dev.londoninstitute.cz\/en\/#website\"},\"datePublished\":\"2025-11-14T13:37:58+00:00\",\"dateModified\":\"2026-02-26T08:36:39+00:00\",\"breadcrumb\":{\"@id\":\"https:\/\/londoninstitute.cz\/en\/firemni-kurzy\/#breadcrumb\"},\"inLanguage\":\"en-US\",\"potentialAction\":[{\"@type\":\"ReadAction\",\"target\":[\"https:\/\/londoninstitute.cz\/en\/firemni-kurzy\/\"]}]},{\"@type\":\"BreadcrumbList\",\"@id\":\"https:\/\/londoninstitute.cz\/en\/firemni-kurzy\/#breadcrumb\",\"itemListElement\":[{\"@type\":\"ListItem\",\"position\":1,\"name\":\"Dom\u016f\",\"item\":\"https:\/\/dev.londoninstitute.cz\/en\/\"},{\"@type\":\"ListItem\",\"position\":2,\"name\":\"Corporate Language Courses &amp; Specialized English\"}]},{\"@type\":\"WebSite\",\"@id\":\"https:\/\/dev.londoninstitute.cz\/en\/#website\",\"url\":\"https:\/\/dev.londoninstitute.cz\/en\/\",\"name\":\"London Institute\",\"description\":\"Jazykov\u00e1 \u0161kola, jazykov\u00e9 kurzy Praha\",\"potentialAction\":[{\"@type\":\"SearchAction\",\"target\":{\"@type\":\"EntryPoint\",\"urlTemplate\":\"https:\/\/dev.londoninstitute.cz\/en\/?s={search_term_string}\"},\"query-input\":{\"@type\":\"PropertyValueSpecification\",\"valueRequired\":true,\"valueName\":\"search_term_string\"}}],\"inLanguage\":\"en-US\"}]}<\/script>\n<!-- \/ Yoast SEO plugin. -->","yoast_head_json":{"title":"Corporate Language Courses &amp; Specialized English - London Institute","robots":{"index":"noindex","follow":"follow","max-snippet":"max-snippet:-1","max-image-preview":"max-image-preview:large","max-video-preview":"max-video-preview:-1"},"og_locale":"en_US","og_type":"article","og_title":"Corporate Language Courses &amp; Specialized English - London Institute","og_description":"We provide high-quality and thoroughly vetted corporate language courses. In addition to standard language lessons, conversation classes, and preparation for Cambridge exams (PET, FCE, CAE, IELTS), we also offer business English, including preparation for the BEC exam, and specialized English (economics, technical fields, marketing, etc.). There is also the option to study at our renowned [&hellip;]","og_url":"https:\/\/londoninstitute.cz\/en\/firemni-kurzy\/","og_site_name":"London Institute","article_modified_time":"2026-02-26T08:36:39+00:00","og_image":[{"width":1200,"height":630,"url":"https:\/\/londoninstitute.cz\/wp-content\/uploads\/2025\/09\/og-image-london.jpg","type":"image\/jpeg"}],"twitter_card":"summary_large_image","twitter_misc":{"Est. reading time":"2 minutes"},"schema":{"@context":"https:\/\/schema.org","@graph":[{"@type":"WebPage","@id":"https:\/\/londoninstitute.cz\/en\/firemni-kurzy\/","url":"https:\/\/londoninstitute.cz\/en\/firemni-kurzy\/","name":"Corporate Language Courses &amp; Specialized English - London Institute","isPartOf":{"@id":"https:\/\/dev.londoninstitute.cz\/en\/#website"},"datePublished":"2025-11-14T13:37:58+00:00","dateModified":"2026-02-26T08:36:39+00:00","breadcrumb":{"@id":"https:\/\/londoninstitute.cz\/en\/firemni-kurzy\/#breadcrumb"},"inLanguage":"en-US","potentialAction":[{"@type":"ReadAction","target":["https:\/\/londoninstitute.cz\/en\/firemni-kurzy\/"]}]},{"@type":"BreadcrumbList","@id":"https:\/\/londoninstitute.cz\/en\/firemni-kurzy\/#breadcrumb","itemListElement":[{"@type":"ListItem","position":1,"name":"Dom\u016f","item":"https:\/\/dev.londoninstitute.cz\/en\/"},{"@type":"ListItem","position":2,"name":"Corporate Language Courses &amp; Specialized English"}]},{"@type":"WebSite","@id":"https:\/\/dev.londoninstitute.cz\/en\/#website","url":"https:\/\/dev.londoninstitute.cz\/en\/","name":"London Institute","description":"Jazykov\u00e1 \u0161kola, jazykov\u00e9 kurzy Praha","potentialAction":[{"@type":"SearchAction","target":{"@type":"EntryPoint","urlTemplate":"https:\/\/dev.londoninstitute.cz\/en\/?s={search_term_string}"},"query-input":{"@type":"PropertyValueSpecification","valueRequired":true,"valueName":"search_term_string"}}],"inLanguage":"en-US"}]}},"_links":{"self":[{"href":"https:\/\/londoninstitute.cz\/en\/wp-json\/wp\/v2\/pages\/960","targetHints":{"allow":["GET"]}}],"collection":[{"href":"https:\/\/londoninstitute.cz\/en\/wp-json\/wp\/v2\/pages"}],"about":[{"href":"https:\/\/londoninstitute.cz\/en\/wp-json\/wp\/v2\/types\/page"}],"author":[{"embeddable":true,"href":"https:\/\/londoninstitute.cz\/en\/wp-json\/wp\/v2\/users\/1"}],"replies":[{"embeddable":true,"href":"https:\/\/londoninstitute.cz\/en\/wp-json\/wp\/v2\/comments?post=960"}],"version-history":[{"count":9,"href":"https:\/\/londoninstitute.cz\/en\/wp-json\/wp\/v2\/pages\/960\/revisions"}],"predecessor-version":[{"id":1126,"href":"https:\/\/londoninstitute.cz\/en\/wp-json\/wp\/v2\/pages\/960\/revisions\/1126"}],"wp:attachment":[{"href":"https:\/\/londoninstitute.cz\/en\/wp-json\/wp\/v2\/media?parent=960"}],"curies":[{"name":"wp","href":"https:\/\/api.w.org\/{rel}","templated":true}]}}