{"id":957,"date":"2025-09-08T15:26:09","date_gmt":"2025-09-08T13:26:09","guid":{"rendered":"https:\/\/dev.londoninstitute.cz\/exam-preparation\/ielts-courses\/"},"modified":"2026-03-19T10:06:27","modified_gmt":"2026-03-19T09:06:27","slug":"ielts-courses","status":"publish","type":"page","link":"https:\/\/londoninstitute.cz\/en\/exam-preparation\/ielts-courses\/","title":{"rendered":"IELTS Courses"},"content":{"rendered":"\n<p><strong>IELTS <\/strong>is an internationally recognized exam designed for students whose native language<strong> is not English.<\/strong> You will need IELTS as an English language requirement if you plan to work or study at a university in an English-speaking country. These exams are recognized by universities and employers in many countries, including the United Kingdom, Australia, New Zealand, Canada, and the USA.  <br><br>IELTS has become increasingly popular for anyone seeking an English language qualification. The <strong>IELTS courses<\/strong> at London Institute are developed in collaboration with the <strong>University of Cambridge<\/strong> and assess your ability to <strong>study or train in English.<\/strong><\/p>\n\n\n\n<p><strong>The IELTS preparatory course <\/strong>is intended for advanced students with a minimum level of Upper-Intermediante.<\/p>\n\n\n\n<p>Over the past four years, students&#8217; average scores in the preparatory cohave been 7.0, with many achieving 7.5 or 8.0, and no student scoring below 6.0.  <\/p>\n\n\n\n<h2 class=\"wp-block-heading\">Winter Course 2025<\/h2>\n\n\n\n<p><strong>Dates: 7 October 2025 27 November 2025 <\/strong><\/p>\n\n\n\n<figure class=\"wp-block-table\"><table class=\"has-fixed-layout\"><tbody><tr><td>Day<\/td><td>Time<\/td><td>2x per week<\/td><\/tr><tr><td>Tuesday and Thursday<\/td><td>18.00 &#8211; 20.00<\/td><td>9,400 CZK<\/td><\/tr><\/tbody><\/table><\/figure>\n\n\n\n<p><strong>This course prepares students for both IELTS Academic and IELTS General Training exams on 29 November 2025 (computer-based). The exam fee is not included in the course price. <\/strong><\/p>\n\n\n\n<p><strong>Take the online placement test <a href=\"https:\/\/www.londoninstitute.cz\/testy\/test\">here<\/a>.<\/strong><\/p>\n\n\n\n<p><\/p>\n","protected":false},"excerpt":{"rendered":"<p>IELTS is an internationally recognized exam designed for students whose native language is not English. You will need IELTS as an English language requirement if you plan to work or study at a university in an English-speaking country. These exams are recognized by universities and employers in many countries, including the United Kingdom, Australia, New [&hellip;]<\/p>\n","protected":false},"author":1,"featured_media":0,"parent":946,"menu_order":0,"comment_status":"closed","ping_status":"closed","template":"","meta":{"_acf_changed":false,"inline_featured_image":false,"footnotes":""},"class_list":["post-957","page","type-page","status-publish","hentry"],"acf":[],"yoast_head":"<!-- This site is optimized with the Yoast SEO plugin v25.9 - https:\/\/yoast.com\/wordpress\/plugins\/seo\/ -->\n<title>IELTS Courses - London Institute<\/title>\n<meta name=\"robots\" content=\"noindex, follow, max-snippet:-1, max-image-preview:large, max-video-preview:-1\" \/>\n<meta property=\"og:locale\" content=\"en_US\" \/>\n<meta property=\"og:type\" content=\"article\" \/>\n<meta property=\"og:title\" content=\"IELTS Courses - London Institute\" \/>\n<meta property=\"og:description\" content=\"IELTS is an internationally recognized exam designed for students whose native language is not English. You will need IELTS as an English language requirement if you plan to work or study at a university in an English-speaking country. These exams are recognized by universities and employers in many countries, including the United Kingdom, Australia, New [&hellip;]\" \/>\n<meta property=\"og:url\" content=\"https:\/\/londoninstitute.cz\/en\/exam-preparation\/ielts-courses\/\" \/>\n<meta property=\"og:site_name\" content=\"London Institute\" \/>\n<meta property=\"article:modified_time\" content=\"2026-03-19T09:06:27+00:00\" \/>\n<meta property=\"og:image\" content=\"https:\/\/londoninstitute.cz\/wp-content\/uploads\/2025\/09\/og-image-london.jpg\" \/>\n\t<meta property=\"og:image:width\" content=\"1200\" \/>\n\t<meta property=\"og:image:height\" content=\"630\" \/>\n\t<meta property=\"og:image:type\" content=\"image\/jpeg\" \/>\n<meta name=\"twitter:card\" content=\"summary_large_image\" \/>\n<meta name=\"twitter:label1\" content=\"Est. reading time\" \/>\n\t<meta name=\"twitter:data1\" content=\"2 minutes\" \/>\n<script type=\"application\/ld+json\" class=\"yoast-schema-graph\">{\"@context\":\"https:\/\/schema.org\",\"@graph\":[{\"@type\":\"WebPage\",\"@id\":\"https:\/\/londoninstitute.cz\/en\/exam-preparation\/ielts-courses\/\",\"url\":\"https:\/\/londoninstitute.cz\/en\/exam-preparation\/ielts-courses\/\",\"name\":\"IELTS Courses - London Institute\",\"isPartOf\":{\"@id\":\"https:\/\/dev.londoninstitute.cz\/en\/#website\"},\"datePublished\":\"2025-09-08T13:26:09+00:00\",\"dateModified\":\"2026-03-19T09:06:27+00:00\",\"breadcrumb\":{\"@id\":\"https:\/\/londoninstitute.cz\/en\/exam-preparation\/ielts-courses\/#breadcrumb\"},\"inLanguage\":\"en-US\",\"potentialAction\":[{\"@type\":\"ReadAction\",\"target\":[\"https:\/\/londoninstitute.cz\/en\/exam-preparation\/ielts-courses\/\"]}]},{\"@type\":\"BreadcrumbList\",\"@id\":\"https:\/\/londoninstitute.cz\/en\/exam-preparation\/ielts-courses\/#breadcrumb\",\"itemListElement\":[{\"@type\":\"ListItem\",\"position\":1,\"name\":\"Dom\u016f\",\"item\":\"https:\/\/dev.londoninstitute.cz\/en\/\"},{\"@type\":\"ListItem\",\"position\":2,\"name\":\"Exam Preparation\",\"item\":\"https:\/\/dev.londoninstitute.cz\/en\/exam-preparation\/\"},{\"@type\":\"ListItem\",\"position\":3,\"name\":\"IELTS Courses\"}]},{\"@type\":\"WebSite\",\"@id\":\"https:\/\/dev.londoninstitute.cz\/en\/#website\",\"url\":\"https:\/\/dev.londoninstitute.cz\/en\/\",\"name\":\"London Institute\",\"description\":\"Jazykov\u00e1 \u0161kola, jazykov\u00e9 kurzy Praha\",\"potentialAction\":[{\"@type\":\"SearchAction\",\"target\":{\"@type\":\"EntryPoint\",\"urlTemplate\":\"https:\/\/dev.londoninstitute.cz\/en\/?s={search_term_string}\"},\"query-input\":{\"@type\":\"PropertyValueSpecification\",\"valueRequired\":true,\"valueName\":\"search_term_string\"}}],\"inLanguage\":\"en-US\"}]}<\/script>\n<!-- \/ Yoast SEO plugin. -->","yoast_head_json":{"title":"IELTS Courses - London Institute","robots":{"index":"noindex","follow":"follow","max-snippet":"max-snippet:-1","max-image-preview":"max-image-preview:large","max-video-preview":"max-video-preview:-1"},"og_locale":"en_US","og_type":"article","og_title":"IELTS Courses - London Institute","og_description":"IELTS is an internationally recognized exam designed for students whose native language is not English. You will need IELTS as an English language requirement if you plan to work or study at a university in an English-speaking country. These exams are recognized by universities and employers in many countries, including the United Kingdom, Australia, New [&hellip;]","og_url":"https:\/\/londoninstitute.cz\/en\/exam-preparation\/ielts-courses\/","og_site_name":"London Institute","article_modified_time":"2026-03-19T09:06:27+00:00","og_image":[{"width":1200,"height":630,"url":"https:\/\/londoninstitute.cz\/wp-content\/uploads\/2025\/09\/og-image-london.jpg","type":"image\/jpeg"}],"twitter_card":"summary_large_image","twitter_misc":{"Est. reading time":"2 minutes"},"schema":{"@context":"https:\/\/schema.org","@graph":[{"@type":"WebPage","@id":"https:\/\/londoninstitute.cz\/en\/exam-preparation\/ielts-courses\/","url":"https:\/\/londoninstitute.cz\/en\/exam-preparation\/ielts-courses\/","name":"IELTS Courses - London Institute","isPartOf":{"@id":"https:\/\/dev.londoninstitute.cz\/en\/#website"},"datePublished":"2025-09-08T13:26:09+00:00","dateModified":"2026-03-19T09:06:27+00:00","breadcrumb":{"@id":"https:\/\/londoninstitute.cz\/en\/exam-preparation\/ielts-courses\/#breadcrumb"},"inLanguage":"en-US","potentialAction":[{"@type":"ReadAction","target":["https:\/\/londoninstitute.cz\/en\/exam-preparation\/ielts-courses\/"]}]},{"@type":"BreadcrumbList","@id":"https:\/\/londoninstitute.cz\/en\/exam-preparation\/ielts-courses\/#breadcrumb","itemListElement":[{"@type":"ListItem","position":1,"name":"Dom\u016f","item":"https:\/\/dev.londoninstitute.cz\/en\/"},{"@type":"ListItem","position":2,"name":"Exam Preparation","item":"https:\/\/dev.londoninstitute.cz\/en\/exam-preparation\/"},{"@type":"ListItem","position":3,"name":"IELTS Courses"}]},{"@type":"WebSite","@id":"https:\/\/dev.londoninstitute.cz\/en\/#website","url":"https:\/\/dev.londoninstitute.cz\/en\/","name":"London Institute","description":"Jazykov\u00e1 \u0161kola, jazykov\u00e9 kurzy Praha","potentialAction":[{"@type":"SearchAction","target":{"@type":"EntryPoint","urlTemplate":"https:\/\/dev.londoninstitute.cz\/en\/?s={search_term_string}"},"query-input":{"@type":"PropertyValueSpecification","valueRequired":true,"valueName":"search_term_string"}}],"inLanguage":"en-US"}]}},"_links":{"self":[{"href":"https:\/\/londoninstitute.cz\/en\/wp-json\/wp\/v2\/pages\/957","targetHints":{"allow":["GET"]}}],"collection":[{"href":"https:\/\/londoninstitute.cz\/en\/wp-json\/wp\/v2\/pages"}],"about":[{"href":"https:\/\/londoninstitute.cz\/en\/wp-json\/wp\/v2\/types\/page"}],"author":[{"embeddable":true,"href":"https:\/\/londoninstitute.cz\/en\/wp-json\/wp\/v2\/users\/1"}],"replies":[{"embeddable":true,"href":"https:\/\/londoninstitute.cz\/en\/wp-json\/wp\/v2\/comments?post=957"}],"version-history":[{"count":13,"href":"https:\/\/londoninstitute.cz\/en\/wp-json\/wp\/v2\/pages\/957\/revisions"}],"predecessor-version":[{"id":1420,"href":"https:\/\/londoninstitute.cz\/en\/wp-json\/wp\/v2\/pages\/957\/revisions\/1420"}],"up":[{"embeddable":true,"href":"https:\/\/londoninstitute.cz\/en\/wp-json\/wp\/v2\/pages\/946"}],"wp:attachment":[{"href":"https:\/\/londoninstitute.cz\/en\/wp-json\/wp\/v2\/media?parent=957"}],"curies":[{"name":"wp","href":"https:\/\/api.w.org\/{rel}","templated":true}]}}