{"id":953,"date":"2025-09-08T15:25:23","date_gmt":"2025-09-08T13:25:23","guid":{"rendered":"https:\/\/dev.londoninstitute.cz\/exam-preparation\/proficiency-cpe\/"},"modified":"2026-03-13T15:00:02","modified_gmt":"2026-03-13T14:00:02","slug":"proficiency-cpe","status":"publish","type":"page","link":"https:\/\/londoninstitute.cz\/en\/exam-preparation\/proficiency-cpe\/","title":{"rendered":"Proficiency (CPE)"},"content":{"rendered":"\n<p>The<strong> CPE <\/strong>(Certificate of Proficiency in English) is a Cambridge <strong>English exam<\/strong> and one of the most internationally recognized qualifications. It is highly valued by employers and foreign universities as proof of English proficiency. <strong>CPE exams<\/strong> are held in December, March, and June. <\/p>\n\n<h2 class=\"wp-block-heading\">The Certificate of Proficiency in English (CPE Level 5)<\/h2>\n\n<p>is one of the longest-established and most challenging exams in the Cambridge series. Holding a CPE certificate demonstrates a high level of English proficiency. Generally, the CPE is recognized by higher education institutions worldwide, including nearly all universities in the United Kingdom, and by many employers globally.   <\/p>\n\n<h2 class=\"wp-block-heading\">The CPE test consists of:<\/h2>\n\n<ul class=\"wp-block-list\">\n<li>Reading: 1 hour 30 minutes<\/li>\n\n\n\n<li>Writing: 2 hours<\/li>\n\n\n\n<li>Use of English: 1 hour 30 minutes<\/li>\n\n\n\n<li>Listening: approx. 40 minutes<\/li>\n\n\n\n<li>Speaking: approx. 19 minutes<\/li>\n<\/ul>\n","protected":false},"excerpt":{"rendered":"<p>The CPE (Certificate of Proficiency in English) is a Cambridge English exam and one of the most internationally recognized qualifications. It is highly valued by employers and foreign universities as proof of English proficiency. CPE exams are held in December, March, and June. The Certificate of Proficiency in English (CPE Level 5) is one of [&hellip;]<\/p>\n","protected":false},"author":1,"featured_media":0,"parent":946,"menu_order":0,"comment_status":"closed","ping_status":"closed","template":"","meta":{"_acf_changed":false,"inline_featured_image":false,"footnotes":""},"class_list":["post-953","page","type-page","status-publish","hentry"],"acf":[],"yoast_head":"<!-- This site is optimized with the Yoast SEO plugin v25.9 - https:\/\/yoast.com\/wordpress\/plugins\/seo\/ -->\n<title>Proficiency (CPE) - London Institute<\/title>\n<meta name=\"robots\" content=\"noindex, follow, max-snippet:-1, max-image-preview:large, max-video-preview:-1\" \/>\n<meta property=\"og:locale\" content=\"en_US\" \/>\n<meta property=\"og:type\" content=\"article\" \/>\n<meta property=\"og:title\" content=\"Proficiency (CPE) - London Institute\" \/>\n<meta property=\"og:description\" content=\"The CPE (Certificate of Proficiency in English) is a Cambridge English exam and one of the most internationally recognized qualifications. It is highly valued by employers and foreign universities as proof of English proficiency. CPE exams are held in December, March, and June. The Certificate of Proficiency in English (CPE Level 5) is one of [&hellip;]\" \/>\n<meta property=\"og:url\" content=\"https:\/\/londoninstitute.cz\/en\/exam-preparation\/proficiency-cpe\/\" \/>\n<meta property=\"og:site_name\" content=\"London Institute\" \/>\n<meta property=\"article:modified_time\" content=\"2026-03-13T14:00:02+00:00\" \/>\n<meta property=\"og:image\" content=\"https:\/\/londoninstitute.cz\/wp-content\/uploads\/2025\/09\/og-image-london.jpg\" \/>\n\t<meta property=\"og:image:width\" content=\"1200\" \/>\n\t<meta property=\"og:image:height\" content=\"630\" \/>\n\t<meta property=\"og:image:type\" content=\"image\/jpeg\" \/>\n<meta name=\"twitter:card\" content=\"summary_large_image\" \/>\n<meta name=\"twitter:label1\" content=\"Est. reading time\" \/>\n\t<meta name=\"twitter:data1\" content=\"1 minute\" \/>\n<script type=\"application\/ld+json\" class=\"yoast-schema-graph\">{\"@context\":\"https:\/\/schema.org\",\"@graph\":[{\"@type\":\"WebPage\",\"@id\":\"https:\/\/londoninstitute.cz\/en\/exam-preparation\/proficiency-cpe\/\",\"url\":\"https:\/\/londoninstitute.cz\/en\/exam-preparation\/proficiency-cpe\/\",\"name\":\"Proficiency (CPE) - London Institute\",\"isPartOf\":{\"@id\":\"https:\/\/dev.londoninstitute.cz\/en\/#website\"},\"datePublished\":\"2025-09-08T13:25:23+00:00\",\"dateModified\":\"2026-03-13T14:00:02+00:00\",\"breadcrumb\":{\"@id\":\"https:\/\/londoninstitute.cz\/en\/exam-preparation\/proficiency-cpe\/#breadcrumb\"},\"inLanguage\":\"en-US\",\"potentialAction\":[{\"@type\":\"ReadAction\",\"target\":[\"https:\/\/londoninstitute.cz\/en\/exam-preparation\/proficiency-cpe\/\"]}]},{\"@type\":\"BreadcrumbList\",\"@id\":\"https:\/\/londoninstitute.cz\/en\/exam-preparation\/proficiency-cpe\/#breadcrumb\",\"itemListElement\":[{\"@type\":\"ListItem\",\"position\":1,\"name\":\"Dom\u016f\",\"item\":\"https:\/\/dev.londoninstitute.cz\/en\/\"},{\"@type\":\"ListItem\",\"position\":2,\"name\":\"Exam Preparation\",\"item\":\"https:\/\/dev.londoninstitute.cz\/en\/exam-preparation\/\"},{\"@type\":\"ListItem\",\"position\":3,\"name\":\"Proficiency (CPE)\"}]},{\"@type\":\"WebSite\",\"@id\":\"https:\/\/dev.londoninstitute.cz\/en\/#website\",\"url\":\"https:\/\/dev.londoninstitute.cz\/en\/\",\"name\":\"London Institute\",\"description\":\"Jazykov\u00e1 \u0161kola, jazykov\u00e9 kurzy Praha\",\"potentialAction\":[{\"@type\":\"SearchAction\",\"target\":{\"@type\":\"EntryPoint\",\"urlTemplate\":\"https:\/\/dev.londoninstitute.cz\/en\/?s={search_term_string}\"},\"query-input\":{\"@type\":\"PropertyValueSpecification\",\"valueRequired\":true,\"valueName\":\"search_term_string\"}}],\"inLanguage\":\"en-US\"}]}<\/script>\n<!-- \/ Yoast SEO plugin. -->","yoast_head_json":{"title":"Proficiency (CPE) - London Institute","robots":{"index":"noindex","follow":"follow","max-snippet":"max-snippet:-1","max-image-preview":"max-image-preview:large","max-video-preview":"max-video-preview:-1"},"og_locale":"en_US","og_type":"article","og_title":"Proficiency (CPE) - London Institute","og_description":"The CPE (Certificate of Proficiency in English) is a Cambridge English exam and one of the most internationally recognized qualifications. It is highly valued by employers and foreign universities as proof of English proficiency. CPE exams are held in December, March, and June. The Certificate of Proficiency in English (CPE Level 5) is one of [&hellip;]","og_url":"https:\/\/londoninstitute.cz\/en\/exam-preparation\/proficiency-cpe\/","og_site_name":"London Institute","article_modified_time":"2026-03-13T14:00:02+00:00","og_image":[{"width":1200,"height":630,"url":"https:\/\/londoninstitute.cz\/wp-content\/uploads\/2025\/09\/og-image-london.jpg","type":"image\/jpeg"}],"twitter_card":"summary_large_image","twitter_misc":{"Est. reading time":"1 minute"},"schema":{"@context":"https:\/\/schema.org","@graph":[{"@type":"WebPage","@id":"https:\/\/londoninstitute.cz\/en\/exam-preparation\/proficiency-cpe\/","url":"https:\/\/londoninstitute.cz\/en\/exam-preparation\/proficiency-cpe\/","name":"Proficiency (CPE) - London Institute","isPartOf":{"@id":"https:\/\/dev.londoninstitute.cz\/en\/#website"},"datePublished":"2025-09-08T13:25:23+00:00","dateModified":"2026-03-13T14:00:02+00:00","breadcrumb":{"@id":"https:\/\/londoninstitute.cz\/en\/exam-preparation\/proficiency-cpe\/#breadcrumb"},"inLanguage":"en-US","potentialAction":[{"@type":"ReadAction","target":["https:\/\/londoninstitute.cz\/en\/exam-preparation\/proficiency-cpe\/"]}]},{"@type":"BreadcrumbList","@id":"https:\/\/londoninstitute.cz\/en\/exam-preparation\/proficiency-cpe\/#breadcrumb","itemListElement":[{"@type":"ListItem","position":1,"name":"Dom\u016f","item":"https:\/\/dev.londoninstitute.cz\/en\/"},{"@type":"ListItem","position":2,"name":"Exam Preparation","item":"https:\/\/dev.londoninstitute.cz\/en\/exam-preparation\/"},{"@type":"ListItem","position":3,"name":"Proficiency (CPE)"}]},{"@type":"WebSite","@id":"https:\/\/dev.londoninstitute.cz\/en\/#website","url":"https:\/\/dev.londoninstitute.cz\/en\/","name":"London Institute","description":"Jazykov\u00e1 \u0161kola, jazykov\u00e9 kurzy Praha","potentialAction":[{"@type":"SearchAction","target":{"@type":"EntryPoint","urlTemplate":"https:\/\/dev.londoninstitute.cz\/en\/?s={search_term_string}"},"query-input":{"@type":"PropertyValueSpecification","valueRequired":true,"valueName":"search_term_string"}}],"inLanguage":"en-US"}]}},"_links":{"self":[{"href":"https:\/\/londoninstitute.cz\/en\/wp-json\/wp\/v2\/pages\/953","targetHints":{"allow":["GET"]}}],"collection":[{"href":"https:\/\/londoninstitute.cz\/en\/wp-json\/wp\/v2\/pages"}],"about":[{"href":"https:\/\/londoninstitute.cz\/en\/wp-json\/wp\/v2\/types\/page"}],"author":[{"embeddable":true,"href":"https:\/\/londoninstitute.cz\/en\/wp-json\/wp\/v2\/users\/1"}],"replies":[{"embeddable":true,"href":"https:\/\/londoninstitute.cz\/en\/wp-json\/wp\/v2\/comments?post=953"}],"version-history":[{"count":7,"href":"https:\/\/londoninstitute.cz\/en\/wp-json\/wp\/v2\/pages\/953\/revisions"}],"predecessor-version":[{"id":1082,"href":"https:\/\/londoninstitute.cz\/en\/wp-json\/wp\/v2\/pages\/953\/revisions\/1082"}],"up":[{"embeddable":true,"href":"https:\/\/londoninstitute.cz\/en\/wp-json\/wp\/v2\/pages\/946"}],"wp:attachment":[{"href":"https:\/\/londoninstitute.cz\/en\/wp-json\/wp\/v2\/media?parent=953"}],"curies":[{"name":"wp","href":"https:\/\/api.w.org\/{rel}","templated":true}]}}