{"id":951,"date":"2025-09-08T15:24:40","date_gmt":"2025-09-08T13:24:40","guid":{"rendered":"https:\/\/dev.londoninstitute.cz\/exam-preparation\/c1-advanced-cae\/"},"modified":"2026-03-19T10:06:07","modified_gmt":"2026-03-19T09:06:07","slug":"c1-advanced-cae","status":"publish","type":"page","link":"https:\/\/londoninstitute.cz\/en\/exam-preparation\/c1-advanced-cae\/","title":{"rendered":"C1 Advanced (CAE)"},"content":{"rendered":"\n<p>The main goal of the<strong> C1 Advanced (CAE)<\/strong> course is to prepare participants for the CAE exam. It is considered a more demanding course due to the higher level of English required, both in written expression and, in particular, in comprehension and conversational skills.  <\/p>\n\n\n\n<p>The CAE test consists of four parts: Reading and Use of English, Writing, Listening, Speaking<\/p>\n\n\n\n<p>CAE exams are held several times a year (usually in December, March, and June). Our preparatory courses are designed to lead up to these official exam dates. The courses closely follow the exam syllabus: students refine grammar, improve listening skills, and expand their English vocabulary to a level that enables them to successfully pass the challenging CAE test. Students also learn essential exam techniques to ensure they feel confident on exam day.    <\/p>\n\n\n\n<p><strong>Take the online placement test <a href=\"https:\/\/www.londoninstitute.cz\/testy\/test\">here<\/a>.<\/strong><\/p>\n\n\n\n<p><a href=\"https:\/\/www.jazykovky.cz\/certifikaty\/osobni-doporuceni-LONDON-INSTITUTE-PRAHA-s-r-o-Jazykova-skola-LONDON-INSTITUTE-PRAHA-s-r-o-Praha-1-paZHNhST.pdf\">Referrals from students<\/a><\/p>\n","protected":false},"excerpt":{"rendered":"<p>The main goal of the C1 Advanced (CAE) course is to prepare participants for the CAE exam. It is considered a more demanding course due to the higher level of English required, both in written expression and, in particular, in comprehension and conversational skills. The CAE test consists of four parts: Reading and Use of [&hellip;]<\/p>\n","protected":false},"author":1,"featured_media":0,"parent":946,"menu_order":0,"comment_status":"closed","ping_status":"closed","template":"","meta":{"_acf_changed":false,"inline_featured_image":false,"footnotes":""},"class_list":["post-951","page","type-page","status-publish","hentry"],"acf":[],"yoast_head":"<!-- This site is optimized with the Yoast SEO plugin v25.9 - https:\/\/yoast.com\/wordpress\/plugins\/seo\/ -->\n<title>C1 Advanced (CAE) - London Institute<\/title>\n<meta name=\"robots\" content=\"noindex, follow, max-snippet:-1, max-image-preview:large, max-video-preview:-1\" \/>\n<meta property=\"og:locale\" content=\"en_US\" \/>\n<meta property=\"og:type\" content=\"article\" \/>\n<meta property=\"og:title\" content=\"C1 Advanced (CAE) - London Institute\" \/>\n<meta property=\"og:description\" content=\"The main goal of the C1 Advanced (CAE) course is to prepare participants for the CAE exam. It is considered a more demanding course due to the higher level of English required, both in written expression and, in particular, in comprehension and conversational skills. The CAE test consists of four parts: Reading and Use of [&hellip;]\" \/>\n<meta property=\"og:url\" content=\"https:\/\/londoninstitute.cz\/en\/exam-preparation\/c1-advanced-cae\/\" \/>\n<meta property=\"og:site_name\" content=\"London Institute\" \/>\n<meta property=\"article:modified_time\" content=\"2026-03-19T09:06:07+00:00\" \/>\n<meta property=\"og:image\" content=\"https:\/\/londoninstitute.cz\/wp-content\/uploads\/2025\/09\/og-image-london.jpg\" \/>\n\t<meta property=\"og:image:width\" content=\"1200\" \/>\n\t<meta property=\"og:image:height\" content=\"630\" \/>\n\t<meta property=\"og:image:type\" content=\"image\/jpeg\" \/>\n<meta name=\"twitter:card\" content=\"summary_large_image\" \/>\n<meta name=\"twitter:label1\" content=\"Est. reading time\" \/>\n\t<meta name=\"twitter:data1\" content=\"1 minute\" \/>\n<script type=\"application\/ld+json\" class=\"yoast-schema-graph\">{\"@context\":\"https:\/\/schema.org\",\"@graph\":[{\"@type\":\"WebPage\",\"@id\":\"https:\/\/londoninstitute.cz\/en\/exam-preparation\/c1-advanced-cae\/\",\"url\":\"https:\/\/londoninstitute.cz\/en\/exam-preparation\/c1-advanced-cae\/\",\"name\":\"C1 Advanced (CAE) - London Institute\",\"isPartOf\":{\"@id\":\"https:\/\/dev.londoninstitute.cz\/en\/#website\"},\"datePublished\":\"2025-09-08T13:24:40+00:00\",\"dateModified\":\"2026-03-19T09:06:07+00:00\",\"breadcrumb\":{\"@id\":\"https:\/\/londoninstitute.cz\/en\/exam-preparation\/c1-advanced-cae\/#breadcrumb\"},\"inLanguage\":\"en-US\",\"potentialAction\":[{\"@type\":\"ReadAction\",\"target\":[\"https:\/\/londoninstitute.cz\/en\/exam-preparation\/c1-advanced-cae\/\"]}]},{\"@type\":\"BreadcrumbList\",\"@id\":\"https:\/\/londoninstitute.cz\/en\/exam-preparation\/c1-advanced-cae\/#breadcrumb\",\"itemListElement\":[{\"@type\":\"ListItem\",\"position\":1,\"name\":\"Dom\u016f\",\"item\":\"https:\/\/dev.londoninstitute.cz\/en\/\"},{\"@type\":\"ListItem\",\"position\":2,\"name\":\"Exam Preparation\",\"item\":\"https:\/\/dev.londoninstitute.cz\/en\/exam-preparation\/\"},{\"@type\":\"ListItem\",\"position\":3,\"name\":\"C1 Advanced (CAE)\"}]},{\"@type\":\"WebSite\",\"@id\":\"https:\/\/dev.londoninstitute.cz\/en\/#website\",\"url\":\"https:\/\/dev.londoninstitute.cz\/en\/\",\"name\":\"London Institute\",\"description\":\"Jazykov\u00e1 \u0161kola, jazykov\u00e9 kurzy Praha\",\"potentialAction\":[{\"@type\":\"SearchAction\",\"target\":{\"@type\":\"EntryPoint\",\"urlTemplate\":\"https:\/\/dev.londoninstitute.cz\/en\/?s={search_term_string}\"},\"query-input\":{\"@type\":\"PropertyValueSpecification\",\"valueRequired\":true,\"valueName\":\"search_term_string\"}}],\"inLanguage\":\"en-US\"}]}<\/script>\n<!-- \/ Yoast SEO plugin. -->","yoast_head_json":{"title":"C1 Advanced (CAE) - London Institute","robots":{"index":"noindex","follow":"follow","max-snippet":"max-snippet:-1","max-image-preview":"max-image-preview:large","max-video-preview":"max-video-preview:-1"},"og_locale":"en_US","og_type":"article","og_title":"C1 Advanced (CAE) - London Institute","og_description":"The main goal of the C1 Advanced (CAE) course is to prepare participants for the CAE exam. It is considered a more demanding course due to the higher level of English required, both in written expression and, in particular, in comprehension and conversational skills. The CAE test consists of four parts: Reading and Use of [&hellip;]","og_url":"https:\/\/londoninstitute.cz\/en\/exam-preparation\/c1-advanced-cae\/","og_site_name":"London Institute","article_modified_time":"2026-03-19T09:06:07+00:00","og_image":[{"width":1200,"height":630,"url":"https:\/\/londoninstitute.cz\/wp-content\/uploads\/2025\/09\/og-image-london.jpg","type":"image\/jpeg"}],"twitter_card":"summary_large_image","twitter_misc":{"Est. reading time":"1 minute"},"schema":{"@context":"https:\/\/schema.org","@graph":[{"@type":"WebPage","@id":"https:\/\/londoninstitute.cz\/en\/exam-preparation\/c1-advanced-cae\/","url":"https:\/\/londoninstitute.cz\/en\/exam-preparation\/c1-advanced-cae\/","name":"C1 Advanced (CAE) - London Institute","isPartOf":{"@id":"https:\/\/dev.londoninstitute.cz\/en\/#website"},"datePublished":"2025-09-08T13:24:40+00:00","dateModified":"2026-03-19T09:06:07+00:00","breadcrumb":{"@id":"https:\/\/londoninstitute.cz\/en\/exam-preparation\/c1-advanced-cae\/#breadcrumb"},"inLanguage":"en-US","potentialAction":[{"@type":"ReadAction","target":["https:\/\/londoninstitute.cz\/en\/exam-preparation\/c1-advanced-cae\/"]}]},{"@type":"BreadcrumbList","@id":"https:\/\/londoninstitute.cz\/en\/exam-preparation\/c1-advanced-cae\/#breadcrumb","itemListElement":[{"@type":"ListItem","position":1,"name":"Dom\u016f","item":"https:\/\/dev.londoninstitute.cz\/en\/"},{"@type":"ListItem","position":2,"name":"Exam Preparation","item":"https:\/\/dev.londoninstitute.cz\/en\/exam-preparation\/"},{"@type":"ListItem","position":3,"name":"C1 Advanced (CAE)"}]},{"@type":"WebSite","@id":"https:\/\/dev.londoninstitute.cz\/en\/#website","url":"https:\/\/dev.londoninstitute.cz\/en\/","name":"London Institute","description":"Jazykov\u00e1 \u0161kola, jazykov\u00e9 kurzy Praha","potentialAction":[{"@type":"SearchAction","target":{"@type":"EntryPoint","urlTemplate":"https:\/\/dev.londoninstitute.cz\/en\/?s={search_term_string}"},"query-input":{"@type":"PropertyValueSpecification","valueRequired":true,"valueName":"search_term_string"}}],"inLanguage":"en-US"}]}},"_links":{"self":[{"href":"https:\/\/londoninstitute.cz\/en\/wp-json\/wp\/v2\/pages\/951","targetHints":{"allow":["GET"]}}],"collection":[{"href":"https:\/\/londoninstitute.cz\/en\/wp-json\/wp\/v2\/pages"}],"about":[{"href":"https:\/\/londoninstitute.cz\/en\/wp-json\/wp\/v2\/types\/page"}],"author":[{"embeddable":true,"href":"https:\/\/londoninstitute.cz\/en\/wp-json\/wp\/v2\/users\/1"}],"replies":[{"embeddable":true,"href":"https:\/\/londoninstitute.cz\/en\/wp-json\/wp\/v2\/comments?post=951"}],"version-history":[{"count":9,"href":"https:\/\/londoninstitute.cz\/en\/wp-json\/wp\/v2\/pages\/951\/revisions"}],"predecessor-version":[{"id":1419,"href":"https:\/\/londoninstitute.cz\/en\/wp-json\/wp\/v2\/pages\/951\/revisions\/1419"}],"up":[{"embeddable":true,"href":"https:\/\/londoninstitute.cz\/en\/wp-json\/wp\/v2\/pages\/946"}],"wp:attachment":[{"href":"https:\/\/londoninstitute.cz\/en\/wp-json\/wp\/v2\/media?parent=951"}],"curies":[{"name":"wp","href":"https:\/\/api.w.org\/{rel}","templated":true}]}}