{"id":949,"date":"2025-09-02T15:58:24","date_gmt":"2025-09-02T13:58:24","guid":{"rendered":"https:\/\/dev.londoninstitute.cz\/exam-preparation\/b2-first-fce\/"},"modified":"2026-03-19T10:05:50","modified_gmt":"2026-03-19T09:05:50","slug":"b2-first-fce","status":"publish","type":"page","link":"https:\/\/londoninstitute.cz\/en\/exam-preparation\/b2-first-fce\/","title":{"rendered":"B2 First (FCE)"},"content":{"rendered":"\n<p>The main goal of the<strong> FCE course<\/strong> in Prague is to prepare participants for the <strong>B2 First (FCE) exam.<\/strong><\/p>\n\n\n\n<p>The B2 First (FCE) is one of the most internationally recognized Cambridge exams. It is valued by employers and foreign universities as proof of English study and proficiency. FCE is especially useful in business and industry, for example for employees in customer service or administrative roles in banking, airlines, supply chains, and similar fields. The exam corresponds to the Upper-Intermediate level and assesses all language skills.    <\/p>\n\n\n\n<p>The FCE test consists of four parts: Reading and Use of English, Writing, Listening, Speaking<\/p>\n\n\n\n<p>FCE exams are held several times a year (usually in December, March, and June). Our preparatory courses are designed to align with the official exam dates. The courses follow the test syllabus closely: students refine grammar, improve listening skills, and develop their English vocabulary to a level that enables them to successfully pass the FCE exam. Additionally, students learn essential exam techniques to ensure confidence on the day of the test.    <\/p>\n\n\n\n<p><strong>Take the online placement test <a href=\"https:\/\/www.londoninstitute.cz\/testy\/test\">here<\/a>.<\/strong><\/p>\n\n\n\n<p><a href=\"https:\/\/www.jazykovky.cz\/certifikaty\/osobni-doporuceni-LONDON-INSTITUTE-PRAHA-s-r-o-Jazykova-skola-LONDON-INSTITUTE-PRAHA-s-r-o-Praha-1-paZHNhST.pdf\">Referrals from students<\/a><\/p>\n\n\n\n<p><\/p>\n","protected":false},"excerpt":{"rendered":"<p>The main goal of the FCE course in Prague is to prepare participants for the B2 First (FCE) exam. The B2 First (FCE) is one of the most internationally recognized Cambridge exams. It is valued by employers and foreign universities as proof of English study and proficiency. FCE is especially useful in business and industry, [&hellip;]<\/p>\n","protected":false},"author":1,"featured_media":0,"parent":946,"menu_order":0,"comment_status":"closed","ping_status":"closed","template":"","meta":{"_acf_changed":false,"inline_featured_image":false,"footnotes":""},"class_list":["post-949","page","type-page","status-publish","hentry"],"acf":[],"yoast_head":"<!-- This site is optimized with the Yoast SEO plugin v25.9 - https:\/\/yoast.com\/wordpress\/plugins\/seo\/ -->\n<title>B2 First (FCE) - London Institute<\/title>\n<meta name=\"robots\" content=\"noindex, follow, max-snippet:-1, max-image-preview:large, max-video-preview:-1\" \/>\n<meta property=\"og:locale\" content=\"en_US\" \/>\n<meta property=\"og:type\" content=\"article\" \/>\n<meta property=\"og:title\" content=\"B2 First (FCE) - London Institute\" \/>\n<meta property=\"og:description\" content=\"The main goal of the FCE course in Prague is to prepare participants for the B2 First (FCE) exam. The B2 First (FCE) is one of the most internationally recognized Cambridge exams. It is valued by employers and foreign universities as proof of English study and proficiency. FCE is especially useful in business and industry, [&hellip;]\" \/>\n<meta property=\"og:url\" content=\"https:\/\/londoninstitute.cz\/en\/exam-preparation\/b2-first-fce\/\" \/>\n<meta property=\"og:site_name\" content=\"London Institute\" \/>\n<meta property=\"article:modified_time\" content=\"2026-03-19T09:05:50+00:00\" \/>\n<meta property=\"og:image\" content=\"https:\/\/londoninstitute.cz\/wp-content\/uploads\/2025\/09\/og-image-london.jpg\" \/>\n\t<meta property=\"og:image:width\" content=\"1200\" \/>\n\t<meta property=\"og:image:height\" content=\"630\" \/>\n\t<meta property=\"og:image:type\" content=\"image\/jpeg\" \/>\n<meta name=\"twitter:card\" content=\"summary_large_image\" \/>\n<meta name=\"twitter:label1\" content=\"Est. reading time\" \/>\n\t<meta name=\"twitter:data1\" content=\"1 minute\" \/>\n<script type=\"application\/ld+json\" class=\"yoast-schema-graph\">{\"@context\":\"https:\/\/schema.org\",\"@graph\":[{\"@type\":\"WebPage\",\"@id\":\"https:\/\/londoninstitute.cz\/en\/exam-preparation\/b2-first-fce\/\",\"url\":\"https:\/\/londoninstitute.cz\/en\/exam-preparation\/b2-first-fce\/\",\"name\":\"B2 First (FCE) - London Institute\",\"isPartOf\":{\"@id\":\"https:\/\/dev.londoninstitute.cz\/en\/#website\"},\"datePublished\":\"2025-09-02T13:58:24+00:00\",\"dateModified\":\"2026-03-19T09:05:50+00:00\",\"breadcrumb\":{\"@id\":\"https:\/\/londoninstitute.cz\/en\/exam-preparation\/b2-first-fce\/#breadcrumb\"},\"inLanguage\":\"en-US\",\"potentialAction\":[{\"@type\":\"ReadAction\",\"target\":[\"https:\/\/londoninstitute.cz\/en\/exam-preparation\/b2-first-fce\/\"]}]},{\"@type\":\"BreadcrumbList\",\"@id\":\"https:\/\/londoninstitute.cz\/en\/exam-preparation\/b2-first-fce\/#breadcrumb\",\"itemListElement\":[{\"@type\":\"ListItem\",\"position\":1,\"name\":\"Dom\u016f\",\"item\":\"https:\/\/dev.londoninstitute.cz\/en\/\"},{\"@type\":\"ListItem\",\"position\":2,\"name\":\"Exam Preparation\",\"item\":\"https:\/\/dev.londoninstitute.cz\/en\/exam-preparation\/\"},{\"@type\":\"ListItem\",\"position\":3,\"name\":\"B2 First (FCE)\"}]},{\"@type\":\"WebSite\",\"@id\":\"https:\/\/dev.londoninstitute.cz\/en\/#website\",\"url\":\"https:\/\/dev.londoninstitute.cz\/en\/\",\"name\":\"London Institute\",\"description\":\"Jazykov\u00e1 \u0161kola, jazykov\u00e9 kurzy Praha\",\"potentialAction\":[{\"@type\":\"SearchAction\",\"target\":{\"@type\":\"EntryPoint\",\"urlTemplate\":\"https:\/\/dev.londoninstitute.cz\/en\/?s={search_term_string}\"},\"query-input\":{\"@type\":\"PropertyValueSpecification\",\"valueRequired\":true,\"valueName\":\"search_term_string\"}}],\"inLanguage\":\"en-US\"}]}<\/script>\n<!-- \/ Yoast SEO plugin. -->","yoast_head_json":{"title":"B2 First (FCE) - London Institute","robots":{"index":"noindex","follow":"follow","max-snippet":"max-snippet:-1","max-image-preview":"max-image-preview:large","max-video-preview":"max-video-preview:-1"},"og_locale":"en_US","og_type":"article","og_title":"B2 First (FCE) - London Institute","og_description":"The main goal of the FCE course in Prague is to prepare participants for the B2 First (FCE) exam. The B2 First (FCE) is one of the most internationally recognized Cambridge exams. It is valued by employers and foreign universities as proof of English study and proficiency. FCE is especially useful in business and industry, [&hellip;]","og_url":"https:\/\/londoninstitute.cz\/en\/exam-preparation\/b2-first-fce\/","og_site_name":"London Institute","article_modified_time":"2026-03-19T09:05:50+00:00","og_image":[{"width":1200,"height":630,"url":"https:\/\/londoninstitute.cz\/wp-content\/uploads\/2025\/09\/og-image-london.jpg","type":"image\/jpeg"}],"twitter_card":"summary_large_image","twitter_misc":{"Est. reading time":"1 minute"},"schema":{"@context":"https:\/\/schema.org","@graph":[{"@type":"WebPage","@id":"https:\/\/londoninstitute.cz\/en\/exam-preparation\/b2-first-fce\/","url":"https:\/\/londoninstitute.cz\/en\/exam-preparation\/b2-first-fce\/","name":"B2 First (FCE) - London Institute","isPartOf":{"@id":"https:\/\/dev.londoninstitute.cz\/en\/#website"},"datePublished":"2025-09-02T13:58:24+00:00","dateModified":"2026-03-19T09:05:50+00:00","breadcrumb":{"@id":"https:\/\/londoninstitute.cz\/en\/exam-preparation\/b2-first-fce\/#breadcrumb"},"inLanguage":"en-US","potentialAction":[{"@type":"ReadAction","target":["https:\/\/londoninstitute.cz\/en\/exam-preparation\/b2-first-fce\/"]}]},{"@type":"BreadcrumbList","@id":"https:\/\/londoninstitute.cz\/en\/exam-preparation\/b2-first-fce\/#breadcrumb","itemListElement":[{"@type":"ListItem","position":1,"name":"Dom\u016f","item":"https:\/\/dev.londoninstitute.cz\/en\/"},{"@type":"ListItem","position":2,"name":"Exam Preparation","item":"https:\/\/dev.londoninstitute.cz\/en\/exam-preparation\/"},{"@type":"ListItem","position":3,"name":"B2 First (FCE)"}]},{"@type":"WebSite","@id":"https:\/\/dev.londoninstitute.cz\/en\/#website","url":"https:\/\/dev.londoninstitute.cz\/en\/","name":"London Institute","description":"Jazykov\u00e1 \u0161kola, jazykov\u00e9 kurzy Praha","potentialAction":[{"@type":"SearchAction","target":{"@type":"EntryPoint","urlTemplate":"https:\/\/dev.londoninstitute.cz\/en\/?s={search_term_string}"},"query-input":{"@type":"PropertyValueSpecification","valueRequired":true,"valueName":"search_term_string"}}],"inLanguage":"en-US"}]}},"_links":{"self":[{"href":"https:\/\/londoninstitute.cz\/en\/wp-json\/wp\/v2\/pages\/949","targetHints":{"allow":["GET"]}}],"collection":[{"href":"https:\/\/londoninstitute.cz\/en\/wp-json\/wp\/v2\/pages"}],"about":[{"href":"https:\/\/londoninstitute.cz\/en\/wp-json\/wp\/v2\/types\/page"}],"author":[{"embeddable":true,"href":"https:\/\/londoninstitute.cz\/en\/wp-json\/wp\/v2\/users\/1"}],"replies":[{"embeddable":true,"href":"https:\/\/londoninstitute.cz\/en\/wp-json\/wp\/v2\/comments?post=949"}],"version-history":[{"count":8,"href":"https:\/\/londoninstitute.cz\/en\/wp-json\/wp\/v2\/pages\/949\/revisions"}],"predecessor-version":[{"id":1418,"href":"https:\/\/londoninstitute.cz\/en\/wp-json\/wp\/v2\/pages\/949\/revisions\/1418"}],"up":[{"embeddable":true,"href":"https:\/\/londoninstitute.cz\/en\/wp-json\/wp\/v2\/pages\/946"}],"wp:attachment":[{"href":"https:\/\/londoninstitute.cz\/en\/wp-json\/wp\/v2\/media?parent=949"}],"curies":[{"name":"wp","href":"https:\/\/api.w.org\/{rel}","templated":true}]}}