{"id":944,"date":"2025-09-08T15:09:05","date_gmt":"2025-09-08T13:09:05","guid":{"rendered":"https:\/\/dev.londoninstitute.cz\/english-courses\/english-for-children\/"},"modified":"2026-03-19T11:22:50","modified_gmt":"2026-03-19T10:22:50","slug":"english-for-children","status":"publish","type":"page","link":"https:\/\/londoninstitute.cz\/en\/english-courses\/english-for-children\/","title":{"rendered":"English for Children"},"content":{"rendered":"\n<p>London Institute offers English courses for school-aged children. <strong>These courses are designed for children from 12 years old.<\/strong> We are well aware that English instruction in primary schools often does not match the individual level of each child, and teachers are often not qualified educators, but merely English speakers without appropriate teaching credentials. <\/p>\n\n<p>At our language school, we therefore offer <strong>English courses for children taught by qualified, pedagogically trained native speakers. The lessons are designed as games and competitions, with an emphasis on active vocabulary and spoken language.<\/strong> This approach has proven effective even in one-on-one lessons. <strong>Children quickly lose their inhibitions and start communicating in English very early.<\/strong><\/p>\n\n<p>We do not use the traditional mechanical approach to teaching; instead, <strong>we aim to motivate your child so they want to learn new words and concepts on their own. We create a positive attitude toward further study<\/strong>, helping children overcome future challenges that often arise in English education for this age group.<\/p>\n\n<p>Thanks to this approach, your children do not just study English they a<strong>cquire it naturally, in the same way they learn their mother tongue.<\/strong> We create a home-like atmosphere where the child is not stressed about not knowing certain things but is <strong>supported with patience and a personalized approach.<\/strong> This method is more effective than traditional teaching, where a child has to adjust to a teacher who switches between two languages and uses multiple terms for the same thing.  <\/p>\n\n<p><strong>Tuition Fees for Summer Intensive English Courses (CZK)<\/strong><\/p>\n\n<figure class=\"wp-block-table\"><table class=\"has-fixed-layout\"><tbody><tr><td><strong>1 week<\/strong><\/td><td><strong> 2 400<\/strong><\/td><\/tr><tr><td><strong>2 weeks<\/strong><\/td><td><strong> 3 950<\/strong><\/td><\/tr><tr><td><strong>3 weeks<\/strong><\/td><td><strong> 5 400<\/strong><\/td><\/tr><tr><td><strong>2 weeks<\/strong><\/td><td><strong> 6 800<\/strong><\/td><\/tr><tr><td><strong>2 weeks<\/strong><\/td><td><strong> 8 200<\/strong><\/td><\/tr><tr><td><strong>6 weeks<\/strong><\/td><td><strong> 9 600<\/strong><\/td><\/tr><tr><td><strong>7 weeks<\/strong><\/td><td><strong> 10 700<\/strong><\/td><\/tr><tr><td><strong>8 weeks<\/strong><\/td><td><strong> 11 800<\/strong><\/td><\/tr><\/tbody><\/table><\/figure>\n","protected":false},"excerpt":{"rendered":"<p>London Institute offers English courses for school-aged children. These courses are designed for children from 12 years old. We are well aware that English instruction in primary schools often does not match the individual level of each child, and teachers are often not qualified educators, but merely English speakers without appropriate teaching credentials. At our [&hellip;]<\/p>\n","protected":false},"author":1,"featured_media":0,"parent":921,"menu_order":0,"comment_status":"closed","ping_status":"closed","template":"","meta":{"_acf_changed":false,"inline_featured_image":false,"footnotes":""},"class_list":["post-944","page","type-page","status-publish","hentry"],"acf":[],"yoast_head":"<!-- This site is optimized with the Yoast SEO plugin v25.9 - https:\/\/yoast.com\/wordpress\/plugins\/seo\/ -->\n<title>English for Children - London Institute<\/title>\n<meta name=\"robots\" content=\"noindex, follow, max-snippet:-1, max-image-preview:large, max-video-preview:-1\" \/>\n<meta property=\"og:locale\" content=\"en_US\" \/>\n<meta property=\"og:type\" content=\"article\" \/>\n<meta property=\"og:title\" content=\"English for Children - London Institute\" \/>\n<meta property=\"og:description\" content=\"London Institute offers English courses for school-aged children. These courses are designed for children from 12 years old. We are well aware that English instruction in primary schools often does not match the individual level of each child, and teachers are often not qualified educators, but merely English speakers without appropriate teaching credentials. At our [&hellip;]\" \/>\n<meta property=\"og:url\" content=\"https:\/\/londoninstitute.cz\/en\/english-courses\/english-for-children\/\" \/>\n<meta property=\"og:site_name\" content=\"London Institute\" \/>\n<meta property=\"article:modified_time\" content=\"2026-03-19T10:22:50+00:00\" \/>\n<meta property=\"og:image\" content=\"https:\/\/londoninstitute.cz\/wp-content\/uploads\/2025\/09\/og-image-london.jpg\" \/>\n\t<meta property=\"og:image:width\" content=\"1200\" \/>\n\t<meta property=\"og:image:height\" content=\"630\" \/>\n\t<meta property=\"og:image:type\" content=\"image\/jpeg\" \/>\n<meta name=\"twitter:card\" content=\"summary_large_image\" \/>\n<meta name=\"twitter:label1\" content=\"Est. reading time\" \/>\n\t<meta name=\"twitter:data1\" content=\"2 minutes\" \/>\n<script type=\"application\/ld+json\" class=\"yoast-schema-graph\">{\"@context\":\"https:\/\/schema.org\",\"@graph\":[{\"@type\":\"WebPage\",\"@id\":\"https:\/\/londoninstitute.cz\/en\/english-courses\/english-for-children\/\",\"url\":\"https:\/\/londoninstitute.cz\/en\/english-courses\/english-for-children\/\",\"name\":\"English for Children - London Institute\",\"isPartOf\":{\"@id\":\"https:\/\/dev.londoninstitute.cz\/en\/#website\"},\"datePublished\":\"2025-09-08T13:09:05+00:00\",\"dateModified\":\"2026-03-19T10:22:50+00:00\",\"breadcrumb\":{\"@id\":\"https:\/\/londoninstitute.cz\/en\/english-courses\/english-for-children\/#breadcrumb\"},\"inLanguage\":\"en-US\",\"potentialAction\":[{\"@type\":\"ReadAction\",\"target\":[\"https:\/\/londoninstitute.cz\/en\/english-courses\/english-for-children\/\"]}]},{\"@type\":\"BreadcrumbList\",\"@id\":\"https:\/\/londoninstitute.cz\/en\/english-courses\/english-for-children\/#breadcrumb\",\"itemListElement\":[{\"@type\":\"ListItem\",\"position\":1,\"name\":\"Dom\u016f\",\"item\":\"https:\/\/dev.londoninstitute.cz\/en\/\"},{\"@type\":\"ListItem\",\"position\":2,\"name\":\"English courses\",\"item\":\"https:\/\/dev.londoninstitute.cz\/en\/english-courses\/\"},{\"@type\":\"ListItem\",\"position\":3,\"name\":\"English for Children\"}]},{\"@type\":\"WebSite\",\"@id\":\"https:\/\/dev.londoninstitute.cz\/en\/#website\",\"url\":\"https:\/\/dev.londoninstitute.cz\/en\/\",\"name\":\"London Institute\",\"description\":\"Jazykov\u00e1 \u0161kola, jazykov\u00e9 kurzy Praha\",\"potentialAction\":[{\"@type\":\"SearchAction\",\"target\":{\"@type\":\"EntryPoint\",\"urlTemplate\":\"https:\/\/dev.londoninstitute.cz\/en\/?s={search_term_string}\"},\"query-input\":{\"@type\":\"PropertyValueSpecification\",\"valueRequired\":true,\"valueName\":\"search_term_string\"}}],\"inLanguage\":\"en-US\"}]}<\/script>\n<!-- \/ Yoast SEO plugin. -->","yoast_head_json":{"title":"English for Children - London Institute","robots":{"index":"noindex","follow":"follow","max-snippet":"max-snippet:-1","max-image-preview":"max-image-preview:large","max-video-preview":"max-video-preview:-1"},"og_locale":"en_US","og_type":"article","og_title":"English for Children - London Institute","og_description":"London Institute offers English courses for school-aged children. These courses are designed for children from 12 years old. We are well aware that English instruction in primary schools often does not match the individual level of each child, and teachers are often not qualified educators, but merely English speakers without appropriate teaching credentials. At our [&hellip;]","og_url":"https:\/\/londoninstitute.cz\/en\/english-courses\/english-for-children\/","og_site_name":"London Institute","article_modified_time":"2026-03-19T10:22:50+00:00","og_image":[{"width":1200,"height":630,"url":"https:\/\/londoninstitute.cz\/wp-content\/uploads\/2025\/09\/og-image-london.jpg","type":"image\/jpeg"}],"twitter_card":"summary_large_image","twitter_misc":{"Est. reading time":"2 minutes"},"schema":{"@context":"https:\/\/schema.org","@graph":[{"@type":"WebPage","@id":"https:\/\/londoninstitute.cz\/en\/english-courses\/english-for-children\/","url":"https:\/\/londoninstitute.cz\/en\/english-courses\/english-for-children\/","name":"English for Children - London Institute","isPartOf":{"@id":"https:\/\/dev.londoninstitute.cz\/en\/#website"},"datePublished":"2025-09-08T13:09:05+00:00","dateModified":"2026-03-19T10:22:50+00:00","breadcrumb":{"@id":"https:\/\/londoninstitute.cz\/en\/english-courses\/english-for-children\/#breadcrumb"},"inLanguage":"en-US","potentialAction":[{"@type":"ReadAction","target":["https:\/\/londoninstitute.cz\/en\/english-courses\/english-for-children\/"]}]},{"@type":"BreadcrumbList","@id":"https:\/\/londoninstitute.cz\/en\/english-courses\/english-for-children\/#breadcrumb","itemListElement":[{"@type":"ListItem","position":1,"name":"Dom\u016f","item":"https:\/\/dev.londoninstitute.cz\/en\/"},{"@type":"ListItem","position":2,"name":"English courses","item":"https:\/\/dev.londoninstitute.cz\/en\/english-courses\/"},{"@type":"ListItem","position":3,"name":"English for Children"}]},{"@type":"WebSite","@id":"https:\/\/dev.londoninstitute.cz\/en\/#website","url":"https:\/\/dev.londoninstitute.cz\/en\/","name":"London Institute","description":"Jazykov\u00e1 \u0161kola, jazykov\u00e9 kurzy Praha","potentialAction":[{"@type":"SearchAction","target":{"@type":"EntryPoint","urlTemplate":"https:\/\/dev.londoninstitute.cz\/en\/?s={search_term_string}"},"query-input":{"@type":"PropertyValueSpecification","valueRequired":true,"valueName":"search_term_string"}}],"inLanguage":"en-US"}]}},"_links":{"self":[{"href":"https:\/\/londoninstitute.cz\/en\/wp-json\/wp\/v2\/pages\/944","targetHints":{"allow":["GET"]}}],"collection":[{"href":"https:\/\/londoninstitute.cz\/en\/wp-json\/wp\/v2\/pages"}],"about":[{"href":"https:\/\/londoninstitute.cz\/en\/wp-json\/wp\/v2\/types\/page"}],"author":[{"embeddable":true,"href":"https:\/\/londoninstitute.cz\/en\/wp-json\/wp\/v2\/users\/1"}],"replies":[{"embeddable":true,"href":"https:\/\/londoninstitute.cz\/en\/wp-json\/wp\/v2\/comments?post=944"}],"version-history":[{"count":6,"href":"https:\/\/londoninstitute.cz\/en\/wp-json\/wp\/v2\/pages\/944\/revisions"}],"predecessor-version":[{"id":1446,"href":"https:\/\/londoninstitute.cz\/en\/wp-json\/wp\/v2\/pages\/944\/revisions\/1446"}],"up":[{"embeddable":true,"href":"https:\/\/londoninstitute.cz\/en\/wp-json\/wp\/v2\/pages\/921"}],"wp:attachment":[{"href":"https:\/\/londoninstitute.cz\/en\/wp-json\/wp\/v2\/media?parent=944"}],"curies":[{"name":"wp","href":"https:\/\/api.w.org\/{rel}","templated":true}]}}