{"id":938,"date":"2025-09-08T15:08:18","date_gmt":"2025-09-08T13:08:18","guid":{"rendered":"https:\/\/dev.londoninstitute.cz\/english-courses\/summer-english-courses\/"},"modified":"2026-02-25T14:40:52","modified_gmt":"2026-02-25T13:40:52","slug":"summer-english-courses","status":"publish","type":"page","link":"https:\/\/londoninstitute.cz\/en\/english-courses\/summer-english-courses\/","title":{"rendered":"Summer English Courses"},"content":{"rendered":"\n<p><strong><a href=\"Dates: 07.07. 29.08.2025\">7.7. &#8211; 29.8.2025<\/a><\/strong><\/p>\n\n\n\n<p><strong>English courses<\/strong> are based on a logical explanation of grammatical concepts, vocabulary expansion, pronunciation practice, and a personal approach from the teacher to both the lessons and the students. Courses are divided into several levels of difficulty (from beginners to advanced), and to determine your English level, <strong>we offer a placement test.<\/strong> English courses at London Institute Praha are taught by qualified native speakers from the United Kingdom.<\/p>\n\n\n\n<figure class=\"wp-block-table\"><table class=\"has-fixed-layout\"><tbody><tr><td><strong>SUMMER COURSES<\/strong><\/td><td><strong>STUDY DAY<\/strong><\/td><td><strong>DATE OF STUDY<\/strong><\/td><td><strong>STUDY TIME<\/strong><\/td><td><strong>PRICING (CZK)<\/strong><\/td><\/tr><tr><td>Pre-Intermediate<\/td><td>Mon &amp; Wed<\/td><td>7.7. &#8211; 27.8.2025<\/td><td>18.00 \u2013 19.30<\/td><td>5900,-<\/td><\/tr><tr><td>Intermediate<\/td><td>Mon &amp; Wed<\/td><td>7.7. &#8211; 27.8.2025<\/td><td>18.00 \u2013 19.30<\/td><td>5900,-<\/td><\/tr><tr><td>Advanced<\/td><td>Tue &amp; Thu<\/td><td>8.7. &#8211; 28.8.2025<\/td><td>18.00 \u2013 19.30<\/td><td>5900,-<\/td><\/tr><tr><td>FCE<\/td><td>Mon &amp; Wed<\/td><td>7.7. &#8211; 27.8.2025<\/td><td>18.00 \u2013 19.30<\/td><td>6600,-<\/td><\/tr><tr><td>CAE<\/td><td>Tue &amp; Thu<\/td><td>8.7. &#8211; 28.8.2025<\/td><td>18.00 \u2013 19.30<\/td><td>6600,-<\/td><\/tr><tr><td>IELTS<\/td><td>Tue &amp; Thu<\/td><td>8.7. &#8211; 28.8.2025<\/td><td>18.00 \u2013 21.00<\/td><td>8900.-<\/td><\/tr><\/tbody><\/table><\/figure>\n\n\n\n<p><strong>INTENSIVE ENGLISH COURSES<\/strong> &#8211; These courses offer maximum instruction, making them suitable for quickly and effectively mastering English in a short period. The number of weeks for <strong>intensive courses<\/strong> ranges from 1 to 8 weeks, with new students able to start every Monday. A placement test is requied before to course to determine the student&#8217;s current level. Maximum group size is 8 students, and all teachers are native speakers. Classes run every weekday from 09:00 to 12:00.<\/p>\n\n\n\n<figure class=\"wp-block-table\"><table class=\"has-fixed-layout\"><tbody><tr><td><strong>INTENSIVE COURSES<\/strong><\/td><td colspan=\"2\"><strong>STUDY DAY<\/strong><\/td><td colspan=\"2\"><strong>DATE OF STUDY<\/strong><\/td><td colspan=\"2\"><strong>STUDY TIME<\/strong><\/td><td colspan=\"2\"><strong>PRICING (CZK)<\/strong><\/td><\/tr><tr><td>Pre-Intermediate<\/td><td colspan=\"2\">Mon-Fri<\/td><td colspan=\"2\">7.7. &#8211; 22.8.2025<\/td><td colspan=\"2\">09.00 \u2013 12.00<\/td><td colspan=\"2\">By weeks<\/td><\/tr><tr><td>Intermediate<\/td><td colspan=\"2\">Mon-Fri<\/td><td colspan=\"2\">7.7. &#8211; 22.8.2025<\/td><td colspan=\"2\">09.00 \u2013 12.00<\/td><td colspan=\"2\">By weeks<\/td><\/tr><tr><td>Advanced<\/td><td colspan=\"2\">Mon-Fri<\/td><td colspan=\"2\">7.7. &#8211; 22.8.2025<\/td><td colspan=\"2\">09.00 \u2013 12.00<\/td><td colspan=\"2\">By weeks<\/td><\/tr><tr><td colspan=\"9\"><strong>Pricing (CZK)<\/strong><\/td><\/tr><tr><td>Number of weeks<\/td><td><strong>1<\/strong><\/td><td colspan=\"2\"><strong>2<\/strong><\/td><td><strong>3<\/strong><\/td><td><strong>4<\/strong><\/td><td><strong>5<\/strong><\/td><td><strong>6<\/strong><\/td><td><strong>7<\/strong><\/td><\/tr><tr><td>Price<\/td><td>2400,-<\/td><td colspan=\"2\">3950,-<\/td><td>5400,-<\/td><td>6800,-<\/td><td>8200,-<\/td><td>9600,-<\/td><td>10700,-<\/td><\/tr><\/tbody><\/table><\/figure>\n","protected":false},"excerpt":{"rendered":"<p>7.7. &#8211; 29.8.2025 English courses are based on a logical explanation of grammatical concepts, vocabulary expansion, pronunciation practice, and a personal approach from the teacher to both the lessons and the students. Courses are divided into several levels of difficulty (from beginners to advanced), and to determine your English level, we offer a placement test. [&hellip;]<\/p>\n","protected":false},"author":1,"featured_media":0,"parent":921,"menu_order":0,"comment_status":"closed","ping_status":"closed","template":"","meta":{"_acf_changed":false,"inline_featured_image":false,"footnotes":""},"class_list":["post-938","page","type-page","status-publish","hentry"],"acf":[],"yoast_head":"<!-- This site is optimized with the Yoast SEO plugin v25.9 - https:\/\/yoast.com\/wordpress\/plugins\/seo\/ -->\n<title>Summer English Courses - London Institute<\/title>\n<meta name=\"robots\" content=\"noindex, follow, max-snippet:-1, max-image-preview:large, max-video-preview:-1\" \/>\n<meta property=\"og:locale\" content=\"en_US\" \/>\n<meta property=\"og:type\" content=\"article\" \/>\n<meta property=\"og:title\" content=\"Summer English Courses - London Institute\" \/>\n<meta property=\"og:description\" content=\"7.7. &#8211; 29.8.2025 English courses are based on a logical explanation of grammatical concepts, vocabulary expansion, pronunciation practice, and a personal approach from the teacher to both the lessons and the students. Courses are divided into several levels of difficulty (from beginners to advanced), and to determine your English level, we offer a placement test. [&hellip;]\" \/>\n<meta property=\"og:url\" content=\"https:\/\/londoninstitute.cz\/en\/english-courses\/summer-english-courses\/\" \/>\n<meta property=\"og:site_name\" content=\"London Institute\" \/>\n<meta property=\"article:modified_time\" content=\"2026-02-25T13:40:52+00:00\" \/>\n<meta property=\"og:image\" content=\"https:\/\/londoninstitute.cz\/wp-content\/uploads\/2025\/09\/og-image-london.jpg\" \/>\n\t<meta property=\"og:image:width\" content=\"1200\" \/>\n\t<meta property=\"og:image:height\" content=\"630\" \/>\n\t<meta property=\"og:image:type\" content=\"image\/jpeg\" \/>\n<meta name=\"twitter:card\" content=\"summary_large_image\" \/>\n<meta name=\"twitter:label1\" content=\"Est. reading time\" \/>\n\t<meta name=\"twitter:data1\" content=\"2 minutes\" \/>\n<script type=\"application\/ld+json\" class=\"yoast-schema-graph\">{\"@context\":\"https:\/\/schema.org\",\"@graph\":[{\"@type\":\"WebPage\",\"@id\":\"https:\/\/londoninstitute.cz\/en\/english-courses\/summer-english-courses\/\",\"url\":\"https:\/\/londoninstitute.cz\/en\/english-courses\/summer-english-courses\/\",\"name\":\"Summer English Courses - London Institute\",\"isPartOf\":{\"@id\":\"https:\/\/dev.londoninstitute.cz\/en\/#website\"},\"datePublished\":\"2025-09-08T13:08:18+00:00\",\"dateModified\":\"2026-02-25T13:40:52+00:00\",\"breadcrumb\":{\"@id\":\"https:\/\/londoninstitute.cz\/en\/english-courses\/summer-english-courses\/#breadcrumb\"},\"inLanguage\":\"en-US\",\"potentialAction\":[{\"@type\":\"ReadAction\",\"target\":[\"https:\/\/londoninstitute.cz\/en\/english-courses\/summer-english-courses\/\"]}]},{\"@type\":\"BreadcrumbList\",\"@id\":\"https:\/\/londoninstitute.cz\/en\/english-courses\/summer-english-courses\/#breadcrumb\",\"itemListElement\":[{\"@type\":\"ListItem\",\"position\":1,\"name\":\"Dom\u016f\",\"item\":\"https:\/\/dev.londoninstitute.cz\/en\/\"},{\"@type\":\"ListItem\",\"position\":2,\"name\":\"English courses\",\"item\":\"https:\/\/dev.londoninstitute.cz\/en\/english-courses\/\"},{\"@type\":\"ListItem\",\"position\":3,\"name\":\"Summer English Courses\"}]},{\"@type\":\"WebSite\",\"@id\":\"https:\/\/dev.londoninstitute.cz\/en\/#website\",\"url\":\"https:\/\/dev.londoninstitute.cz\/en\/\",\"name\":\"London Institute\",\"description\":\"Jazykov\u00e1 \u0161kola, jazykov\u00e9 kurzy Praha\",\"potentialAction\":[{\"@type\":\"SearchAction\",\"target\":{\"@type\":\"EntryPoint\",\"urlTemplate\":\"https:\/\/dev.londoninstitute.cz\/en\/?s={search_term_string}\"},\"query-input\":{\"@type\":\"PropertyValueSpecification\",\"valueRequired\":true,\"valueName\":\"search_term_string\"}}],\"inLanguage\":\"en-US\"}]}<\/script>\n<!-- \/ Yoast SEO plugin. -->","yoast_head_json":{"title":"Summer English Courses - London Institute","robots":{"index":"noindex","follow":"follow","max-snippet":"max-snippet:-1","max-image-preview":"max-image-preview:large","max-video-preview":"max-video-preview:-1"},"og_locale":"en_US","og_type":"article","og_title":"Summer English Courses - London Institute","og_description":"7.7. &#8211; 29.8.2025 English courses are based on a logical explanation of grammatical concepts, vocabulary expansion, pronunciation practice, and a personal approach from the teacher to both the lessons and the students. Courses are divided into several levels of difficulty (from beginners to advanced), and to determine your English level, we offer a placement test. [&hellip;]","og_url":"https:\/\/londoninstitute.cz\/en\/english-courses\/summer-english-courses\/","og_site_name":"London Institute","article_modified_time":"2026-02-25T13:40:52+00:00","og_image":[{"width":1200,"height":630,"url":"https:\/\/londoninstitute.cz\/wp-content\/uploads\/2025\/09\/og-image-london.jpg","type":"image\/jpeg"}],"twitter_card":"summary_large_image","twitter_misc":{"Est. reading time":"2 minutes"},"schema":{"@context":"https:\/\/schema.org","@graph":[{"@type":"WebPage","@id":"https:\/\/londoninstitute.cz\/en\/english-courses\/summer-english-courses\/","url":"https:\/\/londoninstitute.cz\/en\/english-courses\/summer-english-courses\/","name":"Summer English Courses - London Institute","isPartOf":{"@id":"https:\/\/dev.londoninstitute.cz\/en\/#website"},"datePublished":"2025-09-08T13:08:18+00:00","dateModified":"2026-02-25T13:40:52+00:00","breadcrumb":{"@id":"https:\/\/londoninstitute.cz\/en\/english-courses\/summer-english-courses\/#breadcrumb"},"inLanguage":"en-US","potentialAction":[{"@type":"ReadAction","target":["https:\/\/londoninstitute.cz\/en\/english-courses\/summer-english-courses\/"]}]},{"@type":"BreadcrumbList","@id":"https:\/\/londoninstitute.cz\/en\/english-courses\/summer-english-courses\/#breadcrumb","itemListElement":[{"@type":"ListItem","position":1,"name":"Dom\u016f","item":"https:\/\/dev.londoninstitute.cz\/en\/"},{"@type":"ListItem","position":2,"name":"English courses","item":"https:\/\/dev.londoninstitute.cz\/en\/english-courses\/"},{"@type":"ListItem","position":3,"name":"Summer English Courses"}]},{"@type":"WebSite","@id":"https:\/\/dev.londoninstitute.cz\/en\/#website","url":"https:\/\/dev.londoninstitute.cz\/en\/","name":"London Institute","description":"Jazykov\u00e1 \u0161kola, jazykov\u00e9 kurzy Praha","potentialAction":[{"@type":"SearchAction","target":{"@type":"EntryPoint","urlTemplate":"https:\/\/dev.londoninstitute.cz\/en\/?s={search_term_string}"},"query-input":{"@type":"PropertyValueSpecification","valueRequired":true,"valueName":"search_term_string"}}],"inLanguage":"en-US"}]}},"_links":{"self":[{"href":"https:\/\/londoninstitute.cz\/en\/wp-json\/wp\/v2\/pages\/938","targetHints":{"allow":["GET"]}}],"collection":[{"href":"https:\/\/londoninstitute.cz\/en\/wp-json\/wp\/v2\/pages"}],"about":[{"href":"https:\/\/londoninstitute.cz\/en\/wp-json\/wp\/v2\/types\/page"}],"author":[{"embeddable":true,"href":"https:\/\/londoninstitute.cz\/en\/wp-json\/wp\/v2\/users\/1"}],"replies":[{"embeddable":true,"href":"https:\/\/londoninstitute.cz\/en\/wp-json\/wp\/v2\/comments?post=938"}],"version-history":[{"count":20,"href":"https:\/\/londoninstitute.cz\/en\/wp-json\/wp\/v2\/pages\/938\/revisions"}],"predecessor-version":[{"id":1381,"href":"https:\/\/londoninstitute.cz\/en\/wp-json\/wp\/v2\/pages\/938\/revisions\/1381"}],"up":[{"embeddable":true,"href":"https:\/\/londoninstitute.cz\/en\/wp-json\/wp\/v2\/pages\/921"}],"wp:attachment":[{"href":"https:\/\/londoninstitute.cz\/en\/wp-json\/wp\/v2\/media?parent=938"}],"curies":[{"name":"wp","href":"https:\/\/api.w.org\/{rel}","templated":true}]}}