{"id":935,"date":"2025-09-08T15:04:34","date_gmt":"2025-09-08T13:04:34","guid":{"rendered":"https:\/\/dev.londoninstitute.cz\/english-courses\/business-english\/"},"modified":"2026-02-25T14:20:03","modified_gmt":"2026-02-25T13:20:03","slug":"business-english","status":"publish","type":"page","link":"https:\/\/londoninstitute.cz\/en\/english-courses\/business-english\/","title":{"rendered":"Business English"},"content":{"rendered":"\n<p>Business English, Business English Courses, BEC<\/p>\n\n<p class=\"has-text-align-left\">Cambridge <strong>BEC<\/strong> exams, or <strong>Business English Certificates,<\/strong> are designed for students who need or will need to use English for business purposes. It is important to understand that business English is not a separate language.  <strong>However, practicing business terminology helps students speak fluently and feel confident using English in commercial and professional environments.<\/strong><\/p>\n\n<p>In BEC Business English courses, <strong>you will learn about the essential stages of handling a business case.<\/strong> Upon successfully completing the BEC courses, you will be well-acquainted with the format and style of business letters, as well as the most common terminology and phrases related to <strong>offers, inquiries, orders, payments, complaints, reminders, and more.<\/strong> Cambridge BEC is the ideal choice for working at an international level.<\/p>\n\n<h2 class=\"wp-block-heading\">Winter Course 2023<\/h2>\n\n<p><strong>Dates: 19.09.2023 23.01.2024<\/strong><\/p>\n\n<figure class=\"wp-block-table\"><table class=\"has-fixed-layout\"><tbody><tr><td>Day<\/td><td>Time<\/td><td>2x per week<\/td><\/tr><tr><td>Tuesday <\/td><td>18.00 &#8211; 19.30<\/td><td>CZK 5,800<\/td><\/tr><\/tbody><\/table><\/figure>\n\n<p><strong>Take the online placement test <a href=\"https:\/\/dev.londoninstitute.cz\/en\/online-test\/\">here<\/a>.<\/strong><\/p>\n","protected":false},"excerpt":{"rendered":"<p>Business English, Business English Courses, BEC Cambridge BEC exams, or Business English Certificates, are designed for students who need or will need to use English for business purposes. It is important to understand that business English is not a separate language. However, practicing business terminology helps students speak fluently and feel confident using English in [&hellip;]<\/p>\n","protected":false},"author":1,"featured_media":0,"parent":921,"menu_order":0,"comment_status":"closed","ping_status":"closed","template":"","meta":{"_acf_changed":false,"inline_featured_image":false,"footnotes":""},"class_list":["post-935","page","type-page","status-publish","hentry"],"acf":[],"yoast_head":"<!-- This site is optimized with the Yoast SEO plugin v25.9 - https:\/\/yoast.com\/wordpress\/plugins\/seo\/ -->\n<title>Business English - London Institute<\/title>\n<meta name=\"robots\" content=\"noindex, follow, max-snippet:-1, max-image-preview:large, max-video-preview:-1\" \/>\n<meta property=\"og:locale\" content=\"en_US\" \/>\n<meta property=\"og:type\" content=\"article\" \/>\n<meta property=\"og:title\" content=\"Business English - London Institute\" \/>\n<meta property=\"og:description\" content=\"Business English, Business English Courses, BEC Cambridge BEC exams, or Business English Certificates, are designed for students who need or will need to use English for business purposes. It is important to understand that business English is not a separate language. However, practicing business terminology helps students speak fluently and feel confident using English in [&hellip;]\" \/>\n<meta property=\"og:url\" content=\"https:\/\/londoninstitute.cz\/en\/english-courses\/business-english\/\" \/>\n<meta property=\"og:site_name\" content=\"London Institute\" \/>\n<meta property=\"article:modified_time\" content=\"2026-02-25T13:20:03+00:00\" \/>\n<meta property=\"og:image\" content=\"https:\/\/londoninstitute.cz\/wp-content\/uploads\/2025\/09\/og-image-london.jpg\" \/>\n\t<meta property=\"og:image:width\" content=\"1200\" \/>\n\t<meta property=\"og:image:height\" content=\"630\" \/>\n\t<meta property=\"og:image:type\" content=\"image\/jpeg\" \/>\n<meta name=\"twitter:card\" content=\"summary_large_image\" \/>\n<meta name=\"twitter:label1\" content=\"Est. reading time\" \/>\n\t<meta name=\"twitter:data1\" content=\"1 minute\" \/>\n<script type=\"application\/ld+json\" class=\"yoast-schema-graph\">{\"@context\":\"https:\/\/schema.org\",\"@graph\":[{\"@type\":\"WebPage\",\"@id\":\"https:\/\/londoninstitute.cz\/en\/english-courses\/business-english\/\",\"url\":\"https:\/\/londoninstitute.cz\/en\/english-courses\/business-english\/\",\"name\":\"Business English - London Institute\",\"isPartOf\":{\"@id\":\"https:\/\/dev.londoninstitute.cz\/en\/#website\"},\"datePublished\":\"2025-09-08T13:04:34+00:00\",\"dateModified\":\"2026-02-25T13:20:03+00:00\",\"breadcrumb\":{\"@id\":\"https:\/\/londoninstitute.cz\/en\/english-courses\/business-english\/#breadcrumb\"},\"inLanguage\":\"en-US\",\"potentialAction\":[{\"@type\":\"ReadAction\",\"target\":[\"https:\/\/londoninstitute.cz\/en\/english-courses\/business-english\/\"]}]},{\"@type\":\"BreadcrumbList\",\"@id\":\"https:\/\/londoninstitute.cz\/en\/english-courses\/business-english\/#breadcrumb\",\"itemListElement\":[{\"@type\":\"ListItem\",\"position\":1,\"name\":\"Dom\u016f\",\"item\":\"https:\/\/dev.londoninstitute.cz\/en\/\"},{\"@type\":\"ListItem\",\"position\":2,\"name\":\"English courses\",\"item\":\"https:\/\/dev.londoninstitute.cz\/en\/english-courses\/\"},{\"@type\":\"ListItem\",\"position\":3,\"name\":\"Business English\"}]},{\"@type\":\"WebSite\",\"@id\":\"https:\/\/dev.londoninstitute.cz\/en\/#website\",\"url\":\"https:\/\/dev.londoninstitute.cz\/en\/\",\"name\":\"London Institute\",\"description\":\"Jazykov\u00e1 \u0161kola, jazykov\u00e9 kurzy Praha\",\"potentialAction\":[{\"@type\":\"SearchAction\",\"target\":{\"@type\":\"EntryPoint\",\"urlTemplate\":\"https:\/\/dev.londoninstitute.cz\/en\/?s={search_term_string}\"},\"query-input\":{\"@type\":\"PropertyValueSpecification\",\"valueRequired\":true,\"valueName\":\"search_term_string\"}}],\"inLanguage\":\"en-US\"}]}<\/script>\n<!-- \/ Yoast SEO plugin. -->","yoast_head_json":{"title":"Business English - London Institute","robots":{"index":"noindex","follow":"follow","max-snippet":"max-snippet:-1","max-image-preview":"max-image-preview:large","max-video-preview":"max-video-preview:-1"},"og_locale":"en_US","og_type":"article","og_title":"Business English - London Institute","og_description":"Business English, Business English Courses, BEC Cambridge BEC exams, or Business English Certificates, are designed for students who need or will need to use English for business purposes. It is important to understand that business English is not a separate language. However, practicing business terminology helps students speak fluently and feel confident using English in [&hellip;]","og_url":"https:\/\/londoninstitute.cz\/en\/english-courses\/business-english\/","og_site_name":"London Institute","article_modified_time":"2026-02-25T13:20:03+00:00","og_image":[{"width":1200,"height":630,"url":"https:\/\/londoninstitute.cz\/wp-content\/uploads\/2025\/09\/og-image-london.jpg","type":"image\/jpeg"}],"twitter_card":"summary_large_image","twitter_misc":{"Est. reading time":"1 minute"},"schema":{"@context":"https:\/\/schema.org","@graph":[{"@type":"WebPage","@id":"https:\/\/londoninstitute.cz\/en\/english-courses\/business-english\/","url":"https:\/\/londoninstitute.cz\/en\/english-courses\/business-english\/","name":"Business English - London Institute","isPartOf":{"@id":"https:\/\/dev.londoninstitute.cz\/en\/#website"},"datePublished":"2025-09-08T13:04:34+00:00","dateModified":"2026-02-25T13:20:03+00:00","breadcrumb":{"@id":"https:\/\/londoninstitute.cz\/en\/english-courses\/business-english\/#breadcrumb"},"inLanguage":"en-US","potentialAction":[{"@type":"ReadAction","target":["https:\/\/londoninstitute.cz\/en\/english-courses\/business-english\/"]}]},{"@type":"BreadcrumbList","@id":"https:\/\/londoninstitute.cz\/en\/english-courses\/business-english\/#breadcrumb","itemListElement":[{"@type":"ListItem","position":1,"name":"Dom\u016f","item":"https:\/\/dev.londoninstitute.cz\/en\/"},{"@type":"ListItem","position":2,"name":"English courses","item":"https:\/\/dev.londoninstitute.cz\/en\/english-courses\/"},{"@type":"ListItem","position":3,"name":"Business English"}]},{"@type":"WebSite","@id":"https:\/\/dev.londoninstitute.cz\/en\/#website","url":"https:\/\/dev.londoninstitute.cz\/en\/","name":"London Institute","description":"Jazykov\u00e1 \u0161kola, jazykov\u00e9 kurzy Praha","potentialAction":[{"@type":"SearchAction","target":{"@type":"EntryPoint","urlTemplate":"https:\/\/dev.londoninstitute.cz\/en\/?s={search_term_string}"},"query-input":{"@type":"PropertyValueSpecification","valueRequired":true,"valueName":"search_term_string"}}],"inLanguage":"en-US"}]}},"_links":{"self":[{"href":"https:\/\/londoninstitute.cz\/en\/wp-json\/wp\/v2\/pages\/935","targetHints":{"allow":["GET"]}}],"collection":[{"href":"https:\/\/londoninstitute.cz\/en\/wp-json\/wp\/v2\/pages"}],"about":[{"href":"https:\/\/londoninstitute.cz\/en\/wp-json\/wp\/v2\/types\/page"}],"author":[{"embeddable":true,"href":"https:\/\/londoninstitute.cz\/en\/wp-json\/wp\/v2\/users\/1"}],"replies":[{"embeddable":true,"href":"https:\/\/londoninstitute.cz\/en\/wp-json\/wp\/v2\/comments?post=935"}],"version-history":[{"count":6,"href":"https:\/\/londoninstitute.cz\/en\/wp-json\/wp\/v2\/pages\/935\/revisions"}],"predecessor-version":[{"id":1036,"href":"https:\/\/londoninstitute.cz\/en\/wp-json\/wp\/v2\/pages\/935\/revisions\/1036"}],"up":[{"embeddable":true,"href":"https:\/\/londoninstitute.cz\/en\/wp-json\/wp\/v2\/pages\/921"}],"wp:attachment":[{"href":"https:\/\/londoninstitute.cz\/en\/wp-json\/wp\/v2\/media?parent=935"}],"curies":[{"name":"wp","href":"https:\/\/api.w.org\/{rel}","templated":true}]}}