{"id":932,"date":"2025-09-08T15:00:23","date_gmt":"2025-09-08T13:00:23","guid":{"rendered":"https:\/\/dev.londoninstitute.cz\/english-courses\/intensive-english-courses\/"},"modified":"2026-03-19T10:04:21","modified_gmt":"2026-03-19T09:04:21","slug":"intensive-english-courses","status":"publish","type":"page","link":"https:\/\/londoninstitute.cz\/en\/english-courses\/intensive-english-courses\/","title":{"rendered":"Intensive English Courses"},"content":{"rendered":"\n<p><strong>Intensive English<\/strong> courses offer maximum instruction, making them ideal for quickly and <strong>effectively mastering the English language<\/strong> in a short period of time. Students acquire language skills rapidly and gain confidence in using English in everyday life. <\/p>\n\n\n\n<p>The number of weeks for an intensive <strong>English course<\/strong> is flexible, and new students <strong>can start English level. <\/strong>The maximum number of students per group is 12, and classes are taught by native speakers. Lessons take place every weekday from 9:00 to 12:15.   <\/p>\n\n\n\n<p><strong>Morning Intensive Courses (9:00 12:15) are available at the following levels:<\/strong><\/p>\n\n\n\n<figure class=\"wp-block-table\"><table class=\"has-fixed-layout\"><tbody><tr><td><strong>UPPER-INT Intensive<\/strong><\/td><td> Advanced B2<\/td><td>16.09.2024 &#8211; 13.06.2025<\/td><td>&nbsp;<\/td><\/tr><tr><td><strong>ADVANCED Intensive<\/strong><\/td><td> Advanced C1<\/td><td>16.09.2024 &#8211; 13.06.2025<\/td><td>&nbsp;<\/td><\/tr><\/tbody><\/table><\/figure>\n\n\n\n<p><strong>Tuition Fees for Intensive English Courses (sample pricing):<\/strong><\/p>\n\n\n\n<figure class=\"wp-block-table\"><table class=\"has-fixed-layout\"><tbody><tr><td>1 week <\/td><td> CZK 2,400 <\/td><\/tr><tr><td>2 weeks<\/td><td> 3 950.- K\u010d<\/td><\/tr><tr><td>3 weeks<\/td><td> CZK 5,400 <\/td><\/tr><tr><td>2 weeks<\/td><td> 6 800.- K\u010d<\/td><\/tr><tr><td>2 weeks<\/td><td> 8 200.- K\u010d <\/td><\/tr><tr><td>6 weeks<\/td><td> CZK 9,600 <\/td><\/tr><tr><td>7 weeks<\/td><td> 10 700.- K\u010d<\/td><\/tr><tr><td>8 weeks<\/td><td> 11 800.- K\u010d<\/td><\/tr><tr><td>9 weeks <\/td><td> 12 500.- K\u010d<\/td><\/tr><tr><td>10 weeks<\/td><td> 13 200.- K\u010d<\/td><\/tr><tr><td>18 weeks<\/td><td> CZK 18,800<\/td><\/tr><tr><td>36 weeks<\/td><td> CZK 31,900<\/td><\/tr><\/tbody><\/table><\/figure>\n\n\n\n<p><strong>Take the online placement test <a href=\"https:\/\/www.londoninstitute.cz\/testy\/test\">here<\/a>.<\/strong><\/p>\n\n\n\n<p><strong><br>What our students say \ud83d\ude42<\/strong> <\/p>\n\n\n\n<p><em>Everything was excellent the materials and the way teachers conducted the lessons. The school year I spent there felt more like a holiday, while at the same time raising my English level almost to the maximum. The atmosphere was great because the other students were very friendly, and most have stayed in contact with me! Occasionally there was a chaotic moment was extremely helpful. To summarize the teaching experience, I would say that both teachers, Paul Singh and Jimmy Jenkins, did an excellent job. We constantly worked with textbooks, but lessons were also interspersed with lighter segments where every student had a chance to speak. One of the many positives was that both teachers used different teaching approaches, allowing each student to develop their own understanding of language structures and how to use them correctly. In short, it was perfect, and I would definitely recommend this school. Do you want to improve your English? This is the best place to do so! I went from FCE to CPE in one year thanks to this school.             <\/em><\/p>\n\n\n\n<p>\u0160t\u011bp\u00e1n (Intensive study 2015\/2016)<\/p>\n","protected":false},"excerpt":{"rendered":"<p>Intensive English courses offer maximum instruction, making them ideal for quickly and effectively mastering the English language in a short period of time. Students acquire language skills rapidly and gain confidence in using English in everyday life. The number of weeks for an intensive English course is flexible, and new students can start English level. [&hellip;]<\/p>\n","protected":false},"author":1,"featured_media":0,"parent":921,"menu_order":0,"comment_status":"closed","ping_status":"closed","template":"","meta":{"_acf_changed":false,"inline_featured_image":false,"footnotes":""},"class_list":["post-932","page","type-page","status-publish","hentry"],"acf":[],"yoast_head":"<!-- This site is optimized with the Yoast SEO plugin v25.9 - https:\/\/yoast.com\/wordpress\/plugins\/seo\/ -->\n<title>Intensive English Courses - London Institute<\/title>\n<meta name=\"robots\" content=\"noindex, follow, max-snippet:-1, max-image-preview:large, max-video-preview:-1\" \/>\n<meta property=\"og:locale\" content=\"en_US\" \/>\n<meta property=\"og:type\" content=\"article\" \/>\n<meta property=\"og:title\" content=\"Intensive English Courses - London Institute\" \/>\n<meta property=\"og:description\" content=\"Intensive English courses offer maximum instruction, making them ideal for quickly and effectively mastering the English language in a short period of time. Students acquire language skills rapidly and gain confidence in using English in everyday life. The number of weeks for an intensive English course is flexible, and new students can start English level. [&hellip;]\" \/>\n<meta property=\"og:url\" content=\"https:\/\/londoninstitute.cz\/en\/english-courses\/intensive-english-courses\/\" \/>\n<meta property=\"og:site_name\" content=\"London Institute\" \/>\n<meta property=\"article:modified_time\" content=\"2026-03-19T09:04:21+00:00\" \/>\n<meta property=\"og:image\" content=\"https:\/\/londoninstitute.cz\/wp-content\/uploads\/2025\/09\/og-image-london.jpg\" \/>\n\t<meta property=\"og:image:width\" content=\"1200\" \/>\n\t<meta property=\"og:image:height\" content=\"630\" \/>\n\t<meta property=\"og:image:type\" content=\"image\/jpeg\" \/>\n<meta name=\"twitter:card\" content=\"summary_large_image\" \/>\n<meta name=\"twitter:label1\" content=\"Est. reading time\" \/>\n\t<meta name=\"twitter:data1\" content=\"2 minutes\" \/>\n<script type=\"application\/ld+json\" class=\"yoast-schema-graph\">{\"@context\":\"https:\/\/schema.org\",\"@graph\":[{\"@type\":\"WebPage\",\"@id\":\"https:\/\/londoninstitute.cz\/en\/english-courses\/intensive-english-courses\/\",\"url\":\"https:\/\/londoninstitute.cz\/en\/english-courses\/intensive-english-courses\/\",\"name\":\"Intensive English Courses - London Institute\",\"isPartOf\":{\"@id\":\"https:\/\/dev.londoninstitute.cz\/en\/#website\"},\"datePublished\":\"2025-09-08T13:00:23+00:00\",\"dateModified\":\"2026-03-19T09:04:21+00:00\",\"breadcrumb\":{\"@id\":\"https:\/\/londoninstitute.cz\/en\/english-courses\/intensive-english-courses\/#breadcrumb\"},\"inLanguage\":\"en-US\",\"potentialAction\":[{\"@type\":\"ReadAction\",\"target\":[\"https:\/\/londoninstitute.cz\/en\/english-courses\/intensive-english-courses\/\"]}]},{\"@type\":\"BreadcrumbList\",\"@id\":\"https:\/\/londoninstitute.cz\/en\/english-courses\/intensive-english-courses\/#breadcrumb\",\"itemListElement\":[{\"@type\":\"ListItem\",\"position\":1,\"name\":\"Dom\u016f\",\"item\":\"https:\/\/dev.londoninstitute.cz\/en\/\"},{\"@type\":\"ListItem\",\"position\":2,\"name\":\"English courses\",\"item\":\"https:\/\/dev.londoninstitute.cz\/en\/english-courses\/\"},{\"@type\":\"ListItem\",\"position\":3,\"name\":\"Intensive English Courses\"}]},{\"@type\":\"WebSite\",\"@id\":\"https:\/\/dev.londoninstitute.cz\/en\/#website\",\"url\":\"https:\/\/dev.londoninstitute.cz\/en\/\",\"name\":\"London Institute\",\"description\":\"Jazykov\u00e1 \u0161kola, jazykov\u00e9 kurzy Praha\",\"potentialAction\":[{\"@type\":\"SearchAction\",\"target\":{\"@type\":\"EntryPoint\",\"urlTemplate\":\"https:\/\/dev.londoninstitute.cz\/en\/?s={search_term_string}\"},\"query-input\":{\"@type\":\"PropertyValueSpecification\",\"valueRequired\":true,\"valueName\":\"search_term_string\"}}],\"inLanguage\":\"en-US\"}]}<\/script>\n<!-- \/ Yoast SEO plugin. -->","yoast_head_json":{"title":"Intensive English Courses - London Institute","robots":{"index":"noindex","follow":"follow","max-snippet":"max-snippet:-1","max-image-preview":"max-image-preview:large","max-video-preview":"max-video-preview:-1"},"og_locale":"en_US","og_type":"article","og_title":"Intensive English Courses - London Institute","og_description":"Intensive English courses offer maximum instruction, making them ideal for quickly and effectively mastering the English language in a short period of time. Students acquire language skills rapidly and gain confidence in using English in everyday life. The number of weeks for an intensive English course is flexible, and new students can start English level. [&hellip;]","og_url":"https:\/\/londoninstitute.cz\/en\/english-courses\/intensive-english-courses\/","og_site_name":"London Institute","article_modified_time":"2026-03-19T09:04:21+00:00","og_image":[{"width":1200,"height":630,"url":"https:\/\/londoninstitute.cz\/wp-content\/uploads\/2025\/09\/og-image-london.jpg","type":"image\/jpeg"}],"twitter_card":"summary_large_image","twitter_misc":{"Est. reading time":"2 minutes"},"schema":{"@context":"https:\/\/schema.org","@graph":[{"@type":"WebPage","@id":"https:\/\/londoninstitute.cz\/en\/english-courses\/intensive-english-courses\/","url":"https:\/\/londoninstitute.cz\/en\/english-courses\/intensive-english-courses\/","name":"Intensive English Courses - London Institute","isPartOf":{"@id":"https:\/\/dev.londoninstitute.cz\/en\/#website"},"datePublished":"2025-09-08T13:00:23+00:00","dateModified":"2026-03-19T09:04:21+00:00","breadcrumb":{"@id":"https:\/\/londoninstitute.cz\/en\/english-courses\/intensive-english-courses\/#breadcrumb"},"inLanguage":"en-US","potentialAction":[{"@type":"ReadAction","target":["https:\/\/londoninstitute.cz\/en\/english-courses\/intensive-english-courses\/"]}]},{"@type":"BreadcrumbList","@id":"https:\/\/londoninstitute.cz\/en\/english-courses\/intensive-english-courses\/#breadcrumb","itemListElement":[{"@type":"ListItem","position":1,"name":"Dom\u016f","item":"https:\/\/dev.londoninstitute.cz\/en\/"},{"@type":"ListItem","position":2,"name":"English courses","item":"https:\/\/dev.londoninstitute.cz\/en\/english-courses\/"},{"@type":"ListItem","position":3,"name":"Intensive English Courses"}]},{"@type":"WebSite","@id":"https:\/\/dev.londoninstitute.cz\/en\/#website","url":"https:\/\/dev.londoninstitute.cz\/en\/","name":"London Institute","description":"Jazykov\u00e1 \u0161kola, jazykov\u00e9 kurzy Praha","potentialAction":[{"@type":"SearchAction","target":{"@type":"EntryPoint","urlTemplate":"https:\/\/dev.londoninstitute.cz\/en\/?s={search_term_string}"},"query-input":{"@type":"PropertyValueSpecification","valueRequired":true,"valueName":"search_term_string"}}],"inLanguage":"en-US"}]}},"_links":{"self":[{"href":"https:\/\/londoninstitute.cz\/en\/wp-json\/wp\/v2\/pages\/932","targetHints":{"allow":["GET"]}}],"collection":[{"href":"https:\/\/londoninstitute.cz\/en\/wp-json\/wp\/v2\/pages"}],"about":[{"href":"https:\/\/londoninstitute.cz\/en\/wp-json\/wp\/v2\/types\/page"}],"author":[{"embeddable":true,"href":"https:\/\/londoninstitute.cz\/en\/wp-json\/wp\/v2\/users\/1"}],"replies":[{"embeddable":true,"href":"https:\/\/londoninstitute.cz\/en\/wp-json\/wp\/v2\/comments?post=932"}],"version-history":[{"count":5,"href":"https:\/\/londoninstitute.cz\/en\/wp-json\/wp\/v2\/pages\/932\/revisions"}],"predecessor-version":[{"id":1415,"href":"https:\/\/londoninstitute.cz\/en\/wp-json\/wp\/v2\/pages\/932\/revisions\/1415"}],"up":[{"embeddable":true,"href":"https:\/\/londoninstitute.cz\/en\/wp-json\/wp\/v2\/pages\/921"}],"wp:attachment":[{"href":"https:\/\/londoninstitute.cz\/en\/wp-json\/wp\/v2\/media?parent=932"}],"curies":[{"name":"wp","href":"https:\/\/api.w.org\/{rel}","templated":true}]}}