{"id":928,"date":"2025-09-08T15:36:26","date_gmt":"2025-09-08T13:36:26","guid":{"rendered":"https:\/\/dev.londoninstitute.cz\/pomaturitni-studium\/study-stay-in-london\/"},"modified":"2026-02-25T13:16:57","modified_gmt":"2026-02-25T12:16:57","slug":"study-stay-in-london","status":"publish","type":"page","link":"https:\/\/londoninstitute.cz\/en\/pomaturitni-studium\/study-stay-in-london\/","title":{"rendered":"Study stay in London"},"content":{"rendered":"\n<p>Being a student of the <strong>post-secondary programme<\/strong> at London Institute comes with a great advantage &#8211; you can travel with us directly to London and experience how English is taught at one of our partner schools.<\/p>\n\n<p>In addition to studying English, you will of course also enjoy plenty of sightseeing and discover many new things during your <strong>study stay in London.<\/strong> London is a stunning, vast city that will captivate you with its diversity and multicultural atmosphere, and above all with its English language. After experiencing London, you will see English in a completely different way you will want to master it even more!  <\/p>\n\n<p>You will have the opportunity to take part in a one-week<strong> course at a school in London. <\/strong>The approximate price for accommodation in a twin room with breakfast for one week and a return bus ticket is CZK 9,800.<\/p>\n\n<p><strong>Student testimonial:<\/strong><em> <\/em><\/p>\n\n<p><em>&#8220;London was amazing, and Ican only recommend it to all students planning to go here. <\/em><br\/><br\/><em>The accommodation was excellent, the school was interesting, although it would have had a greater effect if one stayed longer. Most students were there for a month or more.  LTC also organises many extracurricular activities, so even if you stay for a longer period, it is quite easy to get involved. <\/em><br\/><br\/><em>Fortunately, I had no problems. I didn&#8217;t get lost, no one robbed me &#8211; there just wasn&#8217;t enough time. I feel like I saw everything and nothing at the same time =) I always set out somewhere and along the way discovered something else, never reached my original destination, but still enjoyed it immensely. I managed to go to the cinema twice (which was partly work-related, as I review films) and even saw musical.    The weather was manageable too. <\/em><br\/><br\/><em>I&#8217;m very glad I went, and if I get the chance, I would love to go again next year. I asked LTC to send me tips for some affordable hotel accommodation, so we&#8217;ll see. <\/em><br\/><br\/><em>Thank you for the opportunity. <\/em><\/p>\n\n<p><em>K.V.&#8221;<\/em><\/p>\n\n<p><strong>Student Kate\u0159ina Vimmerov\u00e1 attended a one-week intensive English course in London organised by LTC, consisting of 20 hours per week. She stayed with a host family and had breakfast included. <\/strong><\/p>\n\n<p><\/p>\n\n<p><\/p>\n\n<p><\/p>\n\n<p><\/p>\n","protected":false},"excerpt":{"rendered":"<p>Being a student of the post-secondary programme at London Institute comes with a great advantage &#8211; you can travel with us directly to London and experience how English is taught at one of our partner schools. In addition to studying English, you will of course also enjoy plenty of sightseeing and discover many new things [&hellip;]<\/p>\n","protected":false},"author":1,"featured_media":0,"parent":839,"menu_order":0,"comment_status":"closed","ping_status":"closed","template":"","meta":{"_acf_changed":false,"inline_featured_image":false,"footnotes":""},"class_list":["post-928","page","type-page","status-publish","hentry"],"acf":[],"yoast_head":"<!-- This site is optimized with the Yoast SEO plugin v25.9 - https:\/\/yoast.com\/wordpress\/plugins\/seo\/ -->\n<title>Study stay in London - London Institute<\/title>\n<meta name=\"robots\" content=\"noindex, follow, max-snippet:-1, max-image-preview:large, max-video-preview:-1\" \/>\n<meta property=\"og:locale\" content=\"en_US\" \/>\n<meta property=\"og:type\" content=\"article\" \/>\n<meta property=\"og:title\" content=\"Study stay in London - London Institute\" \/>\n<meta property=\"og:description\" content=\"Being a student of the post-secondary programme at London Institute comes with a great advantage &#8211; you can travel with us directly to London and experience how English is taught at one of our partner schools. In addition to studying English, you will of course also enjoy plenty of sightseeing and discover many new things [&hellip;]\" \/>\n<meta property=\"og:url\" content=\"https:\/\/londoninstitute.cz\/en\/pomaturitni-studium\/study-stay-in-london\/\" \/>\n<meta property=\"og:site_name\" content=\"London Institute\" \/>\n<meta property=\"article:modified_time\" content=\"2026-02-25T12:16:57+00:00\" \/>\n<meta property=\"og:image\" content=\"https:\/\/londoninstitute.cz\/wp-content\/uploads\/2025\/09\/og-image-london.jpg\" \/>\n\t<meta property=\"og:image:width\" content=\"1200\" \/>\n\t<meta property=\"og:image:height\" content=\"630\" \/>\n\t<meta property=\"og:image:type\" content=\"image\/jpeg\" \/>\n<meta name=\"twitter:card\" content=\"summary_large_image\" \/>\n<meta name=\"twitter:label1\" content=\"Est. reading time\" \/>\n\t<meta name=\"twitter:data1\" content=\"2 minutes\" \/>\n<script type=\"application\/ld+json\" class=\"yoast-schema-graph\">{\"@context\":\"https:\/\/schema.org\",\"@graph\":[{\"@type\":\"WebPage\",\"@id\":\"https:\/\/londoninstitute.cz\/en\/pomaturitni-studium\/study-stay-in-london\/\",\"url\":\"https:\/\/londoninstitute.cz\/en\/pomaturitni-studium\/study-stay-in-london\/\",\"name\":\"Study stay in London - London Institute\",\"isPartOf\":{\"@id\":\"https:\/\/dev.londoninstitute.cz\/en\/#website\"},\"datePublished\":\"2025-09-08T13:36:26+00:00\",\"dateModified\":\"2026-02-25T12:16:57+00:00\",\"breadcrumb\":{\"@id\":\"https:\/\/londoninstitute.cz\/en\/pomaturitni-studium\/study-stay-in-london\/#breadcrumb\"},\"inLanguage\":\"en-US\",\"potentialAction\":[{\"@type\":\"ReadAction\",\"target\":[\"https:\/\/londoninstitute.cz\/en\/pomaturitni-studium\/study-stay-in-london\/\"]}]},{\"@type\":\"BreadcrumbList\",\"@id\":\"https:\/\/londoninstitute.cz\/en\/pomaturitni-studium\/study-stay-in-london\/#breadcrumb\",\"itemListElement\":[{\"@type\":\"ListItem\",\"position\":1,\"name\":\"Dom\u016f\",\"item\":\"https:\/\/dev.londoninstitute.cz\/en\/\"},{\"@type\":\"ListItem\",\"position\":2,\"name\":\"Post-secondary study\",\"item\":\"https:\/\/dev.londoninstitute.cz\/en\/pomaturitni-studium\/\"},{\"@type\":\"ListItem\",\"position\":3,\"name\":\"Study stay in London\"}]},{\"@type\":\"WebSite\",\"@id\":\"https:\/\/dev.londoninstitute.cz\/en\/#website\",\"url\":\"https:\/\/dev.londoninstitute.cz\/en\/\",\"name\":\"London Institute\",\"description\":\"Jazykov\u00e1 \u0161kola, jazykov\u00e9 kurzy Praha\",\"potentialAction\":[{\"@type\":\"SearchAction\",\"target\":{\"@type\":\"EntryPoint\",\"urlTemplate\":\"https:\/\/dev.londoninstitute.cz\/en\/?s={search_term_string}\"},\"query-input\":{\"@type\":\"PropertyValueSpecification\",\"valueRequired\":true,\"valueName\":\"search_term_string\"}}],\"inLanguage\":\"en-US\"}]}<\/script>\n<!-- \/ Yoast SEO plugin. -->","yoast_head_json":{"title":"Study stay in London - London Institute","robots":{"index":"noindex","follow":"follow","max-snippet":"max-snippet:-1","max-image-preview":"max-image-preview:large","max-video-preview":"max-video-preview:-1"},"og_locale":"en_US","og_type":"article","og_title":"Study stay in London - London Institute","og_description":"Being a student of the post-secondary programme at London Institute comes with a great advantage &#8211; you can travel with us directly to London and experience how English is taught at one of our partner schools. In addition to studying English, you will of course also enjoy plenty of sightseeing and discover many new things [&hellip;]","og_url":"https:\/\/londoninstitute.cz\/en\/pomaturitni-studium\/study-stay-in-london\/","og_site_name":"London Institute","article_modified_time":"2026-02-25T12:16:57+00:00","og_image":[{"width":1200,"height":630,"url":"https:\/\/londoninstitute.cz\/wp-content\/uploads\/2025\/09\/og-image-london.jpg","type":"image\/jpeg"}],"twitter_card":"summary_large_image","twitter_misc":{"Est. reading time":"2 minutes"},"schema":{"@context":"https:\/\/schema.org","@graph":[{"@type":"WebPage","@id":"https:\/\/londoninstitute.cz\/en\/pomaturitni-studium\/study-stay-in-london\/","url":"https:\/\/londoninstitute.cz\/en\/pomaturitni-studium\/study-stay-in-london\/","name":"Study stay in London - London Institute","isPartOf":{"@id":"https:\/\/dev.londoninstitute.cz\/en\/#website"},"datePublished":"2025-09-08T13:36:26+00:00","dateModified":"2026-02-25T12:16:57+00:00","breadcrumb":{"@id":"https:\/\/londoninstitute.cz\/en\/pomaturitni-studium\/study-stay-in-london\/#breadcrumb"},"inLanguage":"en-US","potentialAction":[{"@type":"ReadAction","target":["https:\/\/londoninstitute.cz\/en\/pomaturitni-studium\/study-stay-in-london\/"]}]},{"@type":"BreadcrumbList","@id":"https:\/\/londoninstitute.cz\/en\/pomaturitni-studium\/study-stay-in-london\/#breadcrumb","itemListElement":[{"@type":"ListItem","position":1,"name":"Dom\u016f","item":"https:\/\/dev.londoninstitute.cz\/en\/"},{"@type":"ListItem","position":2,"name":"Post-secondary study","item":"https:\/\/dev.londoninstitute.cz\/en\/pomaturitni-studium\/"},{"@type":"ListItem","position":3,"name":"Study stay in London"}]},{"@type":"WebSite","@id":"https:\/\/dev.londoninstitute.cz\/en\/#website","url":"https:\/\/dev.londoninstitute.cz\/en\/","name":"London Institute","description":"Jazykov\u00e1 \u0161kola, jazykov\u00e9 kurzy Praha","potentialAction":[{"@type":"SearchAction","target":{"@type":"EntryPoint","urlTemplate":"https:\/\/dev.londoninstitute.cz\/en\/?s={search_term_string}"},"query-input":{"@type":"PropertyValueSpecification","valueRequired":true,"valueName":"search_term_string"}}],"inLanguage":"en-US"}]}},"_links":{"self":[{"href":"https:\/\/londoninstitute.cz\/en\/wp-json\/wp\/v2\/pages\/928","targetHints":{"allow":["GET"]}}],"collection":[{"href":"https:\/\/londoninstitute.cz\/en\/wp-json\/wp\/v2\/pages"}],"about":[{"href":"https:\/\/londoninstitute.cz\/en\/wp-json\/wp\/v2\/types\/page"}],"author":[{"embeddable":true,"href":"https:\/\/londoninstitute.cz\/en\/wp-json\/wp\/v2\/users\/1"}],"replies":[{"embeddable":true,"href":"https:\/\/londoninstitute.cz\/en\/wp-json\/wp\/v2\/comments?post=928"}],"version-history":[{"count":6,"href":"https:\/\/londoninstitute.cz\/en\/wp-json\/wp\/v2\/pages\/928\/revisions"}],"predecessor-version":[{"id":989,"href":"https:\/\/londoninstitute.cz\/en\/wp-json\/wp\/v2\/pages\/928\/revisions\/989"}],"up":[{"embeddable":true,"href":"https:\/\/londoninstitute.cz\/en\/wp-json\/wp\/v2\/pages\/839"}],"wp:attachment":[{"href":"https:\/\/londoninstitute.cz\/en\/wp-json\/wp\/v2\/media?parent=928"}],"curies":[{"name":"wp","href":"https:\/\/api.w.org\/{rel}","templated":true}]}}