{"id":849,"date":"2025-09-08T15:29:14","date_gmt":"2025-09-08T13:29:14","guid":{"rendered":"https:\/\/dev.londoninstitute.cz\/pomaturitni-studium\/student-status\/"},"modified":"2026-02-25T12:56:00","modified_gmt":"2026-02-25T11:56:00","slug":"student-status","status":"publish","type":"page","link":"https:\/\/londoninstitute.cz\/en\/pomaturitni-studium\/student-status\/","title":{"rendered":"Student status"},"content":{"rendered":"\n<p>As a student of the post-secondary English programme at London Institute Praha, you continue to hold student status.<\/p>\n\n<p>The post-secondary programme for the 2025\/2026 academic year is being opened based on a notification from the Ministry of Education, Youth and Sports regarding inclusion in Annex No. 1 of the proposed amendment to Decree No. 322\/2005 Coll. on further study or instruction, which for the purposes of state social support and pension insurance is considered study at secondary schools or universities.  <\/p>\n\n<p>Students who have successfully passed their first school-leaving examination (maturita) or completed their studies at a conservatory in the calendar year in which they begin this course are, for the purposes of state social support,<br\/>pension insurance, and health insurance, regarded as secondary school students with all the associated rights and obligations. <\/p>\n","protected":false},"excerpt":{"rendered":"<p>As a student of the post-secondary English programme at London Institute Praha, you continue to hold student status. The post-secondary programme for the 2025\/2026 academic year is being opened based on a notification from the Ministry of Education, Youth and Sports regarding inclusion in Annex No. 1 of the proposed amendment to Decree No. 322\/2005 [&hellip;]<\/p>\n","protected":false},"author":1,"featured_media":0,"parent":839,"menu_order":0,"comment_status":"closed","ping_status":"closed","template":"","meta":{"_acf_changed":false,"inline_featured_image":false,"footnotes":""},"class_list":["post-849","page","type-page","status-publish","hentry"],"acf":[],"yoast_head":"<!-- This site is optimized with the Yoast SEO plugin v25.9 - https:\/\/yoast.com\/wordpress\/plugins\/seo\/ -->\n<title>Student status - London Institute<\/title>\n<meta name=\"robots\" content=\"noindex, follow, max-snippet:-1, max-image-preview:large, max-video-preview:-1\" \/>\n<meta property=\"og:locale\" content=\"en_US\" \/>\n<meta property=\"og:type\" content=\"article\" \/>\n<meta property=\"og:title\" content=\"Student status - London Institute\" \/>\n<meta property=\"og:description\" content=\"As a student of the post-secondary English programme at London Institute Praha, you continue to hold student status. The post-secondary programme for the 2025\/2026 academic year is being opened based on a notification from the Ministry of Education, Youth and Sports regarding inclusion in Annex No. 1 of the proposed amendment to Decree No. 322\/2005 [&hellip;]\" \/>\n<meta property=\"og:url\" content=\"https:\/\/londoninstitute.cz\/en\/pomaturitni-studium\/student-status\/\" \/>\n<meta property=\"og:site_name\" content=\"London Institute\" \/>\n<meta property=\"article:modified_time\" content=\"2026-02-25T11:56:00+00:00\" \/>\n<meta property=\"og:image\" content=\"https:\/\/londoninstitute.cz\/wp-content\/uploads\/2025\/09\/og-image-london.jpg\" \/>\n\t<meta property=\"og:image:width\" content=\"1200\" \/>\n\t<meta property=\"og:image:height\" content=\"630\" \/>\n\t<meta property=\"og:image:type\" content=\"image\/jpeg\" \/>\n<meta name=\"twitter:card\" content=\"summary_large_image\" \/>\n<meta name=\"twitter:label1\" content=\"Est. reading time\" \/>\n\t<meta name=\"twitter:data1\" content=\"1 minute\" \/>\n<script type=\"application\/ld+json\" class=\"yoast-schema-graph\">{\"@context\":\"https:\/\/schema.org\",\"@graph\":[{\"@type\":\"WebPage\",\"@id\":\"https:\/\/londoninstitute.cz\/en\/pomaturitni-studium\/student-status\/\",\"url\":\"https:\/\/londoninstitute.cz\/en\/pomaturitni-studium\/student-status\/\",\"name\":\"Student status - London Institute\",\"isPartOf\":{\"@id\":\"https:\/\/dev.londoninstitute.cz\/en\/#website\"},\"datePublished\":\"2025-09-08T13:29:14+00:00\",\"dateModified\":\"2026-02-25T11:56:00+00:00\",\"breadcrumb\":{\"@id\":\"https:\/\/londoninstitute.cz\/en\/pomaturitni-studium\/student-status\/#breadcrumb\"},\"inLanguage\":\"en-US\",\"potentialAction\":[{\"@type\":\"ReadAction\",\"target\":[\"https:\/\/londoninstitute.cz\/en\/pomaturitni-studium\/student-status\/\"]}]},{\"@type\":\"BreadcrumbList\",\"@id\":\"https:\/\/londoninstitute.cz\/en\/pomaturitni-studium\/student-status\/#breadcrumb\",\"itemListElement\":[{\"@type\":\"ListItem\",\"position\":1,\"name\":\"Dom\u016f\",\"item\":\"https:\/\/dev.londoninstitute.cz\/en\/\"},{\"@type\":\"ListItem\",\"position\":2,\"name\":\"Post-secondary study\",\"item\":\"https:\/\/dev.londoninstitute.cz\/en\/pomaturitni-studium\/\"},{\"@type\":\"ListItem\",\"position\":3,\"name\":\"Student status\"}]},{\"@type\":\"WebSite\",\"@id\":\"https:\/\/dev.londoninstitute.cz\/en\/#website\",\"url\":\"https:\/\/dev.londoninstitute.cz\/en\/\",\"name\":\"London Institute\",\"description\":\"Jazykov\u00e1 \u0161kola, jazykov\u00e9 kurzy Praha\",\"potentialAction\":[{\"@type\":\"SearchAction\",\"target\":{\"@type\":\"EntryPoint\",\"urlTemplate\":\"https:\/\/dev.londoninstitute.cz\/en\/?s={search_term_string}\"},\"query-input\":{\"@type\":\"PropertyValueSpecification\",\"valueRequired\":true,\"valueName\":\"search_term_string\"}}],\"inLanguage\":\"en-US\"}]}<\/script>\n<!-- \/ Yoast SEO plugin. -->","yoast_head_json":{"title":"Student status - London Institute","robots":{"index":"noindex","follow":"follow","max-snippet":"max-snippet:-1","max-image-preview":"max-image-preview:large","max-video-preview":"max-video-preview:-1"},"og_locale":"en_US","og_type":"article","og_title":"Student status - London Institute","og_description":"As a student of the post-secondary English programme at London Institute Praha, you continue to hold student status. The post-secondary programme for the 2025\/2026 academic year is being opened based on a notification from the Ministry of Education, Youth and Sports regarding inclusion in Annex No. 1 of the proposed amendment to Decree No. 322\/2005 [&hellip;]","og_url":"https:\/\/londoninstitute.cz\/en\/pomaturitni-studium\/student-status\/","og_site_name":"London Institute","article_modified_time":"2026-02-25T11:56:00+00:00","og_image":[{"width":1200,"height":630,"url":"https:\/\/londoninstitute.cz\/wp-content\/uploads\/2025\/09\/og-image-london.jpg","type":"image\/jpeg"}],"twitter_card":"summary_large_image","twitter_misc":{"Est. reading time":"1 minute"},"schema":{"@context":"https:\/\/schema.org","@graph":[{"@type":"WebPage","@id":"https:\/\/londoninstitute.cz\/en\/pomaturitni-studium\/student-status\/","url":"https:\/\/londoninstitute.cz\/en\/pomaturitni-studium\/student-status\/","name":"Student status - London Institute","isPartOf":{"@id":"https:\/\/dev.londoninstitute.cz\/en\/#website"},"datePublished":"2025-09-08T13:29:14+00:00","dateModified":"2026-02-25T11:56:00+00:00","breadcrumb":{"@id":"https:\/\/londoninstitute.cz\/en\/pomaturitni-studium\/student-status\/#breadcrumb"},"inLanguage":"en-US","potentialAction":[{"@type":"ReadAction","target":["https:\/\/londoninstitute.cz\/en\/pomaturitni-studium\/student-status\/"]}]},{"@type":"BreadcrumbList","@id":"https:\/\/londoninstitute.cz\/en\/pomaturitni-studium\/student-status\/#breadcrumb","itemListElement":[{"@type":"ListItem","position":1,"name":"Dom\u016f","item":"https:\/\/dev.londoninstitute.cz\/en\/"},{"@type":"ListItem","position":2,"name":"Post-secondary study","item":"https:\/\/dev.londoninstitute.cz\/en\/pomaturitni-studium\/"},{"@type":"ListItem","position":3,"name":"Student status"}]},{"@type":"WebSite","@id":"https:\/\/dev.londoninstitute.cz\/en\/#website","url":"https:\/\/dev.londoninstitute.cz\/en\/","name":"London Institute","description":"Jazykov\u00e1 \u0161kola, jazykov\u00e9 kurzy Praha","potentialAction":[{"@type":"SearchAction","target":{"@type":"EntryPoint","urlTemplate":"https:\/\/dev.londoninstitute.cz\/en\/?s={search_term_string}"},"query-input":{"@type":"PropertyValueSpecification","valueRequired":true,"valueName":"search_term_string"}}],"inLanguage":"en-US"}]}},"_links":{"self":[{"href":"https:\/\/londoninstitute.cz\/en\/wp-json\/wp\/v2\/pages\/849","targetHints":{"allow":["GET"]}}],"collection":[{"href":"https:\/\/londoninstitute.cz\/en\/wp-json\/wp\/v2\/pages"}],"about":[{"href":"https:\/\/londoninstitute.cz\/en\/wp-json\/wp\/v2\/types\/page"}],"author":[{"embeddable":true,"href":"https:\/\/londoninstitute.cz\/en\/wp-json\/wp\/v2\/users\/1"}],"replies":[{"embeddable":true,"href":"https:\/\/londoninstitute.cz\/en\/wp-json\/wp\/v2\/comments?post=849"}],"version-history":[{"count":6,"href":"https:\/\/londoninstitute.cz\/en\/wp-json\/wp\/v2\/pages\/849\/revisions"}],"predecessor-version":[{"id":986,"href":"https:\/\/londoninstitute.cz\/en\/wp-json\/wp\/v2\/pages\/849\/revisions\/986"}],"up":[{"embeddable":true,"href":"https:\/\/londoninstitute.cz\/en\/wp-json\/wp\/v2\/pages\/839"}],"wp:attachment":[{"href":"https:\/\/londoninstitute.cz\/en\/wp-json\/wp\/v2\/media?parent=849"}],"curies":[{"name":"wp","href":"https:\/\/api.w.org\/{rel}","templated":true}]}}