{"id":839,"date":"2025-09-02T12:19:58","date_gmt":"2025-09-02T10:19:58","guid":{"rendered":"https:\/\/dev.londoninstitute.cz\/post-secondary-study-after-graduation-from-high-school\/"},"modified":"2026-02-26T09:52:33","modified_gmt":"2026-02-26T08:52:33","slug":"pomaturitni-studium","status":"publish","type":"page","link":"https:\/\/londoninstitute.cz\/en\/pomaturitni-studium\/","title":{"rendered":"Post-secondary study"},"content":{"rendered":"\n<p>Do you want to have fun while learning to communicate confidently in English? A one-year post-secondary English programme in Prague will prepare you for the next steps in your career through intensive and regular English instruction. <strong>The post-secondary English<\/strong> programme with London Institute Praha is intended for students from intermediate level up to level C1.<\/p>\n\n<ul class=\"wp-block-list\">\n<li><strong>experienced and dynamic<\/strong> team of teachers<\/li>\n\n\n\n<li><strong>student status<\/strong> with all its benefits and responsibilities<\/li>\n\n\n\n<li>maximum of <strong>14 students<\/strong> in a group<\/li>\n\n\n\n<li>regular <strong>morning classes 9:00 12:15<\/strong> (Mon Fri)<\/li>\n\n\n\n<li><strong>opportunity for a free one-week study stay at a partner school in London!!!<\/strong><\/li>\n\n\n\n<li>possibility to complete the programme with Cambridge exams <strong>FCE, CAE<\/strong><\/li>\n<\/ul>\n\n<p><strong><a href=\"http:\/\/www.londoninstitute.cz\/testy\/test\">Take the online placement test here.<\/a><\/strong><\/p>\n\n<p><strong>The annual tuition fee is CZK 32,900.<\/strong><\/p>\n\n<figure class=\"wp-block-table\"><table class=\"has-fixed-layout\"><tbody><tr><td><strong>INTERMEDIATE <\/strong><\/td><td><strong> Intermediate level<\/strong><\/td><td><strong>  15.09.2025- 12.06.2026<\/strong><\/td><\/tr><tr><td><strong>UPPER-INTERMEDIATE <\/strong><\/td><td><strong>Advanced B2<br\/><br\/><\/strong><\/td><td><strong>  15.09.2025- 12.06.2026<\/strong><\/td><\/tr><tr><td><strong>ADVANCED<\/strong><\/td><td><strong>Advanced C1<\/strong><\/td><td><strong>  15.09.2025- 12.06.2026<\/strong><\/td><\/tr><\/tbody><\/table><\/figure>\n\n<p><strong>We look forward to seeing you!!!<\/strong><\/p>\n\n<div class=\"wp-block-buttons is-layout-flex wp-block-buttons-is-layout-flex\">\n<div class=\"wp-block-button\"><a class=\"wp-block-button__link wp-element-button\" href=\"#terminy\">View the nearest dates<\/a><\/div>\n<\/div>\n<div class=\"not-prose mt-2rem lg:mt-[3.75rem] not-last:mb-[1.875rem] lg:not-last:mb-[2.375rem]\">\n    <div class=\"grid sm:grid-cols-2 gap-5\">\n                    <div class=\"flex items-start gap-[.625rem] px-[1.875rem] pt-6 pb-10 bg-gray-100 lg:min-h-[9.75rem] rounded-md\">\n            <p class=\"flex-1 text-xl text-purple-700\">Experienced and dynamic team of teachers.<\/p>\n    \n                    <img decoding=\"async\" src=\"https:\/\/londoninstitute.cz\/wp-content\/uploads\/2025\/09\/lektor.svg\" alt=\"\" loading=\"lazy\" width=\"24\" height=\"24\">\n    \n<\/div>                    <div class=\"flex items-start gap-[.625rem] px-[1.875rem] pt-6 pb-10 bg-gray-100 lg:min-h-[9.75rem] rounded-md\">\n            <p class=\"flex-1 text-xl text-purple-700\">Student status with all its benefits and responsibilities.<\/p>\n    \n                    <img decoding=\"async\" src=\"https:\/\/londoninstitute.cz\/wp-content\/uploads\/2025\/09\/student.svg\" alt=\"\" loading=\"lazy\" width=\"24\" height=\"24\">\n    \n<\/div>                    <div class=\"flex items-start gap-[.625rem] px-[1.875rem] pt-6 pb-10 bg-gray-100 lg:min-h-[9.75rem] rounded-md\">\n            <p class=\"flex-1 text-xl text-purple-700\">Maximum of 14 students in a group.<\/p>\n    \n                    <img decoding=\"async\" src=\"https:\/\/londoninstitute.cz\/wp-content\/uploads\/2025\/09\/skupina.svg\" alt=\"\" loading=\"lazy\" width=\"24\" height=\"24\">\n    \n<\/div>                    <div class=\"flex items-start gap-[.625rem] px-[1.875rem] pt-6 pb-10 bg-gray-100 lg:min-h-[9.75rem] rounded-md\">\n            <p class=\"flex-1 text-xl text-purple-700\">Regular morning classes 9:00 12:15 (Mon Fri).<\/p>\n    \n                    <img decoding=\"async\" src=\"https:\/\/londoninstitute.cz\/wp-content\/uploads\/2025\/09\/kalendar.svg\" alt=\"\" loading=\"lazy\" width=\"24\" height=\"24\">\n    \n<\/div>                    <div class=\"flex items-start gap-[.625rem] px-[1.875rem] pt-6 pb-10 bg-gray-100 lg:min-h-[9.75rem] rounded-md\">\n            <p class=\"flex-1 text-xl text-purple-700\">Opportunity for a free one-week study stay at a partner school in London.<\/p>\n    \n                    <img decoding=\"async\" src=\"https:\/\/londoninstitute.cz\/wp-content\/uploads\/2025\/09\/letadlo.svg\" alt=\"\" loading=\"lazy\" width=\"24\" height=\"24\">\n    \n<\/div>                    <div class=\"flex items-start gap-[.625rem] px-[1.875rem] pt-6 pb-10 bg-gray-100 lg:min-h-[9.75rem] rounded-md\">\n            <p class=\"flex-1 text-xl text-purple-700\">Possibility to complete the programme with Cambridge exams FCE, CAE.<\/p>\n    \n                    <img decoding=\"async\" src=\"https:\/\/londoninstitute.cz\/wp-content\/uploads\/2025\/09\/zkouska.svg\" alt=\"\" loading=\"lazy\" width=\"24\" height=\"24\">\n    \n<\/div>            <\/div>\n<\/div>\n<p>The annual tuition fee is CZK 32,900.<\/p>\n","protected":false},"excerpt":{"rendered":"<p>Do you want to have fun while learning to communicate confidently in English? A one-year post-secondary English programme in Prague will prepare you for the next steps in your career through intensive and regular English instruction. The post-secondary English programme with London Institute Praha is intended for students from intermediate level up to level C1. [&hellip;]<\/p>\n","protected":false},"author":1,"featured_media":0,"parent":0,"menu_order":0,"comment_status":"closed","ping_status":"closed","template":"","meta":{"_acf_changed":false,"inline_featured_image":false,"footnotes":""},"class_list":["post-839","page","type-page","status-publish","hentry"],"acf":[],"yoast_head":"<!-- This site is optimized with the Yoast SEO plugin v25.9 - https:\/\/yoast.com\/wordpress\/plugins\/seo\/ -->\n<title>Post-secondary study - London Institute<\/title>\n<meta name=\"robots\" content=\"noindex, follow, max-snippet:-1, max-image-preview:large, max-video-preview:-1\" \/>\n<meta property=\"og:locale\" content=\"en_US\" \/>\n<meta property=\"og:type\" content=\"article\" \/>\n<meta property=\"og:title\" content=\"Post-secondary study - London Institute\" \/>\n<meta property=\"og:description\" content=\"Do you want to have fun while learning to communicate confidently in English? A one-year post-secondary English programme in Prague will prepare you for the next steps in your career through intensive and regular English instruction. The post-secondary English programme with London Institute Praha is intended for students from intermediate level up to level C1. [&hellip;]\" \/>\n<meta property=\"og:url\" content=\"https:\/\/londoninstitute.cz\/en\/pomaturitni-studium\/\" \/>\n<meta property=\"og:site_name\" content=\"London Institute\" \/>\n<meta property=\"article:modified_time\" content=\"2026-02-26T08:52:33+00:00\" \/>\n<meta property=\"og:image\" content=\"https:\/\/londoninstitute.cz\/wp-content\/uploads\/2025\/09\/og-image-london.jpg\" \/>\n\t<meta property=\"og:image:width\" content=\"1200\" \/>\n\t<meta property=\"og:image:height\" content=\"630\" \/>\n\t<meta property=\"og:image:type\" content=\"image\/jpeg\" \/>\n<meta name=\"twitter:card\" content=\"summary_large_image\" \/>\n<meta name=\"twitter:label1\" content=\"Est. reading time\" \/>\n\t<meta name=\"twitter:data1\" content=\"1 minute\" \/>\n<script type=\"application\/ld+json\" class=\"yoast-schema-graph\">{\"@context\":\"https:\/\/schema.org\",\"@graph\":[{\"@type\":\"WebPage\",\"@id\":\"https:\/\/londoninstitute.cz\/en\/pomaturitni-studium\/\",\"url\":\"https:\/\/londoninstitute.cz\/en\/pomaturitni-studium\/\",\"name\":\"Post-secondary study - London Institute\",\"isPartOf\":{\"@id\":\"https:\/\/dev.londoninstitute.cz\/en\/#website\"},\"datePublished\":\"2025-09-02T10:19:58+00:00\",\"dateModified\":\"2026-02-26T08:52:33+00:00\",\"breadcrumb\":{\"@id\":\"https:\/\/londoninstitute.cz\/en\/pomaturitni-studium\/#breadcrumb\"},\"inLanguage\":\"en-US\",\"potentialAction\":[{\"@type\":\"ReadAction\",\"target\":[\"https:\/\/londoninstitute.cz\/en\/pomaturitni-studium\/\"]}]},{\"@type\":\"BreadcrumbList\",\"@id\":\"https:\/\/londoninstitute.cz\/en\/pomaturitni-studium\/#breadcrumb\",\"itemListElement\":[{\"@type\":\"ListItem\",\"position\":1,\"name\":\"Dom\u016f\",\"item\":\"https:\/\/dev.londoninstitute.cz\/en\/\"},{\"@type\":\"ListItem\",\"position\":2,\"name\":\"Post-secondary study\"}]},{\"@type\":\"WebSite\",\"@id\":\"https:\/\/dev.londoninstitute.cz\/en\/#website\",\"url\":\"https:\/\/dev.londoninstitute.cz\/en\/\",\"name\":\"London Institute\",\"description\":\"Jazykov\u00e1 \u0161kola, jazykov\u00e9 kurzy Praha\",\"potentialAction\":[{\"@type\":\"SearchAction\",\"target\":{\"@type\":\"EntryPoint\",\"urlTemplate\":\"https:\/\/dev.londoninstitute.cz\/en\/?s={search_term_string}\"},\"query-input\":{\"@type\":\"PropertyValueSpecification\",\"valueRequired\":true,\"valueName\":\"search_term_string\"}}],\"inLanguage\":\"en-US\"}]}<\/script>\n<!-- \/ Yoast SEO plugin. -->","yoast_head_json":{"title":"Post-secondary study - London Institute","robots":{"index":"noindex","follow":"follow","max-snippet":"max-snippet:-1","max-image-preview":"max-image-preview:large","max-video-preview":"max-video-preview:-1"},"og_locale":"en_US","og_type":"article","og_title":"Post-secondary study - London Institute","og_description":"Do you want to have fun while learning to communicate confidently in English? A one-year post-secondary English programme in Prague will prepare you for the next steps in your career through intensive and regular English instruction. The post-secondary English programme with London Institute Praha is intended for students from intermediate level up to level C1. [&hellip;]","og_url":"https:\/\/londoninstitute.cz\/en\/pomaturitni-studium\/","og_site_name":"London Institute","article_modified_time":"2026-02-26T08:52:33+00:00","og_image":[{"width":1200,"height":630,"url":"https:\/\/londoninstitute.cz\/wp-content\/uploads\/2025\/09\/og-image-london.jpg","type":"image\/jpeg"}],"twitter_card":"summary_large_image","twitter_misc":{"Est. reading time":"1 minute"},"schema":{"@context":"https:\/\/schema.org","@graph":[{"@type":"WebPage","@id":"https:\/\/londoninstitute.cz\/en\/pomaturitni-studium\/","url":"https:\/\/londoninstitute.cz\/en\/pomaturitni-studium\/","name":"Post-secondary study - London Institute","isPartOf":{"@id":"https:\/\/dev.londoninstitute.cz\/en\/#website"},"datePublished":"2025-09-02T10:19:58+00:00","dateModified":"2026-02-26T08:52:33+00:00","breadcrumb":{"@id":"https:\/\/londoninstitute.cz\/en\/pomaturitni-studium\/#breadcrumb"},"inLanguage":"en-US","potentialAction":[{"@type":"ReadAction","target":["https:\/\/londoninstitute.cz\/en\/pomaturitni-studium\/"]}]},{"@type":"BreadcrumbList","@id":"https:\/\/londoninstitute.cz\/en\/pomaturitni-studium\/#breadcrumb","itemListElement":[{"@type":"ListItem","position":1,"name":"Dom\u016f","item":"https:\/\/dev.londoninstitute.cz\/en\/"},{"@type":"ListItem","position":2,"name":"Post-secondary study"}]},{"@type":"WebSite","@id":"https:\/\/dev.londoninstitute.cz\/en\/#website","url":"https:\/\/dev.londoninstitute.cz\/en\/","name":"London Institute","description":"Jazykov\u00e1 \u0161kola, jazykov\u00e9 kurzy Praha","potentialAction":[{"@type":"SearchAction","target":{"@type":"EntryPoint","urlTemplate":"https:\/\/dev.londoninstitute.cz\/en\/?s={search_term_string}"},"query-input":{"@type":"PropertyValueSpecification","valueRequired":true,"valueName":"search_term_string"}}],"inLanguage":"en-US"}]}},"_links":{"self":[{"href":"https:\/\/londoninstitute.cz\/en\/wp-json\/wp\/v2\/pages\/839","targetHints":{"allow":["GET"]}}],"collection":[{"href":"https:\/\/londoninstitute.cz\/en\/wp-json\/wp\/v2\/pages"}],"about":[{"href":"https:\/\/londoninstitute.cz\/en\/wp-json\/wp\/v2\/types\/page"}],"author":[{"embeddable":true,"href":"https:\/\/londoninstitute.cz\/en\/wp-json\/wp\/v2\/users\/1"}],"replies":[{"embeddable":true,"href":"https:\/\/londoninstitute.cz\/en\/wp-json\/wp\/v2\/comments?post=839"}],"version-history":[{"count":11,"href":"https:\/\/londoninstitute.cz\/en\/wp-json\/wp\/v2\/pages\/839\/revisions"}],"predecessor-version":[{"id":1130,"href":"https:\/\/londoninstitute.cz\/en\/wp-json\/wp\/v2\/pages\/839\/revisions\/1130"}],"wp:attachment":[{"href":"https:\/\/londoninstitute.cz\/en\/wp-json\/wp\/v2\/media?parent=839"}],"curies":[{"name":"wp","href":"https:\/\/api.w.org\/{rel}","templated":true}]}}