{"id":832,"date":"2025-11-27T15:55:50","date_gmt":"2025-11-27T14:55:50","guid":{"rendered":"https:\/\/dev.londoninstitute.cz\/german-courses\/"},"modified":"2026-04-15T10:51:14","modified_gmt":"2026-04-15T08:51:14","slug":"german-courses","status":"publish","type":"page","link":"https:\/\/londoninstitute.cz\/en\/individual-lessons\/german-courses\/","title":{"rendered":"German Courses"},"content":{"rendered":"\n<p>Do you want to make maximum progress in your German studies in the shortest possible time? Are you busy and cannot attend regular courses? Do you not want to share your lessons with other people? Individual English lessons are right for you!<\/p>\n\n<p>We provide individual German lessons in our classrooms or in the premises and at the time that suits you best. A flexible schedule will allow you to combine studying German with your life rhythm. The method and focus of the lessons are consulted with the tutor, who will draw up the most suitable study plan based on your requirements.<\/p>\n\n<p>If you need to improve your German in the field you work in or just to better understand the language, the London Institute Prague school is able to provide you with individual German courses with a wide focus. This includes teaching German in areas such as marketing and management, travel and tourism, hospitality, communication, law and many others.<br\/><br\/><br\/>A lesson lasts 60 or 90 minutes.<br\/>The price is from 550 CZK.<\/p>\n\n<h4 class=\"wp-block-heading\">Go online<\/h4>\n\n<p>Connect from anywhere and study from the comfort of your home with online learning on Skype or Zoom platforms, which guarantee quality distance learning. All you need is a computer\\tablet\\phone with internet access. <\/p>\n\n<p>We offer online packages at discounted prices.  <\/p>\n\n<p><strong>Take the online entrance test <a href=\"https:\/\/dev.londoninstitute.cz\/online-test\/\">here<\/a><\/strong><\/p>\n","protected":false},"excerpt":{"rendered":"<p>Do you want to make maximum progress in your German studies in the shortest possible time? Are you busy and cannot attend regular courses? Do you not want to share your lessons with other people? Individual English lessons are right for you! We provide individual German lessons in our classrooms or in the premises and [&hellip;]<\/p>\n","protected":false},"author":1,"featured_media":0,"parent":1095,"menu_order":0,"comment_status":"closed","ping_status":"closed","template":"","meta":{"_acf_changed":false,"inline_featured_image":false,"footnotes":""},"class_list":["post-832","page","type-page","status-publish","hentry"],"acf":[],"yoast_head":"<!-- This site is optimized with the Yoast SEO plugin v27.4 - https:\/\/yoast.com\/product\/yoast-seo-wordpress\/ -->\n<title>German Courses - London Institute<\/title>\n<meta name=\"robots\" content=\"index, follow, max-snippet:-1, max-image-preview:large, max-video-preview:-1\" \/>\n<link rel=\"canonical\" href=\"https:\/\/londoninstitute.cz\/en\/individual-lessons\/german-courses\/\" \/>\n<meta property=\"og:locale\" content=\"en_US\" \/>\n<meta property=\"og:type\" content=\"article\" \/>\n<meta property=\"og:title\" content=\"German Courses - London Institute\" \/>\n<meta property=\"og:description\" content=\"Do you want to make maximum progress in your German studies in the shortest possible time? Are you busy and cannot attend regular courses? Do you not want to share your lessons with other people? Individual English lessons are right for you! We provide individual German lessons in our classrooms or in the premises and [&hellip;]\" \/>\n<meta property=\"og:url\" content=\"https:\/\/londoninstitute.cz\/en\/individual-lessons\/german-courses\/\" \/>\n<meta property=\"og:site_name\" content=\"London Institute\" \/>\n<meta property=\"article:modified_time\" content=\"2026-04-15T08:51:14+00:00\" \/>\n<meta property=\"og:image\" content=\"https:\/\/londoninstitute.cz\/wp-content\/uploads\/2025\/09\/og-image-london.jpg\" \/>\n\t<meta property=\"og:image:width\" content=\"1200\" \/>\n\t<meta property=\"og:image:height\" content=\"630\" \/>\n\t<meta property=\"og:image:type\" content=\"image\/jpeg\" \/>\n<meta name=\"twitter:card\" content=\"summary_large_image\" \/>\n<meta name=\"twitter:label1\" content=\"Est. reading time\" \/>\n\t<meta name=\"twitter:data1\" content=\"2 minutes\" \/>\n<script type=\"application\/ld+json\" class=\"yoast-schema-graph\">{\"@context\":\"https:\\\/\\\/schema.org\",\"@graph\":[{\"@type\":\"WebPage\",\"@id\":\"https:\\\/\\\/londoninstitute.cz\\\/en\\\/individual-lessons\\\/german-courses\\\/\",\"url\":\"https:\\\/\\\/londoninstitute.cz\\\/en\\\/individual-lessons\\\/german-courses\\\/\",\"name\":\"German Courses - London Institute\",\"isPartOf\":{\"@id\":\"https:\\\/\\\/londoninstitute.cz\\\/en\\\/#website\"},\"datePublished\":\"2025-11-27T14:55:50+00:00\",\"dateModified\":\"2026-04-15T08:51:14+00:00\",\"breadcrumb\":{\"@id\":\"https:\\\/\\\/londoninstitute.cz\\\/en\\\/individual-lessons\\\/german-courses\\\/#breadcrumb\"},\"inLanguage\":\"en-US\",\"potentialAction\":[{\"@type\":\"ReadAction\",\"target\":[\"https:\\\/\\\/londoninstitute.cz\\\/en\\\/individual-lessons\\\/german-courses\\\/\"]}]},{\"@type\":\"BreadcrumbList\",\"@id\":\"https:\\\/\\\/londoninstitute.cz\\\/en\\\/individual-lessons\\\/german-courses\\\/#breadcrumb\",\"itemListElement\":[{\"@type\":\"ListItem\",\"position\":1,\"name\":\"Dom\u016f\",\"item\":\"https:\\\/\\\/londoninstitute.cz\\\/en\\\/\"},{\"@type\":\"ListItem\",\"position\":2,\"name\":\"Individual Lessons\",\"item\":\"https:\\\/\\\/londoninstitute.cz\\\/en\\\/individual-lessons\\\/\"},{\"@type\":\"ListItem\",\"position\":3,\"name\":\"German Courses\"}]},{\"@type\":\"WebSite\",\"@id\":\"https:\\\/\\\/londoninstitute.cz\\\/en\\\/#website\",\"url\":\"https:\\\/\\\/londoninstitute.cz\\\/en\\\/\",\"name\":\"London Institute\",\"description\":\"Jazykov\u00e1 \u0161kola, jazykov\u00e9 kurzy Praha\",\"potentialAction\":[{\"@type\":\"SearchAction\",\"target\":{\"@type\":\"EntryPoint\",\"urlTemplate\":\"https:\\\/\\\/londoninstitute.cz\\\/en\\\/?s={search_term_string}\"},\"query-input\":{\"@type\":\"PropertyValueSpecification\",\"valueRequired\":true,\"valueName\":\"search_term_string\"}}],\"inLanguage\":\"en-US\"}]}<\/script>\n<!-- \/ Yoast SEO plugin. -->","yoast_head_json":{"title":"German Courses - London Institute","robots":{"index":"index","follow":"follow","max-snippet":"max-snippet:-1","max-image-preview":"max-image-preview:large","max-video-preview":"max-video-preview:-1"},"canonical":"https:\/\/londoninstitute.cz\/en\/individual-lessons\/german-courses\/","og_locale":"en_US","og_type":"article","og_title":"German Courses - London Institute","og_description":"Do you want to make maximum progress in your German studies in the shortest possible time? Are you busy and cannot attend regular courses? Do you not want to share your lessons with other people? Individual English lessons are right for you! We provide individual German lessons in our classrooms or in the premises and [&hellip;]","og_url":"https:\/\/londoninstitute.cz\/en\/individual-lessons\/german-courses\/","og_site_name":"London Institute","article_modified_time":"2026-04-15T08:51:14+00:00","og_image":[{"width":1200,"height":630,"url":"https:\/\/londoninstitute.cz\/wp-content\/uploads\/2025\/09\/og-image-london.jpg","type":"image\/jpeg"}],"twitter_card":"summary_large_image","twitter_misc":{"Est. reading time":"2 minutes"},"schema":{"@context":"https:\/\/schema.org","@graph":[{"@type":"WebPage","@id":"https:\/\/londoninstitute.cz\/en\/individual-lessons\/german-courses\/","url":"https:\/\/londoninstitute.cz\/en\/individual-lessons\/german-courses\/","name":"German Courses - London Institute","isPartOf":{"@id":"https:\/\/londoninstitute.cz\/en\/#website"},"datePublished":"2025-11-27T14:55:50+00:00","dateModified":"2026-04-15T08:51:14+00:00","breadcrumb":{"@id":"https:\/\/londoninstitute.cz\/en\/individual-lessons\/german-courses\/#breadcrumb"},"inLanguage":"en-US","potentialAction":[{"@type":"ReadAction","target":["https:\/\/londoninstitute.cz\/en\/individual-lessons\/german-courses\/"]}]},{"@type":"BreadcrumbList","@id":"https:\/\/londoninstitute.cz\/en\/individual-lessons\/german-courses\/#breadcrumb","itemListElement":[{"@type":"ListItem","position":1,"name":"Dom\u016f","item":"https:\/\/londoninstitute.cz\/en\/"},{"@type":"ListItem","position":2,"name":"Individual Lessons","item":"https:\/\/londoninstitute.cz\/en\/individual-lessons\/"},{"@type":"ListItem","position":3,"name":"German Courses"}]},{"@type":"WebSite","@id":"https:\/\/londoninstitute.cz\/en\/#website","url":"https:\/\/londoninstitute.cz\/en\/","name":"London Institute","description":"Jazykov\u00e1 \u0161kola, jazykov\u00e9 kurzy Praha","potentialAction":[{"@type":"SearchAction","target":{"@type":"EntryPoint","urlTemplate":"https:\/\/londoninstitute.cz\/en\/?s={search_term_string}"},"query-input":{"@type":"PropertyValueSpecification","valueRequired":true,"valueName":"search_term_string"}}],"inLanguage":"en-US"}]}},"_links":{"self":[{"href":"https:\/\/londoninstitute.cz\/en\/wp-json\/wp\/v2\/pages\/832","targetHints":{"allow":["GET"]}}],"collection":[{"href":"https:\/\/londoninstitute.cz\/en\/wp-json\/wp\/v2\/pages"}],"about":[{"href":"https:\/\/londoninstitute.cz\/en\/wp-json\/wp\/v2\/types\/page"}],"author":[{"embeddable":true,"href":"https:\/\/londoninstitute.cz\/en\/wp-json\/wp\/v2\/users\/1"}],"replies":[{"embeddable":true,"href":"https:\/\/londoninstitute.cz\/en\/wp-json\/wp\/v2\/comments?post=832"}],"version-history":[{"count":5,"href":"https:\/\/londoninstitute.cz\/en\/wp-json\/wp\/v2\/pages\/832\/revisions"}],"predecessor-version":[{"id":1509,"href":"https:\/\/londoninstitute.cz\/en\/wp-json\/wp\/v2\/pages\/832\/revisions\/1509"}],"up":[{"embeddable":true,"href":"https:\/\/londoninstitute.cz\/en\/wp-json\/wp\/v2\/pages\/1095"}],"wp:attachment":[{"href":"https:\/\/londoninstitute.cz\/en\/wp-json\/wp\/v2\/media?parent=832"}],"curies":[{"name":"wp","href":"https:\/\/api.w.org\/{rel}","templated":true}]}}