{"id":812,"date":"2025-09-05T08:44:03","date_gmt":"2025-09-05T06:44:03","guid":{"rendered":"https:\/\/dev.londoninstitute.cz\/home\/"},"modified":"2026-04-21T15:01:43","modified_gmt":"2026-04-21T13:01:43","slug":"hlavni-stranka","status":"publish","type":"page","link":"https:\/\/londoninstitute.cz\/en\/","title":{"rendered":"Hlavn\u00ed str\u00e1nka"},"content":{"rendered":"","protected":false},"excerpt":{"rendered":"","protected":false},"author":1,"featured_media":0,"parent":0,"menu_order":0,"comment_status":"closed","ping_status":"closed","template":"","meta":{"_acf_changed":false,"inline_featured_image":false,"footnotes":""},"class_list":["post-812","page","type-page","status-publish","hentry"],"acf":[],"yoast_head":"<!-- This site is optimized with the Yoast SEO plugin v27.4 - https:\/\/yoast.com\/product\/yoast-seo-wordpress\/ -->\n<title>Jazykov\u00e1 \u0161kola, jazykov\u00e9 kurzy Praha - London Institute<\/title>\n<meta name=\"description\" content=\"Jazykov\u00e1 \u0161kola, jazykov\u00e9 kurzy London Institute Praha v centru Prahy. Nab\u00edz\u00edme jazykov\u00e9 kurzy, firemn\u00ed jazykov\u00e9 kurzy a zahrani\u010dn\u00ed jazykov\u00e9 pobyty a studium\" \/>\n<meta name=\"robots\" content=\"index, follow, max-snippet:-1, max-image-preview:large, max-video-preview:-1\" \/>\n<link rel=\"canonical\" href=\"https:\/\/londoninstitute.cz\/en\/\" \/>\n<meta property=\"og:locale\" content=\"en_US\" \/>\n<meta property=\"og:type\" content=\"article\" \/>\n<meta property=\"og:title\" content=\"Jazykov\u00e1 \u0161kola, jazykov\u00e9 kurzy Praha - London Institute\" \/>\n<meta property=\"og:description\" content=\"Jazykov\u00e1 \u0161kola, jazykov\u00e9 kurzy London Institute Praha v centru Prahy. Nab\u00edz\u00edme jazykov\u00e9 kurzy, firemn\u00ed jazykov\u00e9 kurzy a zahrani\u010dn\u00ed jazykov\u00e9 pobyty a studium\" \/>\n<meta property=\"og:url\" content=\"https:\/\/londoninstitute.cz\/en\/\" \/>\n<meta property=\"og:site_name\" content=\"London Institute\" \/>\n<meta property=\"article:modified_time\" content=\"2026-04-21T13:01:43+00:00\" \/>\n<meta property=\"og:image\" content=\"https:\/\/londoninstitute.cz\/wp-content\/uploads\/2025\/09\/og-image-london.jpg\" \/>\n\t<meta property=\"og:image:width\" content=\"1200\" \/>\n\t<meta property=\"og:image:height\" content=\"630\" \/>\n\t<meta property=\"og:image:type\" content=\"image\/jpeg\" \/>\n<meta name=\"twitter:card\" content=\"summary_large_image\" \/>\n<script type=\"application\/ld+json\" class=\"yoast-schema-graph\">{\"@context\":\"https:\\\/\\\/schema.org\",\"@graph\":[{\"@type\":\"WebPage\",\"@id\":\"https:\\\/\\\/londoninstitute.cz\\\/en\\\/\",\"url\":\"https:\\\/\\\/londoninstitute.cz\\\/en\\\/\",\"name\":\"Jazykov\u00e1 \u0161kola, jazykov\u00e9 kurzy Praha - London Institute\",\"isPartOf\":{\"@id\":\"https:\\\/\\\/londoninstitute.cz\\\/en\\\/#website\"},\"datePublished\":\"2025-09-05T06:44:03+00:00\",\"dateModified\":\"2026-04-21T13:01:43+00:00\",\"description\":\"Jazykov\u00e1 \u0161kola, jazykov\u00e9 kurzy London Institute Praha v centru Prahy. Nab\u00edz\u00edme jazykov\u00e9 kurzy, firemn\u00ed jazykov\u00e9 kurzy a zahrani\u010dn\u00ed jazykov\u00e9 pobyty a studium\",\"breadcrumb\":{\"@id\":\"https:\\\/\\\/londoninstitute.cz\\\/en\\\/#breadcrumb\"},\"inLanguage\":\"en-US\",\"potentialAction\":[{\"@type\":\"ReadAction\",\"target\":[\"https:\\\/\\\/londoninstitute.cz\\\/en\\\/\"]}]},{\"@type\":\"BreadcrumbList\",\"@id\":\"https:\\\/\\\/londoninstitute.cz\\\/en\\\/#breadcrumb\",\"itemListElement\":[{\"@type\":\"ListItem\",\"position\":1,\"name\":\"Dom\u016f\",\"item\":\"https:\\\/\\\/londoninstitute.cz\\\/en\\\/\"},{\"@type\":\"ListItem\",\"position\":2,\"name\":\"Hlavn\u00ed str\u00e1nka\"}]},{\"@type\":\"WebSite\",\"@id\":\"https:\\\/\\\/londoninstitute.cz\\\/en\\\/#website\",\"url\":\"https:\\\/\\\/londoninstitute.cz\\\/en\\\/\",\"name\":\"London Institute\",\"description\":\"Jazykov\u00e1 \u0161kola, jazykov\u00e9 kurzy Praha\",\"potentialAction\":[{\"@type\":\"SearchAction\",\"target\":{\"@type\":\"EntryPoint\",\"urlTemplate\":\"https:\\\/\\\/londoninstitute.cz\\\/en\\\/?s={search_term_string}\"},\"query-input\":{\"@type\":\"PropertyValueSpecification\",\"valueRequired\":true,\"valueName\":\"search_term_string\"}}],\"inLanguage\":\"en-US\"}]}<\/script>\n<!-- \/ Yoast SEO plugin. -->","yoast_head_json":{"title":"Jazykov\u00e1 \u0161kola, jazykov\u00e9 kurzy Praha - London Institute","description":"Jazykov\u00e1 \u0161kola, jazykov\u00e9 kurzy London Institute Praha v centru Prahy. Nab\u00edz\u00edme jazykov\u00e9 kurzy, firemn\u00ed jazykov\u00e9 kurzy a zahrani\u010dn\u00ed jazykov\u00e9 pobyty a studium","robots":{"index":"index","follow":"follow","max-snippet":"max-snippet:-1","max-image-preview":"max-image-preview:large","max-video-preview":"max-video-preview:-1"},"canonical":"https:\/\/londoninstitute.cz\/en\/","og_locale":"en_US","og_type":"article","og_title":"Jazykov\u00e1 \u0161kola, jazykov\u00e9 kurzy Praha - London Institute","og_description":"Jazykov\u00e1 \u0161kola, jazykov\u00e9 kurzy London Institute Praha v centru Prahy. Nab\u00edz\u00edme jazykov\u00e9 kurzy, firemn\u00ed jazykov\u00e9 kurzy a zahrani\u010dn\u00ed jazykov\u00e9 pobyty a studium","og_url":"https:\/\/londoninstitute.cz\/en\/","og_site_name":"London Institute","article_modified_time":"2026-04-21T13:01:43+00:00","og_image":[{"width":1200,"height":630,"url":"https:\/\/londoninstitute.cz\/wp-content\/uploads\/2025\/09\/og-image-london.jpg","type":"image\/jpeg"}],"twitter_card":"summary_large_image","schema":{"@context":"https:\/\/schema.org","@graph":[{"@type":"WebPage","@id":"https:\/\/londoninstitute.cz\/en\/","url":"https:\/\/londoninstitute.cz\/en\/","name":"Jazykov\u00e1 \u0161kola, jazykov\u00e9 kurzy Praha - London Institute","isPartOf":{"@id":"https:\/\/londoninstitute.cz\/en\/#website"},"datePublished":"2025-09-05T06:44:03+00:00","dateModified":"2026-04-21T13:01:43+00:00","description":"Jazykov\u00e1 \u0161kola, jazykov\u00e9 kurzy London Institute Praha v centru Prahy. Nab\u00edz\u00edme jazykov\u00e9 kurzy, firemn\u00ed jazykov\u00e9 kurzy a zahrani\u010dn\u00ed jazykov\u00e9 pobyty a studium","breadcrumb":{"@id":"https:\/\/londoninstitute.cz\/en\/#breadcrumb"},"inLanguage":"en-US","potentialAction":[{"@type":"ReadAction","target":["https:\/\/londoninstitute.cz\/en\/"]}]},{"@type":"BreadcrumbList","@id":"https:\/\/londoninstitute.cz\/en\/#breadcrumb","itemListElement":[{"@type":"ListItem","position":1,"name":"Dom\u016f","item":"https:\/\/londoninstitute.cz\/en\/"},{"@type":"ListItem","position":2,"name":"Hlavn\u00ed str\u00e1nka"}]},{"@type":"WebSite","@id":"https:\/\/londoninstitute.cz\/en\/#website","url":"https:\/\/londoninstitute.cz\/en\/","name":"London Institute","description":"Jazykov\u00e1 \u0161kola, jazykov\u00e9 kurzy Praha","potentialAction":[{"@type":"SearchAction","target":{"@type":"EntryPoint","urlTemplate":"https:\/\/londoninstitute.cz\/en\/?s={search_term_string}"},"query-input":{"@type":"PropertyValueSpecification","valueRequired":true,"valueName":"search_term_string"}}],"inLanguage":"en-US"}]}},"_links":{"self":[{"href":"https:\/\/londoninstitute.cz\/en\/wp-json\/wp\/v2\/pages\/812","targetHints":{"allow":["GET"]}}],"collection":[{"href":"https:\/\/londoninstitute.cz\/en\/wp-json\/wp\/v2\/pages"}],"about":[{"href":"https:\/\/londoninstitute.cz\/en\/wp-json\/wp\/v2\/types\/page"}],"author":[{"embeddable":true,"href":"https:\/\/londoninstitute.cz\/en\/wp-json\/wp\/v2\/users\/1"}],"replies":[{"embeddable":true,"href":"https:\/\/londoninstitute.cz\/en\/wp-json\/wp\/v2\/comments?post=812"}],"version-history":[{"count":21,"href":"https:\/\/londoninstitute.cz\/en\/wp-json\/wp\/v2\/pages\/812\/revisions"}],"predecessor-version":[{"id":1640,"href":"https:\/\/londoninstitute.cz\/en\/wp-json\/wp\/v2\/pages\/812\/revisions\/1640"}],"wp:attachment":[{"href":"https:\/\/londoninstitute.cz\/en\/wp-json\/wp\/v2\/media?parent=812"}],"curies":[{"name":"wp","href":"https:\/\/api.w.org\/{rel}","templated":true}]}}