{"id":810,"date":"2025-11-18T13:23:48","date_gmt":"2025-11-18T12:23:48","guid":{"rendered":"https:\/\/dev.londoninstitute.cz\/oxford\/"},"modified":"2026-02-20T13:23:00","modified_gmt":"2026-02-20T12:23:00","slug":"oxford","status":"publish","type":"page","link":"https:\/\/londoninstitute.cz\/en\/oxford\/","title":{"rendered":"Oxford"},"content":{"rendered":"\n<p><strong>CES \u2013 Centre of English Studies<\/strong><\/p>\n\n<p>The CES language school has been operating in Oxford since 1983. Since then, many students from all over the world have completed their studies here. The school specializes in small group teaching and individual courses, but currently also offers high-quality group courses at all language levels.  <\/p>\n\n<p><strong>Courses offered:<\/strong><\/p>\n\n<ul class=\"wp-block-list\">\n<li><strong>General English courses<\/strong> \u2013 20 lessons per week, a course focused on general English at all language levels<\/li>\n\n\n\n<li><strong>Intensive course \u2013 <\/strong>30 lessons per week, morning and afternoon English instruction<\/li>\n\n\n\n<li><strong>IELTS preparation courses<\/strong> \u2013 a 4-week preparation course for the international IELTS exam<\/li>\n\n\n\n<li><strong>Preparation courses for Cambridge exams PET, FCE, CAE, CPE <\/strong>\u2013 the school organizes preparation courses for Cambridge exams three times a year, with a duration of 9 or 12 weeks<\/li>\n\n\n\n<li><strong>English plus activities <\/strong>\u2013 English language instruction combined with various activities such as golf, horse riding, literature, art, and cultural influences<\/li>\n\n\n\n<li><strong>Business English <\/strong>\u2013 lessons primarily focused on topics such as meetings, negotiations, presentations, analysis, marketing, and other business matters<\/li>\n\n\n\n<li><strong>Individual instruction<\/strong> \u2013 &#8220;One-to-one&#8221; individual instruction can be booked as an alternative to group courses or on its own<\/li>\n<\/ul>\n\n<p><strong>Accommodation<\/strong>: homestays with single or multi-bed rooms, including breakfast, half board, or full board. Also available in hotels or nearby guesthouses. <\/p>\n","protected":false},"excerpt":{"rendered":"<p>CES \u2013 Centre of English Studies The CES language school has been operating in Oxford since 1983. Since then, many students from all over the world have completed their studies here. The school specializes in small group teaching and individual courses, but currently also offers high-quality group courses at all language levels. Courses offered: Accommodation: [&hellip;]<\/p>\n","protected":false},"author":1,"featured_media":0,"parent":0,"menu_order":0,"comment_status":"closed","ping_status":"closed","template":"","meta":{"_acf_changed":false,"inline_featured_image":false,"footnotes":""},"class_list":["post-810","page","type-page","status-publish","hentry"],"acf":[],"yoast_head":"<!-- This site is optimized with the Yoast SEO plugin v27.4 - https:\/\/yoast.com\/product\/yoast-seo-wordpress\/ -->\n<title>Oxford - London Institute<\/title>\n<meta name=\"robots\" content=\"index, follow, max-snippet:-1, max-image-preview:large, max-video-preview:-1\" \/>\n<link rel=\"canonical\" href=\"https:\/\/londoninstitute.cz\/en\/oxford\/\" \/>\n<meta property=\"og:locale\" content=\"en_US\" \/>\n<meta property=\"og:type\" content=\"article\" \/>\n<meta property=\"og:title\" content=\"Oxford - London Institute\" \/>\n<meta property=\"og:description\" content=\"CES \u2013 Centre of English Studies The CES language school has been operating in Oxford since 1983. Since then, many students from all over the world have completed their studies here. The school specializes in small group teaching and individual courses, but currently also offers high-quality group courses at all language levels. Courses offered: Accommodation: [&hellip;]\" \/>\n<meta property=\"og:url\" content=\"https:\/\/londoninstitute.cz\/en\/oxford\/\" \/>\n<meta property=\"og:site_name\" content=\"London Institute\" \/>\n<meta property=\"article:modified_time\" content=\"2026-02-20T12:23:00+00:00\" \/>\n<meta property=\"og:image\" content=\"https:\/\/londoninstitute.cz\/wp-content\/uploads\/2025\/09\/og-image-london.jpg\" \/>\n\t<meta property=\"og:image:width\" content=\"1200\" \/>\n\t<meta property=\"og:image:height\" content=\"630\" \/>\n\t<meta property=\"og:image:type\" content=\"image\/jpeg\" \/>\n<meta name=\"twitter:card\" content=\"summary_large_image\" \/>\n<meta name=\"twitter:label1\" content=\"Est. reading time\" \/>\n\t<meta name=\"twitter:data1\" content=\"1 minute\" \/>\n<script type=\"application\/ld+json\" class=\"yoast-schema-graph\">{\"@context\":\"https:\\\/\\\/schema.org\",\"@graph\":[{\"@type\":\"WebPage\",\"@id\":\"https:\\\/\\\/londoninstitute.cz\\\/en\\\/oxford\\\/\",\"url\":\"https:\\\/\\\/londoninstitute.cz\\\/en\\\/oxford\\\/\",\"name\":\"Oxford - London Institute\",\"isPartOf\":{\"@id\":\"https:\\\/\\\/londoninstitute.cz\\\/en\\\/#website\"},\"datePublished\":\"2025-11-18T12:23:48+00:00\",\"dateModified\":\"2026-02-20T12:23:00+00:00\",\"breadcrumb\":{\"@id\":\"https:\\\/\\\/londoninstitute.cz\\\/en\\\/oxford\\\/#breadcrumb\"},\"inLanguage\":\"en-US\",\"potentialAction\":[{\"@type\":\"ReadAction\",\"target\":[\"https:\\\/\\\/londoninstitute.cz\\\/en\\\/oxford\\\/\"]}]},{\"@type\":\"BreadcrumbList\",\"@id\":\"https:\\\/\\\/londoninstitute.cz\\\/en\\\/oxford\\\/#breadcrumb\",\"itemListElement\":[{\"@type\":\"ListItem\",\"position\":1,\"name\":\"Dom\u016f\",\"item\":\"https:\\\/\\\/londoninstitute.cz\\\/en\\\/\"},{\"@type\":\"ListItem\",\"position\":2,\"name\":\"Oxford\"}]},{\"@type\":\"WebSite\",\"@id\":\"https:\\\/\\\/londoninstitute.cz\\\/en\\\/#website\",\"url\":\"https:\\\/\\\/londoninstitute.cz\\\/en\\\/\",\"name\":\"London Institute\",\"description\":\"Jazykov\u00e1 \u0161kola, jazykov\u00e9 kurzy Praha\",\"potentialAction\":[{\"@type\":\"SearchAction\",\"target\":{\"@type\":\"EntryPoint\",\"urlTemplate\":\"https:\\\/\\\/londoninstitute.cz\\\/en\\\/?s={search_term_string}\"},\"query-input\":{\"@type\":\"PropertyValueSpecification\",\"valueRequired\":true,\"valueName\":\"search_term_string\"}}],\"inLanguage\":\"en-US\"}]}<\/script>\n<!-- \/ Yoast SEO plugin. -->","yoast_head_json":{"title":"Oxford - London Institute","robots":{"index":"index","follow":"follow","max-snippet":"max-snippet:-1","max-image-preview":"max-image-preview:large","max-video-preview":"max-video-preview:-1"},"canonical":"https:\/\/londoninstitute.cz\/en\/oxford\/","og_locale":"en_US","og_type":"article","og_title":"Oxford - London Institute","og_description":"CES \u2013 Centre of English Studies The CES language school has been operating in Oxford since 1983. Since then, many students from all over the world have completed their studies here. The school specializes in small group teaching and individual courses, but currently also offers high-quality group courses at all language levels. Courses offered: Accommodation: [&hellip;]","og_url":"https:\/\/londoninstitute.cz\/en\/oxford\/","og_site_name":"London Institute","article_modified_time":"2026-02-20T12:23:00+00:00","og_image":[{"width":1200,"height":630,"url":"https:\/\/londoninstitute.cz\/wp-content\/uploads\/2025\/09\/og-image-london.jpg","type":"image\/jpeg"}],"twitter_card":"summary_large_image","twitter_misc":{"Est. reading time":"1 minute"},"schema":{"@context":"https:\/\/schema.org","@graph":[{"@type":"WebPage","@id":"https:\/\/londoninstitute.cz\/en\/oxford\/","url":"https:\/\/londoninstitute.cz\/en\/oxford\/","name":"Oxford - London Institute","isPartOf":{"@id":"https:\/\/londoninstitute.cz\/en\/#website"},"datePublished":"2025-11-18T12:23:48+00:00","dateModified":"2026-02-20T12:23:00+00:00","breadcrumb":{"@id":"https:\/\/londoninstitute.cz\/en\/oxford\/#breadcrumb"},"inLanguage":"en-US","potentialAction":[{"@type":"ReadAction","target":["https:\/\/londoninstitute.cz\/en\/oxford\/"]}]},{"@type":"BreadcrumbList","@id":"https:\/\/londoninstitute.cz\/en\/oxford\/#breadcrumb","itemListElement":[{"@type":"ListItem","position":1,"name":"Dom\u016f","item":"https:\/\/londoninstitute.cz\/en\/"},{"@type":"ListItem","position":2,"name":"Oxford"}]},{"@type":"WebSite","@id":"https:\/\/londoninstitute.cz\/en\/#website","url":"https:\/\/londoninstitute.cz\/en\/","name":"London Institute","description":"Jazykov\u00e1 \u0161kola, jazykov\u00e9 kurzy Praha","potentialAction":[{"@type":"SearchAction","target":{"@type":"EntryPoint","urlTemplate":"https:\/\/londoninstitute.cz\/en\/?s={search_term_string}"},"query-input":{"@type":"PropertyValueSpecification","valueRequired":true,"valueName":"search_term_string"}}],"inLanguage":"en-US"}]}},"_links":{"self":[{"href":"https:\/\/londoninstitute.cz\/en\/wp-json\/wp\/v2\/pages\/810","targetHints":{"allow":["GET"]}}],"collection":[{"href":"https:\/\/londoninstitute.cz\/en\/wp-json\/wp\/v2\/pages"}],"about":[{"href":"https:\/\/londoninstitute.cz\/en\/wp-json\/wp\/v2\/types\/page"}],"author":[{"embeddable":true,"href":"https:\/\/londoninstitute.cz\/en\/wp-json\/wp\/v2\/users\/1"}],"replies":[{"embeddable":true,"href":"https:\/\/londoninstitute.cz\/en\/wp-json\/wp\/v2\/comments?post=810"}],"version-history":[{"count":1,"href":"https:\/\/londoninstitute.cz\/en\/wp-json\/wp\/v2\/pages\/810\/revisions"}],"predecessor-version":[{"id":811,"href":"https:\/\/londoninstitute.cz\/en\/wp-json\/wp\/v2\/pages\/810\/revisions\/811"}],"wp:attachment":[{"href":"https:\/\/londoninstitute.cz\/en\/wp-json\/wp\/v2\/media?parent=810"}],"curies":[{"name":"wp","href":"https:\/\/api.w.org\/{rel}","templated":true}]}}