{"id":1144,"date":"2025-11-18T09:20:57","date_gmt":"2025-11-18T08:20:57","guid":{"rendered":"https:\/\/dev.londoninstitute.cz\/international-students\/"},"modified":"2026-02-27T09:35:05","modified_gmt":"2026-02-27T08:35:05","slug":"international-students","status":"publish","type":"page","link":"https:\/\/londoninstitute.cz\/en\/international-students\/","title":{"rendered":"international students"},"content":{"rendered":"\n<p><strong>Intensive English for international students<\/strong><\/p>\n\n<p><strong>We are offering advantageous packages of intensive courses for international students.<\/strong><\/p>\n\n<p><strong>Intensive courses<\/strong><\/p>\n\n<p>Learning is at a maximum due to the short amount of time between each class, which insures the students do not have enough time to forget what he\/she has learned. As a result the teacher has the oportunity to build on what has been taught, therefore the students will acquire the language in a short time and feel confident when using English in everyday life. <\/p>\n\n<p>Before starting studying it is necessary to complete a placement test, which will help us to determine your English level. The maximum number of students in each available group is 12. London Institute`s teachers are experienced, with relevant qualifications and are native speakers. The classes take place every weekday from 9:00 am to 12:30 pm.   <\/p>\n\n<p><strong>Accomodation<\/strong><\/p>\n\n<p><strong>Shared accomodation<\/strong> is included in the price with a communal bathroom and kitchen. Our school is easily accessible from the mentioned accomodation. Clubs, fitness centres, restaurants and shops are all in close proximity.  <\/p>\n\n<p>Single rooms are also available for those wanting privacy for an extra fee.<\/p>\n\n<p><strong>Airport pick up is available for 400 CZK one way.<\/strong><\/p>\n\n<p><strong>The prices for an intensive course package includes:<\/strong><\/p>\n\n<p>&#8211; course fee, registration fee and shared accomodation<\/p>\n\n<figure class=\"wp-block-table\"><table class=\"has-fixed-layout\"><tbody><tr><td>1 week<\/td><td>6 400 CZK<\/td><\/tr><tr><td>2 weeks<\/td><td>9 550 CZK<\/td><\/tr><tr><td>3 weeks<\/td><td>12 500 CZK<\/td><\/tr><tr><td>4 weeks<\/td><td>15 900 CZK<\/td><\/tr><tr><td>5 weeks<\/td><td>18 900 CZK<\/td><\/tr><tr><td>6 weeks<\/td><td>21 900 CZK<\/td><\/tr><tr><td>7 weeks<\/td><td>24 900 CZK<\/td><\/tr><tr><td>8 weeks<\/td><td>28 000 CZK<\/td><\/tr><tr><td>9 weeks<\/td><td>30 900 CZK<\/td><\/tr><tr><td>10 weeks<\/td><td>33 800 CZK<\/td><\/tr><tr><td>10+ weeks<\/td><td>+ 2 500 CZK<\/td><\/tr><\/tbody><\/table><\/figure>\n","protected":false},"excerpt":{"rendered":"<p>Intensive English for international students We are offering advantageous packages of intensive courses for international students. Intensive courses Learning is at a maximum due to the short amount of time between each class, which insures the students do not have enough time to forget what he\/she has learned. As a result the teacher has the [&hellip;]<\/p>\n","protected":false},"author":1,"featured_media":0,"parent":0,"menu_order":0,"comment_status":"closed","ping_status":"closed","template":"","meta":{"_acf_changed":false,"inline_featured_image":false,"footnotes":""},"class_list":["post-1144","page","type-page","status-publish","hentry"],"acf":[],"yoast_head":"<!-- This site is optimized with the Yoast SEO plugin v25.9 - https:\/\/yoast.com\/wordpress\/plugins\/seo\/ -->\n<title>international students - London Institute<\/title>\n<meta name=\"robots\" content=\"noindex, follow, max-snippet:-1, max-image-preview:large, max-video-preview:-1\" \/>\n<meta property=\"og:locale\" content=\"en_US\" \/>\n<meta property=\"og:type\" content=\"article\" \/>\n<meta property=\"og:title\" content=\"international students - London Institute\" \/>\n<meta property=\"og:description\" content=\"Intensive English for international students We are offering advantageous packages of intensive courses for international students. Intensive courses Learning is at a maximum due to the short amount of time between each class, which insures the students do not have enough time to forget what he\/she has learned. As a result the teacher has the [&hellip;]\" \/>\n<meta property=\"og:url\" content=\"https:\/\/londoninstitute.cz\/en\/international-students\/\" \/>\n<meta property=\"og:site_name\" content=\"London Institute\" \/>\n<meta property=\"article:modified_time\" content=\"2026-02-27T08:35:05+00:00\" \/>\n<meta property=\"og:image\" content=\"https:\/\/londoninstitute.cz\/wp-content\/uploads\/2025\/09\/og-image-london.jpg\" \/>\n\t<meta property=\"og:image:width\" content=\"1200\" \/>\n\t<meta property=\"og:image:height\" content=\"630\" \/>\n\t<meta property=\"og:image:type\" content=\"image\/jpeg\" \/>\n<meta name=\"twitter:card\" content=\"summary_large_image\" \/>\n<meta name=\"twitter:label1\" content=\"Est. reading time\" \/>\n\t<meta name=\"twitter:data1\" content=\"2 minutes\" \/>\n<script type=\"application\/ld+json\" class=\"yoast-schema-graph\">{\"@context\":\"https:\/\/schema.org\",\"@graph\":[{\"@type\":\"WebPage\",\"@id\":\"https:\/\/londoninstitute.cz\/en\/international-students\/\",\"url\":\"https:\/\/londoninstitute.cz\/en\/international-students\/\",\"name\":\"international students - London Institute\",\"isPartOf\":{\"@id\":\"https:\/\/dev.londoninstitute.cz\/en\/#website\"},\"datePublished\":\"2025-11-18T08:20:57+00:00\",\"dateModified\":\"2026-02-27T08:35:05+00:00\",\"breadcrumb\":{\"@id\":\"https:\/\/londoninstitute.cz\/en\/international-students\/#breadcrumb\"},\"inLanguage\":\"en-US\",\"potentialAction\":[{\"@type\":\"ReadAction\",\"target\":[\"https:\/\/londoninstitute.cz\/en\/international-students\/\"]}]},{\"@type\":\"BreadcrumbList\",\"@id\":\"https:\/\/londoninstitute.cz\/en\/international-students\/#breadcrumb\",\"itemListElement\":[{\"@type\":\"ListItem\",\"position\":1,\"name\":\"Dom\u016f\",\"item\":\"https:\/\/dev.londoninstitute.cz\/en\/\"},{\"@type\":\"ListItem\",\"position\":2,\"name\":\"international students\"}]},{\"@type\":\"WebSite\",\"@id\":\"https:\/\/dev.londoninstitute.cz\/en\/#website\",\"url\":\"https:\/\/dev.londoninstitute.cz\/en\/\",\"name\":\"London Institute\",\"description\":\"Jazykov\u00e1 \u0161kola, jazykov\u00e9 kurzy Praha\",\"potentialAction\":[{\"@type\":\"SearchAction\",\"target\":{\"@type\":\"EntryPoint\",\"urlTemplate\":\"https:\/\/dev.londoninstitute.cz\/en\/?s={search_term_string}\"},\"query-input\":{\"@type\":\"PropertyValueSpecification\",\"valueRequired\":true,\"valueName\":\"search_term_string\"}}],\"inLanguage\":\"en-US\"}]}<\/script>\n<!-- \/ Yoast SEO plugin. -->","yoast_head_json":{"title":"international students - London Institute","robots":{"index":"noindex","follow":"follow","max-snippet":"max-snippet:-1","max-image-preview":"max-image-preview:large","max-video-preview":"max-video-preview:-1"},"og_locale":"en_US","og_type":"article","og_title":"international students - London Institute","og_description":"Intensive English for international students We are offering advantageous packages of intensive courses for international students. Intensive courses Learning is at a maximum due to the short amount of time between each class, which insures the students do not have enough time to forget what he\/she has learned. As a result the teacher has the [&hellip;]","og_url":"https:\/\/londoninstitute.cz\/en\/international-students\/","og_site_name":"London Institute","article_modified_time":"2026-02-27T08:35:05+00:00","og_image":[{"width":1200,"height":630,"url":"https:\/\/londoninstitute.cz\/wp-content\/uploads\/2025\/09\/og-image-london.jpg","type":"image\/jpeg"}],"twitter_card":"summary_large_image","twitter_misc":{"Est. reading time":"2 minutes"},"schema":{"@context":"https:\/\/schema.org","@graph":[{"@type":"WebPage","@id":"https:\/\/londoninstitute.cz\/en\/international-students\/","url":"https:\/\/londoninstitute.cz\/en\/international-students\/","name":"international students - London Institute","isPartOf":{"@id":"https:\/\/dev.londoninstitute.cz\/en\/#website"},"datePublished":"2025-11-18T08:20:57+00:00","dateModified":"2026-02-27T08:35:05+00:00","breadcrumb":{"@id":"https:\/\/londoninstitute.cz\/en\/international-students\/#breadcrumb"},"inLanguage":"en-US","potentialAction":[{"@type":"ReadAction","target":["https:\/\/londoninstitute.cz\/en\/international-students\/"]}]},{"@type":"BreadcrumbList","@id":"https:\/\/londoninstitute.cz\/en\/international-students\/#breadcrumb","itemListElement":[{"@type":"ListItem","position":1,"name":"Dom\u016f","item":"https:\/\/dev.londoninstitute.cz\/en\/"},{"@type":"ListItem","position":2,"name":"international students"}]},{"@type":"WebSite","@id":"https:\/\/dev.londoninstitute.cz\/en\/#website","url":"https:\/\/dev.londoninstitute.cz\/en\/","name":"London Institute","description":"Jazykov\u00e1 \u0161kola, jazykov\u00e9 kurzy Praha","potentialAction":[{"@type":"SearchAction","target":{"@type":"EntryPoint","urlTemplate":"https:\/\/dev.londoninstitute.cz\/en\/?s={search_term_string}"},"query-input":{"@type":"PropertyValueSpecification","valueRequired":true,"valueName":"search_term_string"}}],"inLanguage":"en-US"}]}},"_links":{"self":[{"href":"https:\/\/londoninstitute.cz\/en\/wp-json\/wp\/v2\/pages\/1144","targetHints":{"allow":["GET"]}}],"collection":[{"href":"https:\/\/londoninstitute.cz\/en\/wp-json\/wp\/v2\/pages"}],"about":[{"href":"https:\/\/londoninstitute.cz\/en\/wp-json\/wp\/v2\/types\/page"}],"author":[{"embeddable":true,"href":"https:\/\/londoninstitute.cz\/en\/wp-json\/wp\/v2\/users\/1"}],"replies":[{"embeddable":true,"href":"https:\/\/londoninstitute.cz\/en\/wp-json\/wp\/v2\/comments?post=1144"}],"version-history":[{"count":1,"href":"https:\/\/londoninstitute.cz\/en\/wp-json\/wp\/v2\/pages\/1144\/revisions"}],"predecessor-version":[{"id":1145,"href":"https:\/\/londoninstitute.cz\/en\/wp-json\/wp\/v2\/pages\/1144\/revisions\/1145"}],"wp:attachment":[{"href":"https:\/\/londoninstitute.cz\/en\/wp-json\/wp\/v2\/media?parent=1144"}],"curies":[{"name":"wp","href":"https:\/\/api.w.org\/{rel}","templated":true}]}}