{"id":1010,"date":"2025-09-02T14:26:13","date_gmt":"2025-09-02T12:26:13","guid":{"rendered":"https:\/\/dev.londoninstitute.cz\/english-courses\/standard-english-courses\/"},"modified":"2026-03-19T11:18:50","modified_gmt":"2026-03-19T10:18:50","slug":"standard-english-courses","status":"publish","type":"page","link":"https:\/\/londoninstitute.cz\/en\/english-courses\/standard-english-courses\/","title":{"rendered":"Standard English Courses"},"content":{"rendered":"\n<p>Standard English courses are based on a logical explanation of grammatical concepts, vocabulary expansion, pronunciation practice, and a personal approach from the teacher to both the lessons and the students. English courses are divided into several levels of difficulty (from beginners to advanced), and to determine your English level, we offer a <strong>placement test.<\/strong> A similar test is given to every student before being placed in a course. English courses at London Institute Praha are taught by qualified native speakers from the United Kingdom. <\/p>\n\n\n\n<p>At London Institute Praha,<strong> English courses <\/strong>are among the most important programmes we offer, which is why great emphasis is placed on the selection of textbooks and other study materials. In addition to textbooks, lessons include audio recordings, articles from international magazines, newspapers, and online resources. The most commonly used textbooks come from Cambridge University Press, Oxford University Press, Longman, and Penguin.  <\/p>\n\n\n\n<p>English courses take place once or twice a week, each session lasting 90 minutes. For students who cannot attend twice a week, it is possible to attend once-weekly classes. Any missed material is recommended to be supplemented through self-study. The minimum number of participants per class is 4, with a maximum of 12 students.   <\/p>\n\n\n\n<p>Reserve your place in the English courses via the form below or contact us in person.<\/p>\n\n\n\n<p><strong>Take the online placement test <a href=\"https:\/\/www.londoninstitute.cz\/testy\/test\">here.<\/a><\/strong><\/p>\n\n\n\n<p><strong>New Course Dates for Spring 2026<\/strong><\/p>\n\n\n\n<p><strong>Dates: 16.02.2026 03.06.2026<br><\/strong><\/p>\n\n\n\n<p><strong>Intermediate &#8211; B1<\/strong><\/p>\n\n\n\n<figure class=\"wp-block-table\"><table class=\"has-fixed-layout\"><tbody><tr><td>Day<\/td><td>Time<\/td><td>2x per week<\/td><td>1x per week<\/td><\/tr><tr><td>Monday &amp; Wednesday<\/td><td>18.00 &#8211; 19.30<\/td><td>CZK 8,400<\/td><td>CZK 4,900<\/td><\/tr><\/tbody><\/table><\/figure>\n\n\n\n<p><strong>Upper-Intermediate &#8211; B2<\/strong><\/p>\n\n\n\n<figure class=\"wp-block-table\"><table class=\"has-fixed-layout\"><tbody><tr><td>Day<\/td><td>Time<\/td><td>2x per week<\/td><td>1x per week<\/td><\/tr><tr><td>Monday &amp; Wednesday<\/td><td>18.00 &#8211; 19.30<\/td><td>CZK 8,400<\/td><td>CZK 4,900<\/td><\/tr><\/tbody><\/table><\/figure>\n","protected":false},"excerpt":{"rendered":"<p>Standard English courses are based on a logical explanation of grammatical concepts, vocabulary expansion, pronunciation practice, and a personal approach from the teacher to both the lessons and the students. English courses are divided into several levels of difficulty (from beginners to advanced), and to determine your English level, we offer a placement test. A [&hellip;]<\/p>\n","protected":false},"author":1,"featured_media":0,"parent":921,"menu_order":0,"comment_status":"closed","ping_status":"closed","template":"","meta":{"_acf_changed":false,"inline_featured_image":false,"footnotes":""},"class_list":["post-1010","page","type-page","status-publish","hentry"],"acf":[],"yoast_head":"<!-- This site is optimized with the Yoast SEO plugin v25.9 - https:\/\/yoast.com\/wordpress\/plugins\/seo\/ -->\n<title>Standard English Courses - London Institute<\/title>\n<meta name=\"robots\" content=\"noindex, follow, max-snippet:-1, max-image-preview:large, max-video-preview:-1\" \/>\n<meta property=\"og:locale\" content=\"en_US\" \/>\n<meta property=\"og:type\" content=\"article\" \/>\n<meta property=\"og:title\" content=\"Standard English Courses - London Institute\" \/>\n<meta property=\"og:description\" content=\"Standard English courses are based on a logical explanation of grammatical concepts, vocabulary expansion, pronunciation practice, and a personal approach from the teacher to both the lessons and the students. English courses are divided into several levels of difficulty (from beginners to advanced), and to determine your English level, we offer a placement test. A [&hellip;]\" \/>\n<meta property=\"og:url\" content=\"https:\/\/londoninstitute.cz\/en\/english-courses\/standard-english-courses\/\" \/>\n<meta property=\"og:site_name\" content=\"London Institute\" \/>\n<meta property=\"article:modified_time\" content=\"2026-03-19T10:18:50+00:00\" \/>\n<meta property=\"og:image\" content=\"https:\/\/londoninstitute.cz\/wp-content\/uploads\/2025\/09\/og-image-london.jpg\" \/>\n\t<meta property=\"og:image:width\" content=\"1200\" \/>\n\t<meta property=\"og:image:height\" content=\"630\" \/>\n\t<meta property=\"og:image:type\" content=\"image\/jpeg\" \/>\n<meta name=\"twitter:card\" content=\"summary_large_image\" \/>\n<meta name=\"twitter:label1\" content=\"Est. reading time\" \/>\n\t<meta name=\"twitter:data1\" content=\"2 minutes\" \/>\n<script type=\"application\/ld+json\" class=\"yoast-schema-graph\">{\"@context\":\"https:\/\/schema.org\",\"@graph\":[{\"@type\":\"WebPage\",\"@id\":\"https:\/\/londoninstitute.cz\/en\/english-courses\/standard-english-courses\/\",\"url\":\"https:\/\/londoninstitute.cz\/en\/english-courses\/standard-english-courses\/\",\"name\":\"Standard English Courses - London Institute\",\"isPartOf\":{\"@id\":\"https:\/\/dev.londoninstitute.cz\/en\/#website\"},\"datePublished\":\"2025-09-02T12:26:13+00:00\",\"dateModified\":\"2026-03-19T10:18:50+00:00\",\"breadcrumb\":{\"@id\":\"https:\/\/londoninstitute.cz\/en\/english-courses\/standard-english-courses\/#breadcrumb\"},\"inLanguage\":\"en-US\",\"potentialAction\":[{\"@type\":\"ReadAction\",\"target\":[\"https:\/\/londoninstitute.cz\/en\/english-courses\/standard-english-courses\/\"]}]},{\"@type\":\"BreadcrumbList\",\"@id\":\"https:\/\/londoninstitute.cz\/en\/english-courses\/standard-english-courses\/#breadcrumb\",\"itemListElement\":[{\"@type\":\"ListItem\",\"position\":1,\"name\":\"Dom\u016f\",\"item\":\"https:\/\/dev.londoninstitute.cz\/en\/\"},{\"@type\":\"ListItem\",\"position\":2,\"name\":\"English courses\",\"item\":\"https:\/\/dev.londoninstitute.cz\/en\/english-courses\/\"},{\"@type\":\"ListItem\",\"position\":3,\"name\":\"Standard English Courses\"}]},{\"@type\":\"WebSite\",\"@id\":\"https:\/\/dev.londoninstitute.cz\/en\/#website\",\"url\":\"https:\/\/dev.londoninstitute.cz\/en\/\",\"name\":\"London Institute\",\"description\":\"Jazykov\u00e1 \u0161kola, jazykov\u00e9 kurzy Praha\",\"potentialAction\":[{\"@type\":\"SearchAction\",\"target\":{\"@type\":\"EntryPoint\",\"urlTemplate\":\"https:\/\/dev.londoninstitute.cz\/en\/?s={search_term_string}\"},\"query-input\":{\"@type\":\"PropertyValueSpecification\",\"valueRequired\":true,\"valueName\":\"search_term_string\"}}],\"inLanguage\":\"en-US\"}]}<\/script>\n<!-- \/ Yoast SEO plugin. -->","yoast_head_json":{"title":"Standard English Courses - London Institute","robots":{"index":"noindex","follow":"follow","max-snippet":"max-snippet:-1","max-image-preview":"max-image-preview:large","max-video-preview":"max-video-preview:-1"},"og_locale":"en_US","og_type":"article","og_title":"Standard English Courses - London Institute","og_description":"Standard English courses are based on a logical explanation of grammatical concepts, vocabulary expansion, pronunciation practice, and a personal approach from the teacher to both the lessons and the students. English courses are divided into several levels of difficulty (from beginners to advanced), and to determine your English level, we offer a placement test. A [&hellip;]","og_url":"https:\/\/londoninstitute.cz\/en\/english-courses\/standard-english-courses\/","og_site_name":"London Institute","article_modified_time":"2026-03-19T10:18:50+00:00","og_image":[{"width":1200,"height":630,"url":"https:\/\/londoninstitute.cz\/wp-content\/uploads\/2025\/09\/og-image-london.jpg","type":"image\/jpeg"}],"twitter_card":"summary_large_image","twitter_misc":{"Est. reading time":"2 minutes"},"schema":{"@context":"https:\/\/schema.org","@graph":[{"@type":"WebPage","@id":"https:\/\/londoninstitute.cz\/en\/english-courses\/standard-english-courses\/","url":"https:\/\/londoninstitute.cz\/en\/english-courses\/standard-english-courses\/","name":"Standard English Courses - London Institute","isPartOf":{"@id":"https:\/\/dev.londoninstitute.cz\/en\/#website"},"datePublished":"2025-09-02T12:26:13+00:00","dateModified":"2026-03-19T10:18:50+00:00","breadcrumb":{"@id":"https:\/\/londoninstitute.cz\/en\/english-courses\/standard-english-courses\/#breadcrumb"},"inLanguage":"en-US","potentialAction":[{"@type":"ReadAction","target":["https:\/\/londoninstitute.cz\/en\/english-courses\/standard-english-courses\/"]}]},{"@type":"BreadcrumbList","@id":"https:\/\/londoninstitute.cz\/en\/english-courses\/standard-english-courses\/#breadcrumb","itemListElement":[{"@type":"ListItem","position":1,"name":"Dom\u016f","item":"https:\/\/dev.londoninstitute.cz\/en\/"},{"@type":"ListItem","position":2,"name":"English courses","item":"https:\/\/dev.londoninstitute.cz\/en\/english-courses\/"},{"@type":"ListItem","position":3,"name":"Standard English Courses"}]},{"@type":"WebSite","@id":"https:\/\/dev.londoninstitute.cz\/en\/#website","url":"https:\/\/dev.londoninstitute.cz\/en\/","name":"London Institute","description":"Jazykov\u00e1 \u0161kola, jazykov\u00e9 kurzy Praha","potentialAction":[{"@type":"SearchAction","target":{"@type":"EntryPoint","urlTemplate":"https:\/\/dev.londoninstitute.cz\/en\/?s={search_term_string}"},"query-input":{"@type":"PropertyValueSpecification","valueRequired":true,"valueName":"search_term_string"}}],"inLanguage":"en-US"}]}},"_links":{"self":[{"href":"https:\/\/londoninstitute.cz\/en\/wp-json\/wp\/v2\/pages\/1010","targetHints":{"allow":["GET"]}}],"collection":[{"href":"https:\/\/londoninstitute.cz\/en\/wp-json\/wp\/v2\/pages"}],"about":[{"href":"https:\/\/londoninstitute.cz\/en\/wp-json\/wp\/v2\/types\/page"}],"author":[{"embeddable":true,"href":"https:\/\/londoninstitute.cz\/en\/wp-json\/wp\/v2\/users\/1"}],"replies":[{"embeddable":true,"href":"https:\/\/londoninstitute.cz\/en\/wp-json\/wp\/v2\/comments?post=1010"}],"version-history":[{"count":9,"href":"https:\/\/londoninstitute.cz\/en\/wp-json\/wp\/v2\/pages\/1010\/revisions"}],"predecessor-version":[{"id":1442,"href":"https:\/\/londoninstitute.cz\/en\/wp-json\/wp\/v2\/pages\/1010\/revisions\/1442"}],"up":[{"embeddable":true,"href":"https:\/\/londoninstitute.cz\/en\/wp-json\/wp\/v2\/pages\/921"}],"wp:attachment":[{"href":"https:\/\/londoninstitute.cz\/en\/wp-json\/wp\/v2\/media?parent=1010"}],"curies":[{"name":"wp","href":"https:\/\/api.w.org\/{rel}","templated":true}]}}